{"id":102,"date":"2011-10-02T23:18:15","date_gmt":"2011-10-02T22:18:15","guid":{"rendered":"http:\/\/dharmasangh.fr\/?page_id=102"},"modified":"2019-04-06T18:52:44","modified_gmt":"2019-04-06T17:52:44","slug":"veneration-de-durga","status":"publish","type":"page","link":"https:\/\/dharmasangh.fr\/?page_id=102","title":{"rendered":"Durg\u00e2 &#8211; M\u00e8re divine"},"content":{"rendered":"<p><a href=\"http:\/\/dharmasangh.fr\/wp-content\/uploads\/2011\/10\/DURG\u1fb9-page-001.jpg\"><img loading=\"lazy\" decoding=\"async\" class=\"aligncenter wp-image-5595 size-full\" src=\"http:\/\/dharmasangh.fr\/wp-content\/uploads\/2011\/10\/DURG\u1fb9-page-001-e1554572844923.jpg\" alt=\"DURG\u1fb9-page-001\" width=\"1188\" height=\"1675\" srcset=\"https:\/\/dharmasangh.fr\/wp-content\/uploads\/2011\/10\/DURG\u1fb9-page-001-e1554572844923.jpg 1188w, https:\/\/dharmasangh.fr\/wp-content\/uploads\/2011\/10\/DURG\u1fb9-page-001-e1554572844923-212x300.jpg 212w, https:\/\/dharmasangh.fr\/wp-content\/uploads\/2011\/10\/DURG\u1fb9-page-001-e1554572844923-726x1024.jpg 726w\" sizes=\"auto, (max-width: 1188px) 100vw, 1188px\" \/><\/a><a href=\"http:\/\/dharmasangh.fr\/wp-content\/uploads\/2011\/10\/DURG\u1fb9-page-003.jpg\"><img loading=\"lazy\" decoding=\"async\" class=\"aligncenter wp-image-5597 \" src=\"http:\/\/dharmasangh.fr\/wp-content\/uploads\/2011\/10\/DURG\u1fb9-page-003-e1554572983846.jpg\" alt=\"DURG\u1fb9-page-003\" width=\"1352\" height=\"316\" \/><\/a><a href=\"http:\/\/dharmasangh.fr\/wp-content\/uploads\/2011\/10\/DURG\u1fb9-page-002.jpg\"><img loading=\"lazy\" decoding=\"async\" class=\"wp-image-5596 alignleft\" src=\"http:\/\/dharmasangh.fr\/wp-content\/uploads\/2011\/10\/DURG\u1fb9-page-002-e1554572880536.jpg\" alt=\"DURG\u1fb9-page-002\" width=\"1129\" height=\"1542\" srcset=\"https:\/\/dharmasangh.fr\/wp-content\/uploads\/2011\/10\/DURG\u1fb9-page-002-e1554572880536.jpg 1188w, https:\/\/dharmasangh.fr\/wp-content\/uploads\/2011\/10\/DURG\u1fb9-page-002-e1554572880536-219x300.jpg 219w, https:\/\/dharmasangh.fr\/wp-content\/uploads\/2011\/10\/DURG\u1fb9-page-002-e1554572880536-750x1024.jpg 750w\" sizes=\"auto, (max-width: 1129px) 100vw, 1129px\" \/><\/a><\/p>\n<p><a href=\"http:\/\/dharmasangh.fr\/wp-content\/uploads\/2011\/10\/DURG\u1fb9-page-003.jpg\"><img loading=\"lazy\" decoding=\"async\" class=\"wp-image-5600 alignnone\" src=\"http:\/\/dharmasangh.fr\/wp-content\/uploads\/2011\/10\/DURG\u1fb9-page-003.jpg\" alt=\"DURG\u1fb9-page-003\" width=\"1271\" height=\"1797\" srcset=\"https:\/\/dharmasangh.fr\/wp-content\/uploads\/2011\/10\/DURG\u1fb9-page-003.jpg 1240w, https:\/\/dharmasangh.fr\/wp-content\/uploads\/2011\/10\/DURG\u1fb9-page-003-212x300.jpg 212w\" sizes=\"auto, (max-width: 1271px) 100vw, 1271px\" \/><\/a><\/p>\n<p>&nbsp;<\/p>\n<p>&nbsp;<\/p>\n<p>Parus aux \u00e9ditions SHASTRI<br \/>\n<a title=\"livre Durg\u00e2 Up\u00e2san\u00e2\" href=\"http:\/\/www.librairieinde.com\/44557-durga-upasana-veneration-de-la-deesse-durga-tome-1\/product\">Durg\u00e2 Up\u00e2san\u00e2 Tome 1<\/a><br \/>\n<a title=\"Durga saptasati\" href=\"http:\/\/www.librairieinde.com\/167091-durga-saptasati-mahatmya-les-700-verstes-a-la-gloire-de-durga\">Durg\u00e2 Saptasati : les sept cents versets d\u00e9di\u00e9s \u00e0 Durg\u00e2 \u2013 Tome 2<\/a><\/p>\n<p>&nbsp;<\/p>\n","protected":false},"excerpt":{"rendered":"<p>&nbsp; &nbsp; Parus aux \u00e9ditions SHASTRI Durg\u00e2 Up\u00e2san\u00e2 Tome 1 Durg\u00e2 Saptasati : les sept cents versets d\u00e9di\u00e9s \u00e0 Durg\u00e2 \u2013 Tome 2 &nbsp;<\/p>\n","protected":false},"author":1,"featured_media":0,"parent":131,"menu_order":1,"comment_status":"open","ping_status":"open","template":"","meta":{"footnotes":""},"class_list":["post-102","page","type-page","status-publish","hentry"],"_links":{"self":[{"href":"https:\/\/dharmasangh.fr\/index.php?rest_route=\/wp\/v2\/pages\/102","targetHints":{"allow":["GET"]}}],"collection":[{"href":"https:\/\/dharmasangh.fr\/index.php?rest_route=\/wp\/v2\/pages"}],"about":[{"href":"https:\/\/dharmasangh.fr\/index.php?rest_route=\/wp\/v2\/types\/page"}],"author":[{"embeddable":true,"href":"https:\/\/dharmasangh.fr\/index.php?rest_route=\/wp\/v2\/users\/1"}],"replies":[{"embeddable":true,"href":"https:\/\/dharmasangh.fr\/index.php?rest_route=%2Fwp%2Fv2%2Fcomments&post=102"}],"version-history":[{"count":34,"href":"https:\/\/dharmasangh.fr\/index.php?rest_route=\/wp\/v2\/pages\/102\/revisions"}],"predecessor-version":[{"id":5601,"href":"https:\/\/dharmasangh.fr\/index.php?rest_route=\/wp\/v2\/pages\/102\/revisions\/5601"}],"up":[{"embeddable":true,"href":"https:\/\/dharmasangh.fr\/index.php?rest_route=\/wp\/v2\/pages\/131"}],"wp:attachment":[{"href":"https:\/\/dharmasangh.fr\/index.php?rest_route=%2Fwp%2Fv2%2Fmedia&parent=102"}],"curies":[{"name":"wp","href":"https:\/\/api.w.org\/{rel}","templated":true}]}}