{"id":1149,"date":"2013-07-02T18:45:19","date_gmt":"2013-07-02T17:45:19","guid":{"rendered":"http:\/\/dharmasangh.fr\/?page_id=1149"},"modified":"2015-10-19T12:03:58","modified_gmt":"2015-10-19T11:03:58","slug":"calisas","status":"publish","type":"page","link":"https:\/\/dharmasangh.fr\/?page_id=1149","title":{"rendered":"Calisas"},"content":{"rendered":"<p style=\"text-align: justify;\">Un<span style=\"color: #ff6600;\"> c\u00e2l\u00ees\u00e2<\/span> est une ode lyrique d&rsquo;environ quarante versets, compos\u00e9e en hindi, qui s&rsquo;adresse tout particuli\u00e8rement \u00e0 une divinit\u00e9. Elle en retrace succinctement les actions h\u00e9ro\u00efques et t\u00e9moigne de ses multiples qualit\u00e9s, de ses pouvoirs et de ses relations avec ses d\u00e9vots.<br \/>\nL&rsquo;<span style=\"color: #ff6600;\">\u00e2rat\u00ee<\/span> est l&rsquo;offrande du feu accomplie \u00e0 la fin de la <span style=\"color: #ff6600;\">p<\/span><span style=\"color: #ff6600;\">\u00fbj\u00e2<\/span>, rituel de purification et d&rsquo;adoration de la traditions hindoue c\u00e9l\u00e9br\u00e9 en l&rsquo;honneur d&rsquo;un dieu ou d&rsquo;une d\u00e9esse. C&rsquo;est un chant d&rsquo;hymnes, de louanges par lequel la lumi\u00e8re est l&rsquo;offrande faite au divin. Cette lumi\u00e8re est celle qui jaillit de l&rsquo;\u00e2me, du c\u0153ur et de l&rsquo;esprit quand ils se relient \u00e0 la divinit\u00e9 et qu&rsquo;elle est nourrie par le feu de la d\u00e9votion et de l&rsquo;humilit\u00e9 de celui qui c\u00e9l\u00e8bre l&rsquo;<span style=\"color: #ff6600;\">\u00e2rat\u00ee<\/span>.<br \/>\nEn Inde, r\u00e9citation du <span style=\"color: #ff6600;\">c\u00e2l\u00eesa<\/span> et la c\u00e9l\u00e9bration de<span style=\"color: #ff6600;\"> l&rsquo;\u00e2rat\u00ee<\/span> sont des composants essentiels de la pratique spirituelle. Ils sont chant\u00e9s \u00e0 l&rsquo;occasion des observances et de la c\u00e9l\u00e9bration des <span style=\"color: #ff6600;\">p\u00fbj\u00e2<\/span>. Ils sont de pr\u00e9cieux moyens pour purifier l&rsquo;esprit, entrer dans la concentration et la visualisation de la divinit\u00e9 et de formidables vecteurs d&rsquo;\u00e9nergie spirituelle. Au fil d&rsquo;une pratique assidue, le chant, la r\u00e9citation ou la m\u00e9ditation des versets qui les constituent permettent de t\u00e9moigner reconnaissance, amour et d\u00e9votion \u00e0 l&rsquo;<span style=\"color: #ff6600;\"> ishta deva<\/span>, le dieu ou la d\u00e9esse \u00e9lue et d&rsquo;entrer dans la voie paisible du bonheur.<\/p>\n<p style=\"text-align: justify;\">\n<p style=\"text-align: justify;\">\n<p style=\"text-align: justify;\">\n<p style=\"text-align: center;\">\u00a0Disponibles aux <span style=\"color: #993300;\"><a title=\"\u00e9ditions shastri\" href=\"http:\/\/editionsshastri.com\/\"><span style=\"color: #993300;\">\u00e9ditions SHASTRI<\/span><\/a><\/span><\/p>\n<p><a href=\"http:\/\/dharmasangh.fr\/wp-content\/uploads\/2013\/07\/pub-livret-chalisa.jpg\"><img loading=\"lazy\" decoding=\"async\" class=\"wp-image-2697 aligncenter\" src=\"http:\/\/dharmasangh.fr\/wp-content\/uploads\/2013\/07\/pub-livret-chalisa.jpg\" alt=\"pub livret chalisa\" width=\"617\" height=\"434\" srcset=\"https:\/\/dharmasangh.fr\/wp-content\/uploads\/2013\/07\/pub-livret-chalisa.jpg 2481w, https:\/\/dharmasangh.fr\/wp-content\/uploads\/2013\/07\/pub-livret-chalisa-300x211.jpg 300w, https:\/\/dharmasangh.fr\/wp-content\/uploads\/2013\/07\/pub-livret-chalisa-1024x721.jpg 1024w\" sizes=\"auto, (max-width: 617px) 100vw, 617px\" \/><\/a><\/p>\n","protected":false},"excerpt":{"rendered":"<p>Un c\u00e2l\u00ees\u00e2 est une ode lyrique d&rsquo;environ quarante versets, compos\u00e9e en hindi, qui s&rsquo;adresse tout particuli\u00e8rement \u00e0 une divinit\u00e9. Elle en retrace succinctement les actions h\u00e9ro\u00efques et t\u00e9moigne de ses multiples qualit\u00e9s, de ses pouvoirs et de ses relations avec ses d\u00e9vots. L&rsquo;\u00e2rat\u00ee est l&rsquo;offrande du feu accomplie \u00e0 la fin de la p\u00fbj\u00e2, rituel <a href=\"https:\/\/dharmasangh.fr\/?page_id=1149\">Continue reading &#8594;<\/a><\/p>\n","protected":false},"author":2,"featured_media":0,"parent":681,"menu_order":0,"comment_status":"closed","ping_status":"open","template":"","meta":{"footnotes":""},"class_list":["post-1149","page","type-page","status-publish","hentry"],"_links":{"self":[{"href":"https:\/\/dharmasangh.fr\/index.php?rest_route=\/wp\/v2\/pages\/1149","targetHints":{"allow":["GET"]}}],"collection":[{"href":"https:\/\/dharmasangh.fr\/index.php?rest_route=\/wp\/v2\/pages"}],"about":[{"href":"https:\/\/dharmasangh.fr\/index.php?rest_route=\/wp\/v2\/types\/page"}],"author":[{"embeddable":true,"href":"https:\/\/dharmasangh.fr\/index.php?rest_route=\/wp\/v2\/users\/2"}],"replies":[{"embeddable":true,"href":"https:\/\/dharmasangh.fr\/index.php?rest_route=%2Fwp%2Fv2%2Fcomments&post=1149"}],"version-history":[{"count":7,"href":"https:\/\/dharmasangh.fr\/index.php?rest_route=\/wp\/v2\/pages\/1149\/revisions"}],"predecessor-version":[{"id":3997,"href":"https:\/\/dharmasangh.fr\/index.php?rest_route=\/wp\/v2\/pages\/1149\/revisions\/3997"}],"up":[{"embeddable":true,"href":"https:\/\/dharmasangh.fr\/index.php?rest_route=\/wp\/v2\/pages\/681"}],"wp:attachment":[{"href":"https:\/\/dharmasangh.fr\/index.php?rest_route=%2Fwp%2Fv2%2Fmedia&parent=1149"}],"curies":[{"name":"wp","href":"https:\/\/api.w.org\/{rel}","templated":true}]}}