{"id":1165,"date":"2013-07-02T19:13:44","date_gmt":"2013-07-02T18:13:44","guid":{"rendered":"http:\/\/dharmasangh.fr\/?page_id=1165"},"modified":"2013-07-02T19:24:48","modified_gmt":"2013-07-02T18:24:48","slug":"yantras","status":"publish","type":"page","link":"https:\/\/dharmasangh.fr\/?page_id=1165","title":{"rendered":"Yantras"},"content":{"rendered":"<p>\n<a href=\"http:\/\/dharmasangh.fr\/wp-content\/uploads\/2013\/05\/yantra_turquese_roxo_m.gif\"><img loading=\"lazy\" decoding=\"async\" class=\"size-medium wp-image-791 aligncenter\" alt=\"yantra_turquese_roxo_m\" src=\"http:\/\/dharmasangh.fr\/wp-content\/uploads\/2013\/05\/yantra_turquese_roxo_m-300x300.gif\" width=\"300\" height=\"300\" srcset=\"https:\/\/dharmasangh.fr\/wp-content\/uploads\/2013\/05\/yantra_turquese_roxo_m-300x300.gif 300w, https:\/\/dharmasangh.fr\/wp-content\/uploads\/2013\/05\/yantra_turquese_roxo_m-150x150.gif 150w\" sizes=\"auto, (max-width: 300px) 100vw, 300px\" \/><\/a><br \/>\n<\/p>\n<p style=\"text-align: justify;\"><span style=\"color: #000000;\">Dans la tradition hindoue, les yantras sont employ\u00e9s dans les rituels pour la v\u00e9n\u00e9ration des divinit\u00e9s. Le yantra est la repr\u00e9sentation g\u00e9om\u00e9trique et\/ou num\u00e9rique de la forme d&rsquo;une divinit\u00e9. Il est utilis\u00e9 au m\u00eame titre qu&rsquo;une statue \u00ab\u00a0murt\u00ee\u00a0\u00bb d&rsquo;un dieu ou d&rsquo;une d\u00e9esse. On dit qu&rsquo;une image ou une statue est la fid\u00e8le repr\u00e9sentation de la forme ext\u00e9rieure de la divinit\u00e9 tandis que le yantra est sa forme int\u00e9rieure, sa vibration la plus subtile. Il conduit donc bien au-del\u00e0 de la simple vision de la divinit\u00e9 car il suscite naturellement la concentration et la m\u00e9ditation. On dit que le yantra est une fen\u00eatre ouverte sur l&rsquo;absolu car il \u00e9l\u00e8ve le niveau de conscience de son adorateur. Traditionnellement, le yantra est grav\u00e9 dans le m\u00e9tal: l&rsquo;or, le cuivre, l&rsquo;argent, le laiton ou un alliage de m\u00e9taux. Il est parfois dessin\u00e9 sur un parchemin appel\u00e9 Bhoja Patra \u00e0 l&rsquo;aide de la poudre de santal, peint sur diff\u00e9rents supports ou sur le sol avec des poudres color\u00e9es, du riz ou de la craie. Un yantra peut aussi inclure des lettres de l&rsquo;alphabet sanskrit, des chiffres et des dessins. Il existe autant de yantra que de dieux et chaque mantra correspond \u00e0 un yantra.<\/span><\/p>\n<p style=\"text-align: justify;\"><span style=\"color: #000000;\">Comment un yantra op\u00e8re-t-il?<\/span><\/p>\n<p style=\"text-align: justify;\"><span style=\"color: #000000;\">Le mot yantra signifie \u00ab\u00a0support\u00a0\u00bb, \u00ab\u00a0instrument\u00a0\u00bb. Un yantra est d\u00e9limit\u00e9 par une ligne ou un groupe de lignes qui constituent son p\u00e9rim\u00e8tre. Son corps est compos\u00e9 de formes g\u00e9om\u00e9triques qui rec\u00e8lent un profond symbolisme. Parmi les plus usit\u00e9s : le point, le triangle, le cercle, le carr\u00e9, les p\u00e9tales de lotus, la croix, des lignes et d&rsquo;autres encore forment sa structure. Chaque forme \u00e9met une fr\u00e9quence sp\u00e9cifique d&rsquo;\u00e9nergie harmonieuse et positive sur laquelle le mental entre automatiquement en r\u00e9sonance. Avec la pratique, le mental se connecte avec les \u00e9nergies \u00e9lev\u00e9es du macrocosme, et celles de la divinit\u00e9, les forces cr\u00e9atives de l&rsquo;univers dont le yantra est une subtile repr\u00e9sentation microscopique.<\/span><\/p>\n<p style=\"text-align: justify;\"><span style=\"color: #000000;\">Une des r\u00e8gles majeures d&rsquo;utilisation est l&rsquo;installation du \u00ab\u00a0souffle de vie\u00a0\u00bb. Cette pratique a lieu au cours d&rsquo;une p\u00fbj\u00e2, rituel o\u00f9 le brahmane b\u00e9nit le yantra en lui insufflant le pr\u00e2na, \u00ab\u00a0le souffle vital\u00a0\u00bb. C&rsquo;est ce que l&rsquo;on appelle la Pr\u00e2napratisht\u00e2. C&rsquo;est seulement apr\u00e8s cette \u00e9tape que le yantra est consid\u00e9r\u00e9 comme \u00e9tant charg\u00e9 d&rsquo;\u00e9nergie spirituelle. Il est alors possible de l&rsquo;utiliser comme support de pri\u00e8re et de m\u00e9ditation.<\/span><\/p>\n<p style=\"text-align: justify;\"><span style=\"color: #000000;\">Les bienfaits li\u00e9s \u00e0 la pratique et \u00e0 l&rsquo;utilisation du yantra sont innombrables. Sous la guidance d&rsquo;un guru, \u00ab\u00a0ma\u00eetre spirituel\u00a0\u00bb qui a la connaissance de cette pratique rituelle, on peut en obtenir de doux fruits. L&rsquo;influence b\u00e9n\u00e9fique d&rsquo;un yantra se fait sentir \u00e0 tous les niveaux de la vie. Il instaure la paix int\u00e9rieure et ram\u00e8ne la chance dans bon nombre de domaines (vie familiale, travail, sant\u00e9&#8230;). Pour cela, il est n\u00e9cessaire de combiner yantra (support), tantra (moyen) et mantra (vibrations-nada-son). En fonction des difficult\u00e9s que l&rsquo;on rencontre, cette association replace l&rsquo;\u00e9nergie de mani\u00e8re \u00e0 obtenir le r\u00e9sultat esp\u00e9r\u00e9.<\/span><\/p>\n<p>&nbsp;<\/p>\n<p style=\"text-align: center;\"><span style=\"color: #000000;\"><strong>Shr\u00ee Shr\u00ee Yantra le Yantra Roi<\/strong><\/span><\/p>\n<p style=\"text-align: center;\"><span style=\"color: #000000;\">Le plus b\u00e9n\u00e9fique et le plus puissant de tous les yantra. Toute personne qui le porte peut atteindre la paix et l&rsquo;harmonie, une solide sant\u00e9 et voir tous les obstacles de sa vie partir progressivement car ce yantra a la puissance de repousser toutes les limites.<\/span><\/p>\n<p style=\"text-align: center;\"><span style=\"color: #000000;\"><a href=\"http:\/\/dharmasangh.fr\/wp-content\/uploads\/2013\/05\/Sri-Yantra.jpg\"><span style=\"color: #000000;\"><img loading=\"lazy\" decoding=\"async\" alt=\"Sri-Yantra\" src=\"http:\/\/dharmasangh.fr\/wp-content\/uploads\/2013\/05\/Sri-Yantra-300x297.jpg\" width=\"300\" height=\"297\" \/><\/span><\/a><\/span><\/p>\n<p style=\"text-align: center;\"><span style=\"color: #000000;\"><strong>Mantra en Devanagari: \u00a0\u00bb Om Srim hrim klim hrim srimahalaksmyai namah <\/strong>\u00ab\u00a0<\/span><\/p>\n<p>&nbsp;<\/p>\n<p style=\"text-align: center;\"><span style=\"color: #000000;\"><strong>Sarasvat\u00ee Yantra: le yantra de la d\u00e9esse Sarasvat\u00ee<\/strong><\/span><\/p>\n<p style=\"text-align: center;\"><span style=\"color: #000000;\">Tous ceux qui souhaitent r\u00e9ussir dans leurs \u00e9tudes, enfants et \u00e9tudiants, parfaire un art: danse, musique&#8230; ou trouver l&rsquo;inspiration doivent porter ce beau yantra qui accorde toute forme de connaissance acquise par l&rsquo;effort.<\/span><\/p>\n<p style=\"text-align: center;\"><span style=\"color: #000000;\"><a href=\"http:\/\/dharmasangh.fr\/wp-content\/uploads\/2013\/05\/200.jpg\"><span style=\"color: #000000;\"><img loading=\"lazy\" decoding=\"async\" class=\"alignnone size-medium wp-image-767\" alt=\"200\" src=\"http:\/\/dharmasangh.fr\/wp-content\/uploads\/2013\/05\/200-294x300.jpg\" width=\"294\" height=\"300\" srcset=\"https:\/\/dharmasangh.fr\/wp-content\/uploads\/2013\/05\/200-294x300.jpg 294w, https:\/\/dharmasangh.fr\/wp-content\/uploads\/2013\/05\/200.jpg 450w\" sizes=\"auto, (max-width: 294px) 100vw, 294px\" \/><\/span><\/a><\/span><\/p>\n<p style=\"text-align: center;\"><span style=\"color: #000000;\">\u00a0\u00bb <strong>Om sarasvatyai namah <\/strong>\u00ab\u00a0<\/span><\/p>\n<p>&nbsp;<\/p>\n<p style=\"text-align: center;\"><span style=\"color: #000000;\"><strong>Bhairava Yantra: le yantra de Bhairava<\/strong><\/span><\/p>\n<p style=\"text-align: center;\"><span style=\"color: #000000;\">Incarnation du dieu Shiva, Bhairava est d\u00e9sign\u00e9 aussi sous le nom de Bhairon. Ce yantra aide \u00e0 se lib\u00e9rer de la col\u00e8re et \u00e0 se sortir d&rsquo;une situation bloqu\u00e9e, particuli\u00e8rement n\u00e9gative.<\/span><\/p>\n<p style=\"text-align: center;\"><span style=\"color: #000000;\"><a href=\"http:\/\/dharmasangh.fr\/wp-content\/uploads\/2013\/05\/ytp389.jpg\"><span style=\"color: #000000;\"><img loading=\"lazy\" decoding=\"async\" class=\"alignnone size-medium wp-image-770\" alt=\"ytp389\" src=\"http:\/\/dharmasangh.fr\/wp-content\/uploads\/2013\/05\/ytp389-300x300.jpg\" width=\"300\" height=\"300\" srcset=\"https:\/\/dharmasangh.fr\/wp-content\/uploads\/2013\/05\/ytp389-300x300.jpg 300w, https:\/\/dharmasangh.fr\/wp-content\/uploads\/2013\/05\/ytp389-150x150.jpg 150w, https:\/\/dharmasangh.fr\/wp-content\/uploads\/2013\/05\/ytp389.jpg 900w\" sizes=\"auto, (max-width: 300px) 100vw, 300px\" \/><\/span><\/a><\/span><\/p>\n<p style=\"text-align: center;\"><span style=\"color: #000000;\">\u00a0\u00bb <strong>Om batukaya apaddu dharanaya hrim kuru kuru batukaya hrim om svaha <\/strong>\u00ab\u00a0<\/span><\/p>\n<p style=\"text-align: center;\"><span style=\"color: #000000;\"><strong>Durg\u00e2 Yantra: le yantra de la d\u00e9esse Durg\u00e2<\/strong><\/span><\/p>\n<p style=\"text-align: center;\"><span style=\"color: #000000;\">Ce yantra permet de vaincre l&rsquo;illusion avec ses cons\u00e9quences n\u00e9fastes et de ma\u00eetriser ses craintes. Tr\u00e8s efficace contre les ennemis, int\u00e9rieurs et ext\u00e9rieurs, il r\u00e9\u00e9quilibre les \u00e9nergies n\u00e9gatives en soi.<\/span><\/p>\n<p style=\"text-align: center;\"><span style=\"color: #000000;\"><a href=\"http:\/\/dharmasangh.fr\/wp-content\/uploads\/2013\/05\/2744_durga-yantra.jpg\"><span style=\"color: #000000;\"><img loading=\"lazy\" decoding=\"async\" class=\"alignnone size-medium wp-image-772\" alt=\"2744_durga yantra\" src=\"http:\/\/dharmasangh.fr\/wp-content\/uploads\/2013\/05\/2744_durga-yantra-300x300.jpg\" width=\"300\" height=\"300\" srcset=\"https:\/\/dharmasangh.fr\/wp-content\/uploads\/2013\/05\/2744_durga-yantra-300x300.jpg 300w, https:\/\/dharmasangh.fr\/wp-content\/uploads\/2013\/05\/2744_durga-yantra-150x150.jpg 150w, https:\/\/dharmasangh.fr\/wp-content\/uploads\/2013\/05\/2744_durga-yantra.jpg 900w\" sizes=\"auto, (max-width: 300px) 100vw, 300px\" \/><\/span><\/a><\/span><\/p>\n<p style=\"text-align: center;\"><span style=\"color: #000000;\">\u00a0\u00bb <strong>Om aim hrim klim camundayai vicce <\/strong>\u00ab\u00a0<\/span><\/p>\n<p style=\"text-align: center;\"><span style=\"color: #000000;\"><strong>Hanuman Yantra: le yantra du dieu Han\u00fbman<\/strong><\/span><\/p>\n<p style=\"text-align: center;\"><span style=\"color: #000000;\">Ce yantra aide \u00e0 acqu\u00e9rir force et courage dans les entreprises et projets pr\u00e9sentant des obstacles impr\u00e9vus.<\/span><\/p>\n<p style=\"text-align: center;\"><span style=\"color: #000000;\"><a href=\"http:\/\/dharmasangh.fr\/wp-content\/uploads\/2013\/05\/RamaYantra6JayaHanuman46.jpg\"><span style=\"color: #000000;\"><img loading=\"lazy\" decoding=\"async\" class=\"alignnone size-medium wp-image-774\" alt=\"RamaYantra6JayaHanuman46\" src=\"http:\/\/dharmasangh.fr\/wp-content\/uploads\/2013\/05\/RamaYantra6JayaHanuman46-296x300.jpg\" width=\"296\" height=\"300\" srcset=\"https:\/\/dharmasangh.fr\/wp-content\/uploads\/2013\/05\/RamaYantra6JayaHanuman46-296x300.jpg 296w, https:\/\/dharmasangh.fr\/wp-content\/uploads\/2013\/05\/RamaYantra6JayaHanuman46.jpg 996w\" sizes=\"auto, (max-width: 296px) 100vw, 296px\" \/><\/span><\/a><\/span><\/p>\n<p style=\"text-align: center;\"><span style=\"color: #000000;\">\u00a0\u00bb <strong>Om sri hanumate namah <\/strong>\u00ab\u00a0<\/span><\/p>\n<p style=\"text-align: center;\"><span style=\"color: #000000;\"><strong>Gopal Yantra: le yantra de Krishna-Gopal<\/strong><\/span><\/p>\n<p style=\"text-align: center;\"><span style=\"color: #000000;\">Pour obtenir l&rsquo;amour, le mariage, de bonnes pens\u00e9es positives et \u00e9galement en cas de difficult\u00e9s pour avoir un enfant. D&rsquo;une mani\u00e8re g\u00e9n\u00e9rale, il est un puissant protecteur des enfants.<\/span><\/p>\n<p style=\"text-align: center;\"><span style=\"color: #000000;\"><span style=\"color: #000000;\"><a href=\"http:\/\/dharmasangh.fr\/wp-content\/uploads\/2013\/05\/shree-santan-gopal-yantra-250x250.jpg\"><img loading=\"lazy\" decoding=\"async\" class=\"alignnone size-full wp-image-776\" alt=\"shree-santan-gopal-yantra-250x250\" src=\"http:\/\/dharmasangh.fr\/wp-content\/uploads\/2013\/05\/shree-santan-gopal-yantra-250x250.jpg\" width=\"250\" height=\"250\" srcset=\"https:\/\/dharmasangh.fr\/wp-content\/uploads\/2013\/05\/shree-santan-gopal-yantra-250x250.jpg 250w, https:\/\/dharmasangh.fr\/wp-content\/uploads\/2013\/05\/shree-santan-gopal-yantra-250x250-150x150.jpg 150w\" sizes=\"auto, (max-width: 250px) 100vw, 250px\" \/><\/a><\/span><\/span><\/p>\n<p style=\"text-align: center;\"><span style=\"color: #000000;\">\u00a0\u00bb <strong>Om gopijana vallabhaya svaha <\/strong>\u00ab\u00a0<\/span><\/p>\n<p style=\"text-align: center;\"><span style=\"color: #000000;\"><strong> K\u00e2lsarp Yoga Yantra : le Yantra des nagas<\/strong><\/span><\/p>\n<p style=\"text-align: center;\"><span style=\"color: #000000;\">Utilis\u00e9 en astrologie, ce yantra permet de contrer les influences li\u00e9es \u00e0 la position n\u00e9gative des noeuds lunaires R\u00e2hu et Ketu d&rsquo;un th\u00e8me astrologique. Recommand\u00e9 pour le karma difficile.<\/span><\/p>\n<p style=\"text-align: center;\"><span style=\"color: #000000;\"><a href=\"http:\/\/dharmasangh.fr\/wp-content\/uploads\/2013\/05\/Kal-Sharp-yog-Yantra.14902722_std.jpg\"><span style=\"color: #000000;\"><img loading=\"lazy\" decoding=\"async\" class=\"alignnone size-medium wp-image-779\" alt=\"Kal-Sharp-yog-Yantra.14902722_std\" src=\"http:\/\/dharmasangh.fr\/wp-content\/uploads\/2013\/05\/Kal-Sharp-yog-Yantra.14902722_std-300x300.jpg\" width=\"300\" height=\"300\" srcset=\"https:\/\/dharmasangh.fr\/wp-content\/uploads\/2013\/05\/Kal-Sharp-yog-Yantra.14902722_std-300x300.jpg 300w, https:\/\/dharmasangh.fr\/wp-content\/uploads\/2013\/05\/Kal-Sharp-yog-Yantra.14902722_std-150x150.jpg 150w, https:\/\/dharmasangh.fr\/wp-content\/uploads\/2013\/05\/Kal-Sharp-yog-Yantra.14902722_std.jpg 500w\" sizes=\"auto, (max-width: 300px) 100vw, 300px\" \/><\/span><\/a><\/span><\/p>\n<p style=\"text-align: center;\"><span style=\"color: #000000;\">\u00a0\u00bb <strong>Om astika munaye namah <\/strong>\u00ab\u00a0<\/span><\/p>\n<p>&nbsp;<\/p>\n<p style=\"text-align: center;\"><span style=\"color: #000000;\"><strong>Narashimha Yantra: le yantra du dieu Narasimha \u00ab\u00a0mi-homme mi-lion\u00a0\u00bb\u00a0\u00bb<\/strong><\/span><\/p>\n<p style=\"text-align: center;\"><span style=\"color: #000000;\">Avatar de Vishnu, Narasimha \u00f4te les peurs et les angoisses de toutes sortes. Il est une puissante protection contre les d\u00e9rives du mental.<\/span><\/p>\n<p style=\"text-align: center;\"><span style=\"color: #000000;\"><a href=\"http:\/\/dharmasangh.fr\/wp-content\/uploads\/2013\/05\/narasimha-yantra-145g-15x15.jpg\"><span style=\"color: #000000;\"><img loading=\"lazy\" decoding=\"async\" class=\"alignnone size-medium wp-image-782\" alt=\"narasimha-yantra-145g-15x15\" src=\"http:\/\/dharmasangh.fr\/wp-content\/uploads\/2013\/05\/narasimha-yantra-145g-15x15-300x286.jpg\" width=\"300\" height=\"286\" srcset=\"https:\/\/dharmasangh.fr\/wp-content\/uploads\/2013\/05\/narasimha-yantra-145g-15x15-300x286.jpg 300w, https:\/\/dharmasangh.fr\/wp-content\/uploads\/2013\/05\/narasimha-yantra-145g-15x15.jpg 732w\" sizes=\"auto, (max-width: 300px) 100vw, 300px\" \/><\/span><\/a><\/span><\/p>\n<p style=\"text-align: center;\"><span style=\"color: #000000;\"><strong>\u00a0\u00bb Om nrsimha namah <\/strong>\u00ab\u00a0<\/span><\/p>\n<p>&nbsp;<\/p>\n<p style=\"text-align: center;\"><span style=\"color: #000000;\"><strong>K\u00e2l\u00ee Yantra: le Yantra de la d\u00e9esse K\u00e2l\u00ee<\/strong><\/span><\/p>\n<p style=\"text-align: center;\"><span style=\"color: #000000;\">La d\u00e9esse K\u00e2l\u00ee est une \u00e9nergie tr\u00e8s puissante . On peut pratiquement tout obtenir d&rsquo;elle \u00e0 condition d&rsquo;agir avec sagesse. Ce yantra lutte tr\u00e8s efficacement contre les grandes \u00e9nergies n\u00e9gatives et la magie noire. A la maison, il prot\u00e8ge des ennemis, aide \u00e0 lutter contre l&rsquo;alcoolisme et les maladies comme la tension et les troubles nerveux. D&rsquo;une mani\u00e8re g\u00e9n\u00e9rale, il accorde la victoire sur le c\u00f4t\u00e9 obscur des choses et des \u00eatres<\/span><\/p>\n<p style=\"text-align: center;\"><span style=\"color: #000000;\"><a href=\"http:\/\/dharmasangh.fr\/wp-content\/uploads\/2013\/05\/Kali_yantra_color.jpg\"><span style=\"color: #000000;\"><img loading=\"lazy\" decoding=\"async\" class=\"alignnone size-medium wp-image-785\" alt=\"Kali_yantra_color\" src=\"http:\/\/dharmasangh.fr\/wp-content\/uploads\/2013\/05\/Kali_yantra_color-300x291.jpg\" width=\"300\" height=\"291\" srcset=\"https:\/\/dharmasangh.fr\/wp-content\/uploads\/2013\/05\/Kali_yantra_color-300x291.jpg 300w, https:\/\/dharmasangh.fr\/wp-content\/uploads\/2013\/05\/Kali_yantra_color-1024x995.jpg 1024w, https:\/\/dharmasangh.fr\/wp-content\/uploads\/2013\/05\/Kali_yantra_color.jpg 1183w\" sizes=\"auto, (max-width: 300px) 100vw, 300px\" \/><\/span><\/a><\/span><\/p>\n<p style=\"text-align: center;\"><span style=\"color: #000000;\">\u00a0\u00bb <strong>Om krim kalikaya namah <\/strong>\u00ab\u00a0<\/span><\/p>\n<p>&nbsp;<\/p>\n<p style=\"text-align: center;\"><span style=\"color: #000000;\"><strong>Mah\u00e2 Vishnu Yantra : le yantra du dieu Vishnu<\/strong><\/span><\/p>\n<p style=\"text-align: center;\"><span style=\"color: #000000;\">La v\u00e9n\u00e9ration de ce yantra apporte la prosp\u00e9rit\u00e9 en g\u00e9n\u00e9ral et tout ce qui lui est li\u00e9. Il est b\u00e9n\u00e9fique de l&rsquo;associer \u00e0 celui de Lakshm\u00ee pour une bonne r\u00e9ussite dans les domaines du travail et de l&rsquo;argent. Il aide pour obtenir un pr\u00eat bancaire et rembourser ses dettes.<\/span><\/p>\n<p style=\"text-align: center;\"><span style=\"color: #000000;\"><a href=\"http:\/\/dharmasangh.fr\/wp-content\/uploads\/2013\/05\/ytp524.jpg\"><span style=\"color: #000000;\"><img loading=\"lazy\" decoding=\"async\" class=\"alignnone size-medium wp-image-787\" alt=\"ytp524\" src=\"http:\/\/dharmasangh.fr\/wp-content\/uploads\/2013\/05\/ytp524-298x300.jpg\" width=\"298\" height=\"300\" srcset=\"https:\/\/dharmasangh.fr\/wp-content\/uploads\/2013\/05\/ytp524-298x300.jpg 298w, https:\/\/dharmasangh.fr\/wp-content\/uploads\/2013\/05\/ytp524-150x150.jpg 150w, https:\/\/dharmasangh.fr\/wp-content\/uploads\/2013\/05\/ytp524.jpg 900w\" sizes=\"auto, (max-width: 298px) 100vw, 298px\" \/><\/span><\/a><\/span><\/p>\n<p style=\"text-align: center;\"><span style=\"color: #000000;\">\u00a0\u00bb <strong>Om namo bhagavate vasudevaya namah <\/strong>\u00ab\u00a0<\/span><\/p>\n<p>&nbsp;<\/p>\n<p style=\"text-align: center;\"><span style=\"color: #000000;\"><strong>Sr\u00ee Ganapati Yantra : le yantra de Ganesha<\/strong><\/span><\/p>\n<p style=\"text-align: center;\"><span style=\"color: #000000;\">Ce mantra agit sur tous les types d&rsquo;obstacles qui se pr\u00e9sentent dans la vie. Il peut accorder le confort, des enfants et la sant\u00e9. Il prot\u00e8ge du monde ext\u00e9rieur, la maison en g\u00e9n\u00e9ral, et accorde la connaissance.<\/span><\/p>\n<p style=\"text-align: center;\"><span style=\"color: #000000;\"><a href=\"http:\/\/dharmasangh.fr\/wp-content\/uploads\/2013\/05\/Tara.gif\"><span style=\"color: #000000;\"><img loading=\"lazy\" decoding=\"async\" alt=\"Tara\" src=\"http:\/\/dharmasangh.fr\/wp-content\/uploads\/2013\/05\/Tara-300x300.gif\" width=\"300\" height=\"300\" \/><\/span><\/a><\/span><\/p>\n<p style=\"text-align: center;\"><span style=\"color: #000000;\"><strong>\u00a0\u00bb Om gam ganapataye namah \u00ab\u00a0<\/strong><\/span><\/p>\n","protected":false},"excerpt":{"rendered":"<p>Dans la tradition hindoue, les yantras sont employ\u00e9s dans les rituels pour la v\u00e9n\u00e9ration des divinit\u00e9s. Le yantra est la repr\u00e9sentation g\u00e9om\u00e9trique et\/ou num\u00e9rique de la forme d&rsquo;une divinit\u00e9. Il est utilis\u00e9 au m\u00eame titre qu&rsquo;une statue \u00ab\u00a0murt\u00ee\u00a0\u00bb d&rsquo;un dieu ou d&rsquo;une d\u00e9esse. On dit qu&rsquo;une image ou une statue est la fid\u00e8le repr\u00e9sentation de <a href=\"https:\/\/dharmasangh.fr\/?page_id=1165\">Continue reading &#8594;<\/a><\/p>\n","protected":false},"author":2,"featured_media":0,"parent":681,"menu_order":0,"comment_status":"closed","ping_status":"open","template":"","meta":{"footnotes":""},"class_list":["post-1165","page","type-page","status-publish","hentry"],"_links":{"self":[{"href":"https:\/\/dharmasangh.fr\/index.php?rest_route=\/wp\/v2\/pages\/1165","targetHints":{"allow":["GET"]}}],"collection":[{"href":"https:\/\/dharmasangh.fr\/index.php?rest_route=\/wp\/v2\/pages"}],"about":[{"href":"https:\/\/dharmasangh.fr\/index.php?rest_route=\/wp\/v2\/types\/page"}],"author":[{"embeddable":true,"href":"https:\/\/dharmasangh.fr\/index.php?rest_route=\/wp\/v2\/users\/2"}],"replies":[{"embeddable":true,"href":"https:\/\/dharmasangh.fr\/index.php?rest_route=%2Fwp%2Fv2%2Fcomments&post=1165"}],"version-history":[{"count":10,"href":"https:\/\/dharmasangh.fr\/index.php?rest_route=\/wp\/v2\/pages\/1165\/revisions"}],"predecessor-version":[{"id":1175,"href":"https:\/\/dharmasangh.fr\/index.php?rest_route=\/wp\/v2\/pages\/1165\/revisions\/1175"}],"up":[{"embeddable":true,"href":"https:\/\/dharmasangh.fr\/index.php?rest_route=\/wp\/v2\/pages\/681"}],"wp:attachment":[{"href":"https:\/\/dharmasangh.fr\/index.php?rest_route=%2Fwp%2Fv2%2Fmedia&parent=1165"}],"curies":[{"name":"wp","href":"https:\/\/api.w.org\/{rel}","templated":true}]}}