{"id":131,"date":"2011-10-03T00:15:30","date_gmt":"2011-10-02T23:15:30","guid":{"rendered":"http:\/\/dharmasangh.fr\/?page_id=131"},"modified":"2013-10-28T08:52:58","modified_gmt":"2013-10-28T07:52:58","slug":"comment-pratiquer-pendant-les-navaratri","status":"publish","type":"page","link":"https:\/\/dharmasangh.fr\/?page_id=131","title":{"rendered":"Durg\u00e2"},"content":{"rendered":"<p>&nbsp;<\/p>\n<p>Durg\u00e2 &#8211; M\u00e8re Divine<br \/>\n108 noms de Durg\u00e2<br \/>\nMantras de Durg\u00e2<br \/>\n\u00c2rat\u00ee de Durg\u00e2<br \/>\nLa f\u00eate des Navaratr\u00ee<\/p>\n<p>&nbsp;<\/p>\n","protected":false},"excerpt":{"rendered":"<p>&nbsp; Durg\u00e2 &#8211; M\u00e8re Divine 108 noms de Durg\u00e2 Mantras de Durg\u00e2 \u00c2rat\u00ee de Durg\u00e2 La f\u00eate des Navaratr\u00ee &nbsp;<\/p>\n","protected":false},"author":1,"featured_media":0,"parent":1921,"menu_order":3,"comment_status":"open","ping_status":"open","template":"","meta":{"footnotes":""},"class_list":["post-131","page","type-page","status-publish","hentry"],"_links":{"self":[{"href":"https:\/\/dharmasangh.fr\/index.php?rest_route=\/wp\/v2\/pages\/131","targetHints":{"allow":["GET"]}}],"collection":[{"href":"https:\/\/dharmasangh.fr\/index.php?rest_route=\/wp\/v2\/pages"}],"about":[{"href":"https:\/\/dharmasangh.fr\/index.php?rest_route=\/wp\/v2\/types\/page"}],"author":[{"embeddable":true,"href":"https:\/\/dharmasangh.fr\/index.php?rest_route=\/wp\/v2\/users\/1"}],"replies":[{"embeddable":true,"href":"https:\/\/dharmasangh.fr\/index.php?rest_route=%2Fwp%2Fv2%2Fcomments&post=131"}],"version-history":[{"count":18,"href":"https:\/\/dharmasangh.fr\/index.php?rest_route=\/wp\/v2\/pages\/131\/revisions"}],"predecessor-version":[{"id":1391,"href":"https:\/\/dharmasangh.fr\/index.php?rest_route=\/wp\/v2\/pages\/131\/revisions\/1391"}],"up":[{"embeddable":true,"href":"https:\/\/dharmasangh.fr\/index.php?rest_route=\/wp\/v2\/pages\/1921"}],"wp:attachment":[{"href":"https:\/\/dharmasangh.fr\/index.php?rest_route=%2Fwp%2Fv2%2Fmedia&parent=131"}],"curies":[{"name":"wp","href":"https:\/\/api.w.org\/{rel}","templated":true}]}}