{"id":133,"date":"2011-10-03T00:15:42","date_gmt":"2011-10-02T23:15:42","guid":{"rendered":"http:\/\/dharmasangh.fr\/?page_id=133"},"modified":"2013-10-28T09:29:59","modified_gmt":"2013-10-28T08:29:59","slug":"les-prieres-de-durga","status":"publish","type":"page","link":"https:\/\/dharmasangh.fr\/?page_id=133","title":{"rendered":"Mantra &#8211; Durg\u00e2"},"content":{"rendered":"<p><span style=\"color: #993300;\"><strong><em>MANTRA DE DURG\u00c2<\/em><\/strong><\/span><\/p>\n<p style=\"text-align: justify;\">\u00a0Un mantra est une pri\u00e8re, un mot, une association de syllabes, une phrase sacr\u00e9e, qui contiennent toutes les vibrations sonores et \u00e9nerg\u00e9tiques de la divinit\u00e9. Pratiquer la r\u00e9p\u00e9tition d\u2019un mantra est en soi une formidable exp\u00e9rience\u00a0: celle de se relier avec l\u2019esprit divin et \u00e0 toutes les vibrations d\u2019\u00e9nergie et d\u2019amour qu\u2019il peut vous envoyer. Un <em>mantra <\/em>contient la\u00a0 forme et l&rsquo;\u00e9nergie de la d\u00e9it\u00e9 v\u00e9n\u00e9r\u00e9e et dont il est possible de se charger int\u00e9rieurement. Les <em>mantra <\/em>de la d\u00e9esse <em>Durg\u00e2<\/em><strong><\/strong> ci-dessous sont r\u00e9p\u00e9t\u00e9s \u00e0 voix haute, \u00e0 voix basse ou mentalement (int\u00e9rieurement) \u00e0 l\u2019occasion des <em>navaratr<\/em><em>\u00e3<\/em> pour la purification du lieu et la protection du r\u00e9citant.<\/p>\n<p>\u00a0<span style=\"color: #993300;\">OM \u00a0DUM \u2502<i><br \/>\n<\/i><\/span>\u00a0<i>Mantra racine de la d\u00e9esse qui contient en germe tous les autres. <\/i><\/p>\n<p><span style=\"color: #993300;\">OM HR\u00ceM DUM DURG\u00c2YAI NAMAHA \u2502<\/span><br \/>\n<i>Accorde la protection de la d\u00e9esse en toutes circonstances.<\/i><\/p>\n<p><span style=\"color: #993300;\">OM AIM HR\u00ceM KR\u00ceM CAMUNDAYAI VICCHE \u2502<\/span><br \/>\n<i>Mantra des neuf formes de la d\u00e9esse Durg\u00e2, particuli\u00e8rement puissant<br \/>\npour chasser les ennemis et mettre fin aux influences n\u00e9gatives. <\/i><\/p>\n<p><span style=\"color: #993300;\">\u00a0OM NAMAHA DURGE RAKSHANI SV\u00c2H\u00c2 \u2502<\/span><br \/>\n<i>Ce mantra accorde la victoire sur les ennemis, les litiges et les proc\u00e8s.<\/i><\/p>\n<p><strong>Durg\u00e2 G\u00e2yatr\u00ee\u00a0:<br \/>\n<\/strong><span style=\"color: #993300;\">OM GIRIJ\u00c2YAI VIDMAHE SIVA PRIY\u00c2YAI<\/span><br \/>\n<span style=\"color: #993300;\"> D\u00ceMAHI TANNO DURG\u00c2 PRACHODAY\u00c2T \u2502<\/span><br \/>\n<i>Apaise les souffrances et aide \u00e0 obtenir la r\u00e9ussite dans tous les domaines.<\/i><\/p>\n<p>&nbsp;<\/p>\n","protected":false},"excerpt":{"rendered":"<p>MANTRA DE DURG\u00c2 \u00a0Un mantra est une pri\u00e8re, un mot, une association de syllabes, une phrase sacr\u00e9e, qui contiennent toutes les vibrations sonores et \u00e9nerg\u00e9tiques de la divinit\u00e9. Pratiquer la r\u00e9p\u00e9tition d\u2019un mantra est en soi une formidable exp\u00e9rience\u00a0: celle de se relier avec l\u2019esprit divin et \u00e0 toutes les vibrations d\u2019\u00e9nergie et d\u2019amour qu\u2019il <a href=\"https:\/\/dharmasangh.fr\/?page_id=133\">Continue reading &#8594;<\/a><\/p>\n","protected":false},"author":1,"featured_media":0,"parent":131,"menu_order":2,"comment_status":"open","ping_status":"open","template":"","meta":{"footnotes":""},"class_list":["post-133","page","type-page","status-publish","hentry"],"_links":{"self":[{"href":"https:\/\/dharmasangh.fr\/index.php?rest_route=\/wp\/v2\/pages\/133","targetHints":{"allow":["GET"]}}],"collection":[{"href":"https:\/\/dharmasangh.fr\/index.php?rest_route=\/wp\/v2\/pages"}],"about":[{"href":"https:\/\/dharmasangh.fr\/index.php?rest_route=\/wp\/v2\/types\/page"}],"author":[{"embeddable":true,"href":"https:\/\/dharmasangh.fr\/index.php?rest_route=\/wp\/v2\/users\/1"}],"replies":[{"embeddable":true,"href":"https:\/\/dharmasangh.fr\/index.php?rest_route=%2Fwp%2Fv2%2Fcomments&post=133"}],"version-history":[{"count":18,"href":"https:\/\/dharmasangh.fr\/index.php?rest_route=\/wp\/v2\/pages\/133\/revisions"}],"predecessor-version":[{"id":143,"href":"https:\/\/dharmasangh.fr\/index.php?rest_route=\/wp\/v2\/pages\/133\/revisions\/143"}],"up":[{"embeddable":true,"href":"https:\/\/dharmasangh.fr\/index.php?rest_route=\/wp\/v2\/pages\/131"}],"wp:attachment":[{"href":"https:\/\/dharmasangh.fr\/index.php?rest_route=%2Fwp%2Fv2%2Fmedia&parent=133"}],"curies":[{"name":"wp","href":"https:\/\/api.w.org\/{rel}","templated":true}]}}