{"id":1471,"date":"2025-09-08T22:25:28","date_gmt":"2025-09-08T21:25:28","guid":{"rendered":"http:\/\/dharmasangh.fr\/?page_id=1471"},"modified":"2025-09-09T14:01:55","modified_gmt":"2025-09-09T13:01:55","slug":"pitri-paksha-periode-de-priere-dediee-aux-ancetres","status":"publish","type":"page","link":"https:\/\/dharmasangh.fr\/?page_id=1471","title":{"rendered":"PIT\u1e5a PAK\u1e62A &#8211; P\u00c9RIODE DES ANC\u00caTRES"},"content":{"rendered":"<div class=\"wp-block-image\">\n<figure class=\"aligncenter size-full is-resized\"><a href=\"https:\/\/dharmasangh.fr\/wp-content\/uploads\/2025\/09\/image-12.png\"><img loading=\"lazy\" decoding=\"async\" width=\"660\" height=\"589\" src=\"https:\/\/dharmasangh.fr\/wp-content\/uploads\/2025\/09\/image-12.png\" alt=\"\" class=\"wp-image-7788\" style=\"width:551px;height:auto\" srcset=\"https:\/\/dharmasangh.fr\/wp-content\/uploads\/2025\/09\/image-12.png 660w, https:\/\/dharmasangh.fr\/wp-content\/uploads\/2025\/09\/image-12-300x268.png 300w\" sizes=\"auto, (max-width: 660px) 100vw, 660px\" \/><\/a><\/figure><\/div>\n\n\n<p class=\"has-text-align-center\" style=\"font-size:19px\"><strong>Rites et pri\u00e8res pour les anc\u00eatres<\/strong><\/p>\n\n\n\n<p class=\"has-small-font-size\"><strong>Pit\u1e5b pak\u1e63a <\/strong>est une p\u00e9riode rituelle d\u00e9di\u00e9e aux anc\u00eatres, pendant laquelle sont c\u00e9l\u00e9br\u00e9s les rites appel\u00e9s \u015ar\u0101ddha et Tarpana. Ces pratiques, accomplies avec foi et sinc\u00e9rit\u00e9, effacent les fautes et lib\u00e8rent du cycle des renaissances. Elles constituent une marque de v\u00e9n\u00e9ration et de gratitude envers les membres d\u00e9funts de la famille et les anc\u00eatres lointains. <strong>Pit\u1e5b pak\u1e63a<\/strong> d\u00e9bute le jour de la pleine lune du mois de Bhadrapadha et se termine le dernier jour de la quinzaine sombre du mois de Asvina.<\/p>\n\n\n\n<p class=\"has-text-align-center\" style=\"font-size:19px\"><strong>\u015ar\u0101ddha <\/strong><strong>et Tarpana <\/strong><strong>: le culte des anc\u00eatres<\/strong><\/p>\n\n\n\n<p class=\"has-small-font-size\">Tous les actes accomplis avec foi et sinc\u00e9rit\u00e9 sont appel\u00e9s \u015ar\u0101ddha. La satisfaction du p\u00e8re et de la m\u00e8re pour l\u2019enfant est appel\u00e9e Tarpa, le mot sanskrit t\u1e5bpta signifiant <br>\u00ab satisfait \u00bb. \u015ar\u0101ddha et Tarpa expriment tous deux une id\u00e9e de v\u00e9n\u00e9ration et de profond respect \u00e0 l\u2019\u00e9gard des membres d\u00e9funts de la famille et des lointains anc\u00eatres. Dans les Veda, le \u015ar\u0101ddha est d\u00e9sign\u00e9 sous le terme de Pit\u1e5b yaj\u00f1a, le rituel des anc\u00eatres. Il existe diff\u00e9rents types de \u015ar\u0101ddha et celui d\u00e9di\u00e9 aux anc\u00eatres consiste en une p\u00e9riode de quinze jours durant laquelle pri\u00e8res, offrandes d\u2019eau et de nourriture leur sont offertes pour leur satisfaction et leur lib\u00e9ration.<\/p>\n\n\n\n<p class=\"has-small-font-size\">Il existe deux types de Tarpana :<br>&#8211; <a>Pit\u1e5b<\/a> tarpana : d\u00e9di\u00e9 aux anc\u00eatres de lign\u00e9e directe (parents, grands-parents, arri\u00e8re-grands-parents, mais aussi fr\u00e8res et s\u0153urs). \u2192 Il ne concerne pas les oncles, grands-oncles, tantes, grands-tantes ni leurs enfants.<br>&#8211; K\u0101ru\u1e47ya tarpana ou Tarpana de la compassion : d\u00e9di\u00e9 aux autres disparus (famille lointaine ou par alliance, amis et connaissances), mais aussi aux animaux (chiens, chats et autres animaux de compagnie), aux oiseaux, aux insectes et aux v\u00e9g\u00e9taux (arbres et plantes).<\/p>\n\n\n\n<p class=\"has-text-align-center\" style=\"font-size:19px\"><strong>Les dettes sacr\u00e9es et les rites aux anc\u00eatres<\/strong><\/p>\n\n\n\n<p class=\"has-text-align-left has-small-font-size\">Notre tradition enseigne que, pendant son incarnation terrestre, tout \u00eatre humain a le devoir de s\u2019acquitter de trois types de dettes, \u1e5a\u1e47a, contract\u00e9es dans cette vie et dans les vies ant\u00e9rieures envers :<br>&#8211; les dieux : Deva \u1e5a\u1e47a, par la d\u00e9votion et le sacrifice,<br>&#8211; les sages : \u1e5a\u1e63i \u1e5a\u1e47a, par l\u2019\u00e9tude des textes sacr\u00e9s et l\u2019application de leurs pr\u00e9ceptes pour sa propre vie,<br>&#8211; les anc\u00eatres : Pit\u1e5b \u1e5a\u1e47a, par l\u2019offrande de pri\u00e8res, d\u2019eau et de nourriture pendant les quinze jours qui leur sont consacr\u00e9s et les jours d\u2019am\u0101vasy\u0101.<br>La p\u00e9riode de Pit\u1e5b pak\u1e63a permet donc de se consacrer \u00e0 ceux qui nous ont pr\u00e9c\u00e9d\u00e9s par des pri\u00e8res, la r\u00e9citation de mantras et des offrandes d\u2019eau et de nourriture.<\/p>\n\n\n\n<p class=\"has-text-align-center\" style=\"font-size:19px\"><strong>Le Rituel<\/strong><\/p>\n\n\n\n<p class=\"has-small-font-size\">Le rituel se pratique au moment du sandhy\u0101 de midi, lorsque le soleil est \u00e0 son z\u00e9nith. En 2025, c&rsquo;est entre 11h30 et 12h30. Il peut \u00eatre accompli chez soi, ou au bord d\u2019une rivi\u00e8re, de la mer ou d\u2019une source sacr\u00e9e.<\/p>\n\n\n\n<h2 class=\"wp-block-heading\" style=\"font-size:16px\"><strong>Pr\u00e9paratifs n\u00e9cessaires&nbsp;:<\/strong><\/h2>\n\n\n\n<p class=\"has-small-font-size\">\u2022 <strong>Des brins d\u2019herbes ku\u015ba (\u0915\u0941\u0936)<br>\u2022 Une lampe de gh\u012b (\u0918\u0943\u0924)<br>\u2022 De l\u2019eau sacr\u00e9e (du Gange, d\u2019une rivi\u00e8re ou de source)<br>\u2022 Un \u0101sana (\u0906\u0938\u0928) naturel : tapis, si\u00e8ge ou coussin<br>\u2022 Un th\u0101l\u012b (\u0925\u093e\u0932\u093f) ou plateau en bois, cuivre ou laiton (jamais d\u2019inox)<br>\u2022 Un grand lota (\u0932\u094b\u091f\u093e) en cuivre, laiton ou bois pour contenir l\u2019eau (jamais d\u2019inox ou de ferraille)<br>\u2022 Des graines de s\u00e9same noir (pour les hommes) ou blanc (pour les femmes)<br>\u2022 Des brins d\u2019herbes ku\u015ba pour confectionner une bague \u00e0 porter \u00e0 l\u2019annulaire de la main droite<\/strong><\/p>\n\n\n\n<h2 class=\"wp-block-heading\" style=\"font-size:19px\"><strong>D\u00e9roulement du rituel<\/strong><\/h2>\n\n\n\n<p class=\"has-small-font-size\">Installez votre \u0101sana et asseyez-vous de mani\u00e8re \u00e0 regarder en direction de l\u2019est. Vous avez plac\u00e9 devant vous le pot ou lo\u1e6da contenant de l\u2019eau du Gange ainsi que les graines de s\u00e9same.<br>Faites une bague avec une herbe ku\u015ba que vous glissez \u00e0 votre annulaire droit.<br>Placez devant vous votre th\u0101l\u012b et disposez \u00e0 l\u2019int\u00e9rieur 3 herbes verticalement, et trois autres horizontalement, comme indiqu\u00e9 sur ce sch\u00e9ma :<\/p>\n\n\n<div class=\"wp-block-image\">\n<figure class=\"aligncenter size-full is-resized\"><a href=\"https:\/\/dharmasangh.fr\/wp-content\/uploads\/2025\/09\/image-15.png\"><img loading=\"lazy\" decoding=\"async\" width=\"240\" height=\"212\" src=\"https:\/\/dharmasangh.fr\/wp-content\/uploads\/2025\/09\/image-15.png\" alt=\"\" class=\"wp-image-7797\" style=\"width:244px;height:auto\"\/><\/a><\/figure><\/div>\n\n\n<p class=\"has-small-font-size\">. Les cases 1-2-3 repr\u00e9sentent vos trois derniers anc\u00eatres m\u00e2les d\u00e9c\u00e9d\u00e9s de la lign\u00e9e paternelle ;<br>. Les cases 4-5-6 repr\u00e9sentent vos trois derniers anc\u00eatres femelles d\u00e9c\u00e9d\u00e9es de la lign\u00e9e paternelle ;<br>. Les cases 7-8-9 repr\u00e9sentent vos trois derniers anc\u00eatres m\u00e2les d\u00e9c\u00e9d\u00e9s de la lign\u00e9e maternelle ;<br>. Les cases 10-11-12 repr\u00e9sentent vos trois derniers anc\u00eatres femelles d\u00e9c\u00e9d\u00e9es de la lign\u00e9e maternelle.<br><br>Allumez une lampe de gh\u012b qui devient la lumi\u00e8re et le t\u00e9moin de ce rituel.<br>D\u00e9butez par une invocation aux dieux Ga\u1e47e\u015ba puis \u00e0 S\u016brya, le Soleil Ma\u00eetre des Pit\u1e5b, pour que tous deux prot\u00e8gent ce rituel et en assurent sa bonne finalit\u00e9.<\/p>\n\n\n\n<p class=\"has-small-font-size\"><br>Vous devez d\u2019abord prononcer un sa\u1e45kalpa par lequel vous annoncez, \u00e0 voix haute (dites vos nom et pr\u00e9nom) que vous allez faire cette premi\u00e8re libation pour votre anc\u00eatre d\u00e9c\u00e9d\u00e9 (dites \u00e0 voix haute ses nom et pr\u00e9nom). Vous prononcerez ce sa\u1e45kalpa chaque jour.<br>Prenez ensuite avec votre main gauche des graines de s\u00e9same et posez-les, bien rassembl\u00e9es, \u00e0 l\u2019int\u00e9rieur de la paume de votre main droite.<br>Ensuite, toujours avec la main gauche, prenez votre lota et versez l\u2019eau dans votre paume droite sur les graines de s\u00e9same.<br>Inclinez l\u00e9g\u00e8rement votre paume droite de mani\u00e8re que quelques gouttes d\u2019eau et quelques graines de s\u00e9same s\u2019\u00e9coulent du c\u00f4t\u00e9 droit, juste entre l\u2019index et le pouce droits, sur la premi\u00e8re case repr\u00e9sentant votre a\u00efeul de la lign\u00e9e paternelle.<br>Faites cela trois fois de suite.<br>Renouvelez ce geste rituel pour les 11 emplacements restants, en ayant soin de dire avant de verser l\u2019eau le nom et le pr\u00e9nom de vos anc\u00eatres d\u00e9c\u00e9d\u00e9s.<br>Il est important de bien vous concentrer, d\u2019entrer dans un profond recueillement int\u00e9rieur empli de reconnaissance envers ceux qui vous ont pr\u00e9c\u00e9d\u00e9s et permis votre venue sur terre.<br>Une fois ce Pit\u1e5b tarpana accompli, reprenez quelques graines de s\u00e9same et, de la m\u00eame mani\u00e8re, versez l\u2019eau et les graines de s\u00e9same au centre de votre sch\u00e9ma pour accomplir le K\u0101ru\u1e47ya tarpana, le rite de la compassion.<\/p>\n\n\n\n<p class=\"has-small-font-size\">Avant de verser, prononcez les noms et le type de relation que vous aviez avec l\u2019\u00eatre pour lequel vous c\u00e9l\u00e9brez : membre de la famille lointaine, ami, animal ou autre.<strong>.<\/strong><\/p>\n\n\n\n<p class=\"has-text-align-center has-background\" style=\"background-color:#ff6a002e;font-size:14px\"><strong>Les rites de Pit\u1e5b pak\u1e63a rappellent l\u2019importance de la m\u00e9moire <\/strong><br><strong>et de la gratitude envers nos anc\u00eatres.<br> Accomplis avec foi et sinc\u00e9rit\u00e9, ils purifient les fautes, apaisent les \u00e2mes <br>et favorisent la lib\u00e9ration du cycle des renaissances.<br> Ils sont aussi un temps de recueillement int\u00e9rieur <br>et de connexion profonde avec la lign\u00e9e familiale<\/strong><\/p>\n\n\n\n<p><\/p>\n","protected":false},"excerpt":{"rendered":"<p>Rites et pri\u00e8res pour les anc\u00eatres Pit\u1e5b pak\u1e63a est une p\u00e9riode rituelle d\u00e9di\u00e9e aux anc\u00eatres, pendant laquelle sont c\u00e9l\u00e9br\u00e9s les rites appel\u00e9s \u015ar\u0101ddha et Tarpana. Ces pratiques, accomplies avec foi et sinc\u00e9rit\u00e9, effacent les fautes et lib\u00e8rent du cycle des renaissances. Elles constituent une marque de v\u00e9n\u00e9ration et de gratitude envers les membres d\u00e9funts de <a href=\"https:\/\/dharmasangh.fr\/?page_id=1471\">Continue reading &#8594;<\/a><\/p>\n","protected":false},"author":3,"featured_media":0,"parent":1601,"menu_order":0,"comment_status":"closed","ping_status":"open","template":"","meta":{"footnotes":""},"class_list":["post-1471","page","type-page","status-publish","hentry"],"_links":{"self":[{"href":"https:\/\/dharmasangh.fr\/index.php?rest_route=\/wp\/v2\/pages\/1471","targetHints":{"allow":["GET"]}}],"collection":[{"href":"https:\/\/dharmasangh.fr\/index.php?rest_route=\/wp\/v2\/pages"}],"about":[{"href":"https:\/\/dharmasangh.fr\/index.php?rest_route=\/wp\/v2\/types\/page"}],"author":[{"embeddable":true,"href":"https:\/\/dharmasangh.fr\/index.php?rest_route=\/wp\/v2\/users\/3"}],"replies":[{"embeddable":true,"href":"https:\/\/dharmasangh.fr\/index.php?rest_route=%2Fwp%2Fv2%2Fcomments&post=1471"}],"version-history":[{"count":47,"href":"https:\/\/dharmasangh.fr\/index.php?rest_route=\/wp\/v2\/pages\/1471\/revisions"}],"predecessor-version":[{"id":7798,"href":"https:\/\/dharmasangh.fr\/index.php?rest_route=\/wp\/v2\/pages\/1471\/revisions\/7798"}],"up":[{"embeddable":true,"href":"https:\/\/dharmasangh.fr\/index.php?rest_route=\/wp\/v2\/pages\/1601"}],"wp:attachment":[{"href":"https:\/\/dharmasangh.fr\/index.php?rest_route=%2Fwp%2Fv2%2Fmedia&parent=1471"}],"curies":[{"name":"wp","href":"https:\/\/api.w.org\/{rel}","templated":true}]}}