{"id":1618,"date":"2013-09-28T17:42:09","date_gmt":"2013-09-28T16:42:09","guid":{"rendered":"http:\/\/dharmasangh.fr\/?page_id=1618"},"modified":"2024-10-06T22:39:21","modified_gmt":"2024-10-06T21:39:21","slug":"celebrations-rituelles","status":"publish","type":"page","link":"https:\/\/dharmasangh.fr\/?page_id=1618","title":{"rendered":"Pr\u00e9sentation&#8230;"},"content":{"rendered":"<h3><a href=\"http:\/\/dharmasangh.fr\/wp-content\/uploads\/2013\/09\/pandit-shastri-001.jpg\"><img loading=\"lazy\" decoding=\"async\" class=\"wp-image-2369 aligncenter\" src=\"http:\/\/dharmasangh.fr\/wp-content\/uploads\/2013\/09\/pandit-shastri-001.jpg\" alt=\"pandit shastri 001\" width=\"157\" height=\"216\" srcset=\"https:\/\/dharmasangh.fr\/wp-content\/uploads\/2013\/09\/pandit-shastri-001.jpg 1473w, https:\/\/dharmasangh.fr\/wp-content\/uploads\/2013\/09\/pandit-shastri-001-217x300.jpg 217w, https:\/\/dharmasangh.fr\/wp-content\/uploads\/2013\/09\/pandit-shastri-001-743x1024.jpg 743w\" sizes=\"auto, (max-width: 157px) 100vw, 157px\" \/><\/a><\/h3>\n<h5 style=\"text-align: center;\"><em>Tant que la V\u00e9rit\u00e9, c&rsquo;est-\u00e0-dire a connaissance de soi, n&rsquo;est pas atteinte<br \/>\net que le but de l&rsquo;incarnation n&rsquo;est pas pleinement accept\u00e9, <\/em><br \/>\n<em>vous continuerez \u00e0 avoir besoin d&rsquo;\u00eatre guid\u00e9s par autrui.<\/em><br \/>\n<em>\u00a0\u00a0\u00a0\u00a0\u00a0\u00a0\u00a0\u00a0\u00a0\u00a0\u00a0\u00a0\u00a0\u00a0\u00a0\u00a0\u00a0\u00a0\u00a0\u00a0\u00a0\u00a0\u00a0\u00a0\u00a0\u00a0\u00a0\u00a0\u00a0\u00a0\u00a0\u00a0\u00a0\u00a0\u00a0\u00a0\u00a0\u00a0\u00a0\u00a0\u00a0\u00a0\u00a0\u00a0\u00a0\u00a0\u00a0\u00a0\u00a0\u00a0\u00a0\u00a0\u00a0\u00a0\u00a0\u00a0\u00a0\u00a0\u00a0\u00a0\u00a0\u00a0\u00a0\u00a0\u00a0\u00a0\u00a0\u00a0\u00a0\u00a0\u00a0\u00a0\u00a0\u00a0\u00a0\u00a0\u00a0\u00a0\u00a0\u00a0\u00a0\u00a0\u00a0\u00a0\u00a0\u00a0\u00a0\u00a0\u00a0\u00a0\u00a0\u00a0\u00a0\u00a0\u00a0 Pandit V. SHASTRI<\/em><\/h5>\n<p>Brahmane originaire de la r\u00e9gion de <span style=\"color: #ff6600;\">V\u00e2r\u00e2nas\u00ee<\/span> (B\u00e9nar\u00e8s), initiateur et responsable de l\u2019Association depuis plus de 30 ans, <span style=\"color: #ff6600;\">Pandit Vishwanath SHASTRI\u00a0<\/span> exerce sa fonction d\u2019astrologue-num\u00e9rologue et de guide. Sa vaste connaissance de la tradition hindoue (<span style=\"color: #ff6600;\">Veda<\/span>, <span style=\"color: #ff6600;\">P\u00fbrana<\/span>, <span style=\"color: #ff6600;\">Tantra<\/span>, <span style=\"color: #ff6600;\">Bhakti<\/span>\u2026) \u00e0 travers ses textes et sciences traditionnels, est \u00e0 la disposition de tous ceux qui souhaitent mettre en lumi\u00e8re les choix et les orientations de leur vie.<\/p>\n<h3 style=\"text-align: center;\"><span style=\"color: #993300;\">CONSULTATIONS DE JYOTISH<\/span><\/h3>\n<h3 style=\"text-align: center;\">ET<\/h3>\n<h3 style=\"text-align: center;\"><span style=\"color: #993300;\">C\u00c9L\u00c9BRATIONS RITUELLES<\/span><\/h3>\n<p style=\"text-align: center;\"><span style=\"color: #000000;\">\u00ab\u00a0P\u00fbj\u00e2 &#8211; Hawan &#8211; Mariages- Naissances et autres \u00e9v\u00e8nements de la vie.\u00a0\u00bb<\/span><\/p>\n<h2 style=\"text-align: center;\"><span style=\"color: #ff6600;\">Pandit Vishwanath\u00a0 SHASTRI<\/span><\/h2>\n<p><span style=\"color: #993300;\">\u00a0<\/span><\/p>\n<p style=\"text-align: center;\">\u00a0<a href=\"mailto:info@dharmasangh.fr\">info@dharmasangh.fr<\/a><\/p>\n<p style=\"text-align: center;\"><strong>Reportage sur le Pandit Shastri :<\/strong><\/p>\n<p style=\"text-align: center;\"><iframe loading=\"lazy\" src=\"http:\/\/player.vimeo.com\/video\/10442165\" width=\"700\" height=\"393\" frameborder=\"0\" allowfullscreen=\"allowfullscreen\"><\/iframe><\/p>\n<p style=\"text-align: left;\">Mise \u00e0 jour : 14\/05\/2014<\/p>\n","protected":false},"excerpt":{"rendered":"<p>Tant que la V\u00e9rit\u00e9, c&rsquo;est-\u00e0-dire a connaissance de soi, n&rsquo;est pas atteinte et que le but de l&rsquo;incarnation n&rsquo;est pas pleinement accept\u00e9, vous continuerez \u00e0 avoir besoin d&rsquo;\u00eatre guid\u00e9s par autrui. \u00a0\u00a0\u00a0\u00a0\u00a0\u00a0\u00a0\u00a0\u00a0\u00a0\u00a0\u00a0\u00a0\u00a0\u00a0\u00a0\u00a0\u00a0\u00a0\u00a0\u00a0\u00a0\u00a0\u00a0\u00a0\u00a0\u00a0\u00a0\u00a0\u00a0\u00a0\u00a0\u00a0\u00a0\u00a0\u00a0\u00a0\u00a0\u00a0\u00a0\u00a0\u00a0\u00a0\u00a0\u00a0\u00a0\u00a0\u00a0\u00a0\u00a0\u00a0\u00a0\u00a0\u00a0\u00a0\u00a0\u00a0\u00a0\u00a0\u00a0\u00a0\u00a0\u00a0\u00a0\u00a0\u00a0\u00a0\u00a0\u00a0\u00a0\u00a0\u00a0\u00a0\u00a0\u00a0\u00a0\u00a0\u00a0\u00a0\u00a0\u00a0\u00a0\u00a0\u00a0\u00a0\u00a0\u00a0\u00a0\u00a0\u00a0\u00a0\u00a0\u00a0\u00a0\u00a0 Pandit V. SHASTRI Brahmane originaire de la r\u00e9gion de V\u00e2r\u00e2nas\u00ee (B\u00e9nar\u00e8s), initiateur et responsable de l\u2019Association depuis plus de 30 ans, Pandit Vishwanath <a href=\"https:\/\/dharmasangh.fr\/?page_id=1618\">Continue reading &#8594;<\/a><\/p>\n","protected":false},"author":3,"featured_media":0,"parent":2408,"menu_order":3,"comment_status":"closed","ping_status":"open","template":"","meta":{"footnotes":""},"class_list":["post-1618","page","type-page","status-publish","hentry"],"_links":{"self":[{"href":"https:\/\/dharmasangh.fr\/index.php?rest_route=\/wp\/v2\/pages\/1618","targetHints":{"allow":["GET"]}}],"collection":[{"href":"https:\/\/dharmasangh.fr\/index.php?rest_route=\/wp\/v2\/pages"}],"about":[{"href":"https:\/\/dharmasangh.fr\/index.php?rest_route=\/wp\/v2\/types\/page"}],"author":[{"embeddable":true,"href":"https:\/\/dharmasangh.fr\/index.php?rest_route=\/wp\/v2\/users\/3"}],"replies":[{"embeddable":true,"href":"https:\/\/dharmasangh.fr\/index.php?rest_route=%2Fwp%2Fv2%2Fcomments&post=1618"}],"version-history":[{"count":29,"href":"https:\/\/dharmasangh.fr\/index.php?rest_route=\/wp\/v2\/pages\/1618\/revisions"}],"predecessor-version":[{"id":7435,"href":"https:\/\/dharmasangh.fr\/index.php?rest_route=\/wp\/v2\/pages\/1618\/revisions\/7435"}],"up":[{"embeddable":true,"href":"https:\/\/dharmasangh.fr\/index.php?rest_route=\/wp\/v2\/pages\/2408"}],"wp:attachment":[{"href":"https:\/\/dharmasangh.fr\/index.php?rest_route=%2Fwp%2Fv2%2Fmedia&parent=1618"}],"curies":[{"name":"wp","href":"https:\/\/api.w.org\/{rel}","templated":true}]}}