{"id":1677,"date":"2013-09-28T19:02:07","date_gmt":"2013-09-28T18:02:07","guid":{"rendered":"http:\/\/dharmasangh.fr\/?page_id=1677"},"modified":"2015-09-20T12:56:23","modified_gmt":"2015-09-20T11:56:23","slug":"soins-et-massages-ayurvediques-pour-les-femmes","status":"publish","type":"page","link":"https:\/\/dharmasangh.fr\/?page_id=1677","title":{"rendered":"Massages ayurv\u00e9diques"},"content":{"rendered":"<h5 style=\"text-align: center;\"><span style=\"color: #800080;\">\u00a0 <strong>Dans le cadre de notre association, diff\u00e9rents soins et massages ayurv\u00e9diques sont propos\u00e9s<br \/>\n<\/strong><\/span><span style=\"color: #ff99cc;\"><strong><span style=\"color: #800080;\">pour la d\u00e9tente du corps et de l&rsquo;esprit<\/span><\/strong><\/span><\/h5>\n<h5 style=\"text-align: center;\"><a href=\"http:\/\/dharmasangh.fr\/wp-content\/uploads\/2012\/10\/om-en-couleur.jpg\"><img loading=\"lazy\" decoding=\"async\" style=\"width: 50px; height: 51px;\" src=\"http:\/\/dharmasangh.fr\/wp-content\/uploads\/2012\/10\/om-en-couleur.jpg\" alt=\"om en couleur\" width=\"43\" height=\"51\" \/><\/a><\/h5>\n<p style=\"text-align: center;\"><span style=\"color: #333333;\"><em><strong><span style=\"color: #800080;\">Pour la prise de rendez-vous, merci de nous contacter au: <\/span><span style=\"color: #ff6600;\"><span style=\"color: #800080;\">01 40 22 03 41<\/span><br \/>\n<\/span><\/strong><\/em><\/span><\/p>\n<p style=\"text-align: center;\"><a href=\"http:\/\/dharmasangh.fr\/wp-content\/uploads\/2013\/09\/flyer-massage-2015-p1.jpg\"><img loading=\"lazy\" decoding=\"async\" class=\"aligncenter  wp-image-3936\" src=\"http:\/\/dharmasangh.fr\/wp-content\/uploads\/2013\/09\/flyer-massage-2015-p1.jpg\" alt=\"flyer massage 2015 p1\" width=\"512\" height=\"634\" srcset=\"https:\/\/dharmasangh.fr\/wp-content\/uploads\/2013\/09\/flyer-massage-2015-p1.jpg 1549w, https:\/\/dharmasangh.fr\/wp-content\/uploads\/2013\/09\/flyer-massage-2015-p1-242x300.jpg 242w, https:\/\/dharmasangh.fr\/wp-content\/uploads\/2013\/09\/flyer-massage-2015-p1-827x1024.jpg 827w\" sizes=\"auto, (max-width: 512px) 100vw, 512px\" \/><\/a><a href=\"http:\/\/dharmasangh.fr\/wp-content\/uploads\/2013\/09\/sans-tarif-flyer-massage-2015-p2.jpg\"><img loading=\"lazy\" decoding=\"async\" class=\"aligncenter  wp-image-3937\" src=\"http:\/\/dharmasangh.fr\/wp-content\/uploads\/2013\/09\/sans-tarif-flyer-massage-2015-p2.jpg\" alt=\"sans tarif flyer massage 2015 p2\" width=\"845\" height=\"598\" \/><\/a><br \/>\n<strong><em><span style=\"color: #ff6600;\">\u00a0<\/span><\/em><\/strong><\/p>\n","protected":false},"excerpt":{"rendered":"<p>\u00a0 Dans le cadre de notre association, diff\u00e9rents soins et massages ayurv\u00e9diques sont propos\u00e9s pour la d\u00e9tente du corps et de l&rsquo;esprit Pour la prise de rendez-vous, merci de nous contacter au: 01 40 22 03 41 \u00a0<\/p>\n","protected":false},"author":3,"featured_media":0,"parent":262,"menu_order":3,"comment_status":"closed","ping_status":"open","template":"","meta":{"footnotes":""},"class_list":["post-1677","page","type-page","status-publish","hentry"],"_links":{"self":[{"href":"https:\/\/dharmasangh.fr\/index.php?rest_route=\/wp\/v2\/pages\/1677","targetHints":{"allow":["GET"]}}],"collection":[{"href":"https:\/\/dharmasangh.fr\/index.php?rest_route=\/wp\/v2\/pages"}],"about":[{"href":"https:\/\/dharmasangh.fr\/index.php?rest_route=\/wp\/v2\/types\/page"}],"author":[{"embeddable":true,"href":"https:\/\/dharmasangh.fr\/index.php?rest_route=\/wp\/v2\/users\/3"}],"replies":[{"embeddable":true,"href":"https:\/\/dharmasangh.fr\/index.php?rest_route=%2Fwp%2Fv2%2Fcomments&post=1677"}],"version-history":[{"count":29,"href":"https:\/\/dharmasangh.fr\/index.php?rest_route=\/wp\/v2\/pages\/1677\/revisions"}],"predecessor-version":[{"id":3942,"href":"https:\/\/dharmasangh.fr\/index.php?rest_route=\/wp\/v2\/pages\/1677\/revisions\/3942"}],"up":[{"embeddable":true,"href":"https:\/\/dharmasangh.fr\/index.php?rest_route=\/wp\/v2\/pages\/262"}],"wp:attachment":[{"href":"https:\/\/dharmasangh.fr\/index.php?rest_route=%2Fwp%2Fv2%2Fmedia&parent=1677"}],"curies":[{"name":"wp","href":"https:\/\/api.w.org\/{rel}","templated":true}]}}