{"id":1704,"date":"2019-09-25T23:52:01","date_gmt":"2019-09-25T22:52:01","guid":{"rendered":"http:\/\/dharmasangh.fr\/?page_id=1704"},"modified":"2019-09-26T21:54:46","modified_gmt":"2019-09-26T20:54:46","slug":"meditation","status":"publish","type":"page","link":"https:\/\/dharmasangh.fr\/?page_id=1704","title":{"rendered":"M\u00e9ditation et textes sacr\u00e9s : La bhagavad G\u012bt\u0101"},"content":{"rendered":"<p style=\"padding-left: 30px;\"><a href=\"http:\/\/dharmasangh.fr\/wp-content\/uploads\/2015\/02\/INFO-COURS-MEDITATION-RENTREE-2019-2020-page-0011.jpg\"><img loading=\"lazy\" decoding=\"async\" class=\"wp-image-5826 alignleft\" src=\"http:\/\/dharmasangh.fr\/wp-content\/uploads\/2015\/02\/INFO-COURS-MEDITATION-RENTREE-2019-2020-page-0011.jpg\" alt=\"INFO COURS MEDITATION RENTREE 2019-2020-page-001\" width=\"508\" height=\"709\" srcset=\"https:\/\/dharmasangh.fr\/wp-content\/uploads\/2015\/02\/INFO-COURS-MEDITATION-RENTREE-2019-2020-page-0011.jpg 800w, https:\/\/dharmasangh.fr\/wp-content\/uploads\/2015\/02\/INFO-COURS-MEDITATION-RENTREE-2019-2020-page-0011-215x300.jpg 215w, https:\/\/dharmasangh.fr\/wp-content\/uploads\/2015\/02\/INFO-COURS-MEDITATION-RENTREE-2019-2020-page-0011-734x1024.jpg 734w\" sizes=\"auto, (max-width: 508px) 100vw, 508px\" \/><\/a><\/p>\n<p>&nbsp;<\/p>\n<p>&nbsp;<\/p>\n<p>&nbsp;<\/p>\n","protected":false},"excerpt":{"rendered":"<p>&nbsp; &nbsp; &nbsp;<\/p>\n","protected":false},"author":3,"featured_media":0,"parent":682,"menu_order":0,"comment_status":"closed","ping_status":"open","template":"","meta":{"footnotes":""},"class_list":["post-1704","page","type-page","status-publish","hentry"],"_links":{"self":[{"href":"https:\/\/dharmasangh.fr\/index.php?rest_route=\/wp\/v2\/pages\/1704","targetHints":{"allow":["GET"]}}],"collection":[{"href":"https:\/\/dharmasangh.fr\/index.php?rest_route=\/wp\/v2\/pages"}],"about":[{"href":"https:\/\/dharmasangh.fr\/index.php?rest_route=\/wp\/v2\/types\/page"}],"author":[{"embeddable":true,"href":"https:\/\/dharmasangh.fr\/index.php?rest_route=\/wp\/v2\/users\/3"}],"replies":[{"embeddable":true,"href":"https:\/\/dharmasangh.fr\/index.php?rest_route=%2Fwp%2Fv2%2Fcomments&post=1704"}],"version-history":[{"count":4,"href":"https:\/\/dharmasangh.fr\/index.php?rest_route=\/wp\/v2\/pages\/1704\/revisions"}],"predecessor-version":[{"id":5830,"href":"https:\/\/dharmasangh.fr\/index.php?rest_route=\/wp\/v2\/pages\/1704\/revisions\/5830"}],"up":[{"embeddable":true,"href":"https:\/\/dharmasangh.fr\/index.php?rest_route=\/wp\/v2\/pages\/682"}],"wp:attachment":[{"href":"https:\/\/dharmasangh.fr\/index.php?rest_route=%2Fwp%2Fv2%2Fmedia&parent=1704"}],"curies":[{"name":"wp","href":"https:\/\/api.w.org\/{rel}","templated":true}]}}