{"id":1705,"date":"2013-09-30T14:01:33","date_gmt":"2013-09-30T13:01:33","guid":{"rendered":"http:\/\/dharmasangh.fr\/?page_id=1705"},"modified":"2014-04-03T21:12:30","modified_gmt":"2014-04-03T20:12:30","slug":"presentation","status":"publish","type":"page","link":"https:\/\/dharmasangh.fr\/?page_id=1705","title":{"rendered":"Pr\u00e9sentation"},"content":{"rendered":"<p><span style=\"color: #993300;\"><strong>Dharma Sangh vous invite \u00e0 d\u00e9couvrir<\/strong><a href=\"http:\/\/dharmasangh.fr\/wp-content\/uploads\/2013\/09\/Logo-2.gif\"><span style=\"color: #993300;\"><img loading=\"lazy\" decoding=\"async\" class=\"wp-image-2553 alignright\" alt=\"Logo (2)\" src=\"http:\/\/dharmasangh.fr\/wp-content\/uploads\/2013\/09\/Logo-2.gif\" width=\"77\" height=\"107\" \/><\/span><\/a><\/span><\/p>\n<p><span style=\"color: #993300;\"><strong>Les \u00c9ditions Shastri et sa boutique situ\u00e9 au 18, rue des Petites Ecuries 75010 Paris (M\u00e9tro Ch\u00e2teau d&rsquo;Eau).<\/strong><\/span><\/p>\n<p style=\"text-align: justify;\">\nAfin de \u00a0faciliter les pratiques rituelles et parfaire ses connaissances, la boutique propose :<br \/>\n&#8211; Les objets traditionnels pour le rituel : statues des divinit\u00e9s dans divers mat\u00e9riaux (bois, m\u00e9tal, marbre, r\u00e9sine, etc.), et un large choix d\u2019images, de posters,\u00a0 de cadres, de bijoux, de m\u00e9dailles, de tissus, d\u2019autocollants et de m\u00e2l\u00e2.<\/p>\n<p style=\"text-align: justify;\">Sans oublier le<span style=\"color: #ff6600;\"> <a title=\"panchang hindou\" href=\"http:\/\/dharmasangh.fr\/?page_id=1608\"><span style=\"color: #ff6600;\">Panchang hindou <\/span><\/a><\/span>\u00e9dit\u00e9 chaque ann\u00e9e o\u00f9 vous pourrez\u00a0d\u00e9couvrir\u00a0 les principales f\u00eates, vrata observances&#8230;<\/p>\n<p style=\"text-align: justify;\">&#8211; Tout le n\u00e9cessaire \u00e0 la c\u00e9l\u00e9bration des<span style=\"color: #ff6600;\"> p\u00fbj\u00e2<\/span> et autres rituels de la tradition.<\/p>\n<p style=\"text-align: justify;\">&#8211; Une large gamme d\u2019encens naturels en provenance d\u2019Inde, des parfums naturels et objets d\u2019artisanat.<\/p>\n<p style=\"text-align: justify;\">&#8211; Les ouvrages des \u00e9ditions Shastri sur l\u2019astrologie, la chirologie, la num\u00e9rologie, les divinit\u00e9s plan\u00e9taires et indiennes, les pr\u00e9noms sacr\u00e9s, les chants d\u00e9votionnels et les pri\u00e8res de la tradition, ainsi qu\u2019une librairie proposant de nombreux titres sur la philosophie, les disciplines et sagesses de l\u2019Inde.<\/p>\n<p style=\"text-align: justify;\">&#8211; Des CD de mantras, <span style=\"color: #ff6600;\">bhajans<\/span>, <span style=\"color: #ff6600;\">kirthans<\/span> et DVD.<\/p>\n<p>\u00a0et de consulter dans son espace d\u00e9di\u00e9, \u00a0<span style=\"color: #ff6600;\"><a href=\"http:\/\/dharmasangh.fr\/?page_id=1677\"><span style=\"color: #ff6600;\">l&rsquo;offre de soins et massages ayurv\u00e9diques<\/span><\/a><\/span> propos\u00e9 aux femmes.<\/p>\n<p>&nbsp;<\/p>\n<p><strong>RETROUVEZ TOUS LES OUVRAGES SUR :\u00a0\u00a0\u00a0\u00a0\u00a0\u00a0\u00a0\u00a0\u00a0\u00a0\u00a0 <\/strong><span style=\"color: #ff6600;\"><a title=\"site \u00e9ditions shastri\" href=\"http:\/\/www.editionsshastri.com\/\"><span style=\"color: #ff6600;\">editionsshastri.com<\/span><\/a><\/span><strong><span style=\"color: #ff6600;\">\u00a0\u00a0<\/span>\u00a0\u00a0\u00a0\u00a0\u00a0\u00a0\u00a0\u00a0\u00a0 &amp; \u00a0\u00a0\u00a0\u00a0\u00a0\u00a0\u00a0\u00a0\u00a0 <\/strong><span style=\"color: #ff6600;\"><a title=\"librairie inde\" href=\"http:\/\/www.librairieinde.com\/\"><span style=\"color: #ff6600;\">Librairieinde.com<\/span><\/a><\/span><\/p>\n<p>&nbsp;<\/p>\n<p>&nbsp;<\/p>\n","protected":false},"excerpt":{"rendered":"<p>Dharma Sangh vous invite \u00e0 d\u00e9couvrir Les \u00c9ditions Shastri et sa boutique situ\u00e9 au 18, rue des Petites Ecuries 75010 Paris (M\u00e9tro Ch\u00e2teau d&rsquo;Eau). Afin de \u00a0faciliter les pratiques rituelles et parfaire ses connaissances, la boutique propose : &#8211; Les objets traditionnels pour le rituel : statues des divinit\u00e9s dans divers mat\u00e9riaux (bois, m\u00e9tal, marbre, <a href=\"https:\/\/dharmasangh.fr\/?page_id=1705\">Continue reading &#8594;<\/a><\/p>\n","protected":false},"author":3,"featured_media":0,"parent":262,"menu_order":2,"comment_status":"closed","ping_status":"open","template":"","meta":{"footnotes":""},"class_list":["post-1705","page","type-page","status-publish","hentry"],"_links":{"self":[{"href":"https:\/\/dharmasangh.fr\/index.php?rest_route=\/wp\/v2\/pages\/1705","targetHints":{"allow":["GET"]}}],"collection":[{"href":"https:\/\/dharmasangh.fr\/index.php?rest_route=\/wp\/v2\/pages"}],"about":[{"href":"https:\/\/dharmasangh.fr\/index.php?rest_route=\/wp\/v2\/types\/page"}],"author":[{"embeddable":true,"href":"https:\/\/dharmasangh.fr\/index.php?rest_route=\/wp\/v2\/users\/3"}],"replies":[{"embeddable":true,"href":"https:\/\/dharmasangh.fr\/index.php?rest_route=%2Fwp%2Fv2%2Fcomments&post=1705"}],"version-history":[{"count":18,"href":"https:\/\/dharmasangh.fr\/index.php?rest_route=\/wp\/v2\/pages\/1705\/revisions"}],"predecessor-version":[{"id":1721,"href":"https:\/\/dharmasangh.fr\/index.php?rest_route=\/wp\/v2\/pages\/1705\/revisions\/1721"}],"up":[{"embeddable":true,"href":"https:\/\/dharmasangh.fr\/index.php?rest_route=\/wp\/v2\/pages\/262"}],"wp:attachment":[{"href":"https:\/\/dharmasangh.fr\/index.php?rest_route=%2Fwp%2Fv2%2Fmedia&parent=1705"}],"curies":[{"name":"wp","href":"https:\/\/api.w.org\/{rel}","templated":true}]}}