{"id":1755,"date":"2015-02-14T20:50:17","date_gmt":"2015-02-14T19:50:17","guid":{"rendered":"http:\/\/dharmasangh.fr\/?page_id=1755"},"modified":"2015-02-15T14:24:28","modified_gmt":"2015-02-15T13:24:28","slug":"shivaratri-priere-a-mediter","status":"publish","type":"page","link":"https:\/\/dharmasangh.fr\/?page_id=1755","title":{"rendered":"Shivar\u00e2tr\u00ee &#8211; Pri\u00e8re"},"content":{"rendered":"<p><a href=\"http:\/\/dharmasangh.fr\/wp-content\/uploads\/2015\/02\/Meditation-sur-Shiva.jpg\"><img loading=\"lazy\" decoding=\"async\" class=\"wp-image-3510 alignleft\" src=\"http:\/\/dharmasangh.fr\/wp-content\/uploads\/2015\/02\/Meditation-sur-Shiva.jpg\" alt=\"Meditation sur Shiva\" width=\"737\" height=\"1162\" srcset=\"https:\/\/dharmasangh.fr\/wp-content\/uploads\/2015\/02\/Meditation-sur-Shiva.jpg 2039w, https:\/\/dharmasangh.fr\/wp-content\/uploads\/2015\/02\/Meditation-sur-Shiva-190x300.jpg 190w, https:\/\/dharmasangh.fr\/wp-content\/uploads\/2015\/02\/Meditation-sur-Shiva-649x1024.jpg 649w\" sizes=\"auto, (max-width: 737px) 100vw, 737px\" \/><\/a><\/p>\n","protected":false},"excerpt":{"rendered":"","protected":false},"author":3,"featured_media":0,"parent":2981,"menu_order":1,"comment_status":"closed","ping_status":"open","template":"","meta":{"footnotes":""},"class_list":["post-1755","page","type-page","status-publish","hentry"],"_links":{"self":[{"href":"https:\/\/dharmasangh.fr\/index.php?rest_route=\/wp\/v2\/pages\/1755","targetHints":{"allow":["GET"]}}],"collection":[{"href":"https:\/\/dharmasangh.fr\/index.php?rest_route=\/wp\/v2\/pages"}],"about":[{"href":"https:\/\/dharmasangh.fr\/index.php?rest_route=\/wp\/v2\/types\/page"}],"author":[{"embeddable":true,"href":"https:\/\/dharmasangh.fr\/index.php?rest_route=\/wp\/v2\/users\/3"}],"replies":[{"embeddable":true,"href":"https:\/\/dharmasangh.fr\/index.php?rest_route=%2Fwp%2Fv2%2Fcomments&post=1755"}],"version-history":[{"count":5,"href":"https:\/\/dharmasangh.fr\/index.php?rest_route=\/wp\/v2\/pages\/1755\/revisions"}],"predecessor-version":[{"id":3511,"href":"https:\/\/dharmasangh.fr\/index.php?rest_route=\/wp\/v2\/pages\/1755\/revisions\/3511"}],"up":[{"embeddable":true,"href":"https:\/\/dharmasangh.fr\/index.php?rest_route=\/wp\/v2\/pages\/2981"}],"wp:attachment":[{"href":"https:\/\/dharmasangh.fr\/index.php?rest_route=%2Fwp%2Fv2%2Fmedia&parent=1755"}],"curies":[{"name":"wp","href":"https:\/\/api.w.org\/{rel}","templated":true}]}}