{"id":1898,"date":"2013-10-27T23:18:49","date_gmt":"2013-10-27T22:18:49","guid":{"rendered":"http:\/\/dharmasangh.fr\/?page_id=1898"},"modified":"2020-11-03T17:29:42","modified_gmt":"2020-11-03T16:29:42","slug":"1898-2","status":"publish","type":"page","link":"https:\/\/dharmasangh.fr\/?page_id=1898","title":{"rendered":"Karv\u0101 Cauth"},"content":{"rendered":"<h3 style=\"text-align: center;\"><strong><span style=\"color: #993300;\">La f\u00eate de Karv\u0101 Cauth<\/span><\/strong><\/h3>\n<p><span style=\"color: #000000;\"><a style=\"color: #000000;\" href=\"http:\/\/dharmasangh.fr\/wp-content\/uploads\/2013\/07\/karva-chauth.jpg\"><img loading=\"lazy\" decoding=\"async\" class=\"aligncenter size-full wp-image-1847\" style=\"width: 167px; height: 214px;\" src=\"http:\/\/dharmasangh.fr\/wp-content\/uploads\/2013\/07\/karva-chauth.jpg\" alt=\"karva-chauth\" width=\"247\" height=\"298\" \/><\/a><\/span><\/p>\n<p style=\"text-align: center;\"><span style=\"color: #ff6600;\"><strong><span style=\"color: #993300;\">Mercredi 4 novembre 2020<\/span><br \/>\n<\/strong><\/span><\/p>\n<p style=\"text-align: center;\"><span style=\"color: #ff6600;\"><strong>Lever du Soleil pour d\u00e9buter le <em>vrat<\/em> : <span style=\"color: #993300;\">7h44<\/span><\/strong><\/span><\/p>\n<p style=\"text-align: center;\"><span style=\"color: #ff6600;\"><strong>Lever de la Lune pour cl\u00f4turer le <em>vrat<\/em> : <span style=\"color: #993300;\">19h44<\/span><\/strong><\/span><\/p>\n<p>Cette f\u00eate est celle des femmes mari\u00e9es qui, le 4e jour de la quinzaine lunaire sombre du mois de <em>k<\/em><em>\u0101<\/em><em>rtika<\/em>, octobre ou novembre selon les ann\u00e9es, prient pour la prosp\u00e9rit\u00e9 de leur foyer, et particuli\u00e8rement, pour que les forces divines accordent longue vie \u00e0 leur mari et \u00e0 leurs enfants. Les femmes non mari\u00e9es, les jeunes filles et les veuves ne doivent pas pratiquer <em>Karv<\/em><em>\u0101<\/em><em> Cauth<\/em><em>.<\/em> Les observances li\u00e9es \u00e0 cette f\u00eate ont ont pour but la protection de la famille. Ce <em>vrat<\/em> est tr\u00e8s important en Inde car il accorde \u00e0 celles qui le suivent de nombreux bienfaits dans leur foyer et pour elles-m\u00eames, une vie maritale heureuse, la sant\u00e9 pour les membres de la famille et de nombreuses joies tout au long de l\u2019ann\u00e9e.<\/p>\n<p><strong>Origine de la f\u00eate<\/strong><\/p>\n<p>Pers\u00e9v\u00e9rance dans l\u2019accomplissement de l\u2019acte d\u00e9votionnel, foi, d\u00e9sir de puret\u00e9 et amour pour la famille, sont les ingr\u00e9dients n\u00e9cessaires pour le d\u00e9roulement d\u2019une vie maritale prot\u00e9g\u00e9e et heureuse, comme nous l&rsquo;enseigne l\u2019histoire de la jeun<em>e V\u012brvat\u012b<\/em>.<\/p>\n<p style=\"text-align: justify;\">Extraite des <em>Pur<\/em><em>\u0101\u1e47a<\/em>, cette histoire nous conduit \u00e0 l\u2019\u00e9poque du <em>Mah<\/em><em>\u0101<\/em><em>bh<\/em><em>\u0101<\/em><em>rata<\/em>. La belle <em>Draupad<\/em><em>\u012b <\/em>est l\u2019\u00e9pouse des cinq fr\u00e8res <em>Pandava<\/em>. En cette p\u00e9riode tourment\u00e9e pour ses cinq maris, elle s\u2019inqui\u00e8te particuli\u00e8rement pour <em>Arjuna<\/em> qui se sent accul\u00e9 par de nombreux ennemis qui le tourmentent chaque jour. Elle se confie au Ma\u00eetre spirituel et Cocher divin de son mari, le Dieu <em>K<\/em><em>\u1e5b\u1e63\u1e47a<\/em>, qui lui apprend que la D\u00e9esse <em>P\u0101rvat<\/em><em>\u012b<\/em> avait elle aussi interrog\u00e9 un jour <em>\u015a<\/em><em>iva<\/em> sur les moyens appropri\u00e9s pour une femme mari\u00e9e de rem\u00e9dier \u00e0 une telle situation. C\u2019est \u00e0 cette occasion que ce Dieu lui enseigne l\u2019art de pratiquer le <em>Kark cathurth<\/em><em>\u012b vrat<\/em>.<\/p>\n<p style=\"text-align: justify;\"><strong>R\u00e9cit &#8211; Kath\u0101<\/strong><\/p>\n<p style=\"text-align: justify;\">\u00ab\u00a0Un brahmane du nom de <em>Ved Sarma<\/em> avait re\u00e7u de nombreuses faveurs divines ; la prosp\u00e9rit\u00e9 habitait sa maison. Sa femme lui avait donn\u00e9 sept fils aux qualit\u00e9s innombrables et une fille <em>V\u012brvat\u012b<\/em>, \u00e0 la beaut\u00e9 in\u00e9galable et \u00e0 l\u2019\u00e2me lumineuse. Quand elle fut en \u00e2ge de se marier, elle re\u00e7ut pour \u00e9poux un brahmane vers\u00e9 dans la connaissance des <em>Veda<\/em> et des <em>\u015aastra<\/em>. Quelques temps apr\u00e8s son mariage, elle d\u00e9cida, avec ses sept belles-s\u0153urs de pratiquer, le <em>Kark cathurth<\/em><em>\u012b vrat<\/em>, au moment de la quinzaine sombre du mois de<em> k<\/em><em>\u0101<\/em><em>rtika.<\/em><\/p>\n<p style=\"text-align: justify;\">Apr\u00e8s une pr\u00e9paration minutieuse &#8211; bain et m\u00e9ditation \u2013 elles je\u00fbn\u00e8rent toutes ensemble pendant une journ\u00e9e et, la nuit suivante, ne prirent ni nourriture, ni eau. Elles dessin\u00e8rent l\u2019arbre sacr\u00e9 banyan sous lequel apparaissait la famille de <em>\u015a<\/em><em>iva <\/em>:\u00a0\u00a0 <em>\u015a<\/em><em>iva, Parvat<\/em><em>\u012b, Ga<\/em><em>\u1e47e<\/em><em>\u015ba, K<\/em><em>\u0101rttikeya<\/em> et les autres divinit\u00e9s. Les femmes chant\u00e8rent, r\u00e9cit\u00e8rent des mantras en leur honneur et pr\u00e9sent\u00e8rent avec respect des offrandes : sucreries, grains de toutes sortes, petites lampes, de la farine, du sucre\u2026 \u00a0dans l\u2019attente du lever de la lune pour enfin casser leur je\u00fbne.<\/p>\n<p style=\"text-align: justify;\">Mais la fatigue gagna <em>V\u012brvat\u012b<\/em> qui, sans doute affaiblie par le manque de nourriture et d\u2019eau, perdit connaissance. Tous ses fr\u00e8res avertis l\u2019exhort\u00e8rent de mettre tout de suite fin \u00e0 ce je\u00fbne, la sentant trop fragile pour le prolonger. Mais elle refusa. Profitant de sa faiblesse, l\u2019un de ses fr\u00e8res lui fit croire que la lune venait juste de se lever. Il lui montra une p\u00e2le lueur en direction d\u2019un des arbres du jardin qui n\u2019\u00e9tait autre que celle d\u2019une petite lampe \u00e0 huile qu\u2019il avait plac\u00e9 derri\u00e8re les branches d\u2019un arbre. La jeune femme s\u2019ex\u00e9cuta f\u00e9brilement, en offrant, sans le savoir, l\u2019eau en direction de cette lune artificielle fabriqu\u00e9e par son fr\u00e8re. Elle rompit son je\u00fbne, persuad\u00e9e que la lune \u00e9tait lev\u00e9e.<\/p>\n<p style=\"text-align: justify;\">Quelques temps plus tard, son mari mourut subitement et <em>V\u012brvat\u012b<\/em>, dans l\u2019incompr\u00e9hension et la douleur, choisit de rester une ann\u00e9e sans prendre de nourriture, d\u00e9diant ses pri\u00e8res au dieu <em>\u015a<\/em><em>iva<\/em>. Au terme d\u2019une ann\u00e9e d\u2019intenses aust\u00e9rit\u00e9s et de tristesse, elle voulut pratiquer, accompagn\u00e9e de ses belles s\u0153urs, le <em>Kark cathurth<\/em><em>\u012b vrat<\/em>, et s\u2019y adonna avec ferveur, oubliant la douleur du deuil. Juste avant le terme, la D\u00e9esse <em>Indran<\/em><em>\u012b<\/em> lui apparut, lui r\u00e9v\u00e9la la cause exacte du d\u00e9c\u00e8s de son mari et du subterfuge de ses fr\u00e8res pour qu\u2019elle recouvre la sant\u00e9. <em>Indran\u012b <\/em>lui pr\u00e9cisa qu\u2019elle-m\u00eame l\u2019avait pratiqu\u00e9 et lui demanda de cl\u00f4turer son <em>vrat<\/em> face \u00e0 la v\u00e9ritable lueur de la lune, ce qu\u2019elle fit. A peine son offrande termin\u00e9e, la d\u00e9esse <em>Indran<\/em><em>\u012b<\/em> ramena l\u2019\u00e9poux de <em>V\u012brvat\u012b<\/em> \u00e0 la vie et tous deux se retrouv\u00e8rent le c\u0153ur empli de bonheur et de paix. Il r\u00e9int\u00e9gr\u00e8rent leur maison \u00e0 nouveau habit\u00e9e par la prosp\u00e9rit\u00e9 \u00bb.<\/p>\n<p style=\"text-align: justify;\">Ainsi, dit <em>K<\/em><em>\u1e5b\u1e63\u1e47a<\/em>, <em>Draupad<\/em><em>\u012b<\/em> fit de m\u00eame en suivant ce <em>vrat<\/em>. Elle permit qu\u2019<em>Arjuna<\/em> et ses fr\u00e8res les <em>Pandava <\/em>sortirent vainqueurs de la grande bataille du <em>Mah<\/em><em>\u0101<\/em><em>bh<\/em><em>\u0101<\/em><em>rata<\/em>.<\/p>\n<p style=\"text-align: justify;\">Cette touchante histoire nous enseigne que la pratique du <em>vrat<\/em> peut, m\u00eame dans les situations les plus difficiles de la vie, nous aider \u00e0 surmonter les plus grandes difficult\u00e9s rencontr\u00e9es dans un couple et au sein de la famille. La foi,\u00a0 la sinc\u00e9rit\u00e9 et la v\u00e9rit\u00e9 sont les ingr\u00e9dients indispensables \u00e0 sa r\u00e9ussite.<\/p>\n<p style=\"text-align: justify;\"><strong>P\u016bjan vidhi \u2013 Pratique du vrata Karv\u0101 Cauth<\/strong><\/p>\n<p style=\"text-align: justify;\">Le matin, levez-vous le plus t\u00f4t possible, id\u00e9alement au moment du lever du soleil. Prenez un bain et faites vos ablutions habituelles. Puis rev\u00eatez de nouveaux v\u00eatements avec de jolis bijoux. Ne prenez aucun aliment et ne buvez rien pendant toute la journ\u00e9e. Prenez un petit <em>karva <\/em>(pot) et le remplir de cinq choses pr\u00e9cieuses ou pierres pr\u00e9cieuses (ou semi pr\u00e9cieuses). Ce pot doit \u00eatre donn\u00e9 en offrande \u00e0 un <em>brahman<\/em>e. R\u00e9citez les <em>mantra<\/em> de <em>Ga<\/em><em>\u1e47e<\/em><em>\u015ba<\/em> et demandez-lui de prot\u00e9ger la sant\u00e9, le travail et la chance de votre mari ainsi que celle de vos enfants. Pratiquez le don de v\u00eatements ce jour-l\u00e0 et aussi celui de nourriture, de fruits et d\u2019argent \u00e0 d\u2019autres femmes dont le mari est encore en vie.<\/p>\n<p style=\"text-align: justify;\">Le soir, d\u00e8s l\u2019apparition de la lune dans le ciel, soit aux environs de <strong><span style=\"color: #993300;\">19h44<\/span><\/strong>, cassez votre je\u00fbne apr\u00e8s avoir fait une offrande l\u2019eau \u00e0 la lune.<\/p>\n<footer>Publiant dans <a title=\"Voir tous les articles dans Actualit\u00e9s\" href=\"http:\/\/dharmasangh.fr\/?cat=1\" rel=\"category\">Actualit\u00e9s<\/a><\/footer>\n","protected":false},"excerpt":{"rendered":"<p>La f\u00eate de Karv\u0101 Cauth Mercredi 4 novembre 2020 Lever du Soleil pour d\u00e9buter le vrat : 7h44 Lever de la Lune pour cl\u00f4turer le vrat : 19h44 Cette f\u00eate est celle des femmes mari\u00e9es qui, le 4e jour de la quinzaine lunaire sombre du mois de k\u0101rtika, octobre ou novembre selon les ann\u00e9es, prient <a href=\"https:\/\/dharmasangh.fr\/?page_id=1898\">Continue reading &#8594;<\/a><\/p>\n","protected":false},"author":3,"featured_media":0,"parent":1601,"menu_order":0,"comment_status":"closed","ping_status":"closed","template":"","meta":{"footnotes":""},"class_list":["post-1898","page","type-page","status-publish","hentry"],"_links":{"self":[{"href":"https:\/\/dharmasangh.fr\/index.php?rest_route=\/wp\/v2\/pages\/1898","targetHints":{"allow":["GET"]}}],"collection":[{"href":"https:\/\/dharmasangh.fr\/index.php?rest_route=\/wp\/v2\/pages"}],"about":[{"href":"https:\/\/dharmasangh.fr\/index.php?rest_route=\/wp\/v2\/types\/page"}],"author":[{"embeddable":true,"href":"https:\/\/dharmasangh.fr\/index.php?rest_route=\/wp\/v2\/users\/3"}],"replies":[{"embeddable":true,"href":"https:\/\/dharmasangh.fr\/index.php?rest_route=%2Fwp%2Fv2%2Fcomments&post=1898"}],"version-history":[{"count":28,"href":"https:\/\/dharmasangh.fr\/index.php?rest_route=\/wp\/v2\/pages\/1898\/revisions"}],"predecessor-version":[{"id":6276,"href":"https:\/\/dharmasangh.fr\/index.php?rest_route=\/wp\/v2\/pages\/1898\/revisions\/6276"}],"up":[{"embeddable":true,"href":"https:\/\/dharmasangh.fr\/index.php?rest_route=\/wp\/v2\/pages\/1601"}],"wp:attachment":[{"href":"https:\/\/dharmasangh.fr\/index.php?rest_route=%2Fwp%2Fv2%2Fmedia&parent=1898"}],"curies":[{"name":"wp","href":"https:\/\/api.w.org\/{rel}","templated":true}]}}