{"id":2017,"date":"2015-10-19T14:33:31","date_gmt":"2015-10-19T13:33:31","guid":{"rendered":"http:\/\/dharmasangh.fr\/?page_id=2017"},"modified":"2022-10-15T11:54:05","modified_gmt":"2022-10-15T10:54:05","slug":"108-noms-lakshmi","status":"publish","type":"page","link":"https:\/\/dharmasangh.fr\/?page_id=2017","title":{"rendered":"108 noms-Lak\u1e63m\u012b"},"content":{"rendered":"<p style=\"text-align: center;\"><strong>\u015ar\u012b Lak\u1e63m\u012b A\u1e63\u1e6dottara \u015aatan\u0101m\u0101val\u012b<\/strong><\/p>\n<p style=\"text-align: center;\"><strong>Les cent huit noms de la d\u00e9esse Lak<\/strong><strong>\u1e63<\/strong><strong>m<\/strong><strong>\u012b<\/strong><\/p>\n<p style=\"text-align: justify;\">Le <em>japa <\/em>ou la r\u00e9citation ininterrompue des cent huit noms de la d\u00e9esse <em>Lak\u1e63m\u012b<\/em> est un hommage rendu \u00e0 ses innombrables formes et pouvoirs. Toutes les sonorit\u00e9s contenues dans ses noms, \u00e9mises au cours du<em> japa<\/em>, sont charg\u00e9es de l\u2019\u00e9nergie et des qualit\u00e9s de cette d\u00e9esse. Elles sont le pont qui met en parfaite ad\u00e9quation avec ses belles qualit\u00e9s. La r\u00e9p\u00e9tition des cent huit noms de <em>Lak\u1e63m\u012b <\/em>est un acte de d\u00e9votion et d\u2019amour qui, pratiqu\u00e9 chez soi, dans un espace paisible et isol\u00e9, devant une effigie de la d\u00e9esse (photo, statue, yantra&#8230;), comble de nombreux bienfaits. Elle vise \u00e0 la purification du corps et du mental ainsi qu\u2019\u00e0 l\u2019obtention de pouvoirs <em>siddhi<\/em> pour une vie prosp\u00e8re sur le plan mat\u00e9riel et spirituel. \u00c0 la fin de chaque r\u00e9citation, quand celle-ci est accomplie sans aucune interf\u00e9rence du mental, il est possible de sentir en soi un profond \u00e9tat de recueillement et de paix int\u00e9rieure. Pour cela, il est essentiel d\u2019avoir d\u00e8s le d\u00e9but de la r\u00e9citation la bonne et ferme intention d&rsquo;offrir \u00e0 la d\u00e9esse <em>Lak\u1e63m\u012b <\/em>le meilleur de soi.<\/p>\n<ol>\n<li style=\"text-align: justify;\">o\u1e41 prak\u1e5btyai nama\u1e25<\/li>\n<li>o\u1e41 vik\u1e5btyai nama\u1e25<\/li>\n<li>o\u1e41 vidy\u0101yai nama\u1e25<\/li>\n<li>o\u1e41 sarvabh\u016btahitaprad\u0101yai nama\u1e25<\/li>\n<li>o\u1e41 \u015braddh\u0101yai nama\u1e25<\/li>\n<li>o\u1e41 vibh\u016btyai nama\u1e25<\/li>\n<li>o\u1e41 surabhyai nama\u1e25<\/li>\n<li>o\u1e41 param\u0101tmik\u0101yai nama\u1e25<\/li>\n<li>o\u1e41 vace nama\u1e25<\/li>\n<li>o\u1e41 padm\u0101lay\u0101yai nama\u1e25<\/li>\n<li>o\u1e41 padm\u0101yai nama\u1e25<\/li>\n<li>o\u1e41 \u015bucye nama\u1e25<\/li>\n<li>o\u1e41 sv\u0101h\u0101yai nama\u1e25<\/li>\n<li>o\u1e41 sv\u0101dh\u0101yai nama\u1e25<\/li>\n<li>o\u1e41 sudh\u0101yai nama\u1e25<\/li>\n<li>o\u1e41 dhany\u0101yai nama\u1e25<\/li>\n<li>o\u1e41 hira\u1e47mayyai nama\u1e25<\/li>\n<li>o\u1e41 lak\u1e63myai nama\u1e25<\/li>\n<li>o\u1e41 nityapu\u1e63\u1e6dayai nama\u1e25<\/li>\n<li>o\u1e41 vibh\u0101vayai nama\u1e25<\/li>\n<li>o\u1e41 ad\u012btyai nama\u1e25<\/li>\n<li>o\u1e41 dityai nama\u1e25<\/li>\n<li>o\u1e41 d\u012bpt\u0101yai nama\u1e25<\/li>\n<li>o\u1e41 vasudh\u0101yai nama\u1e25<\/li>\n<li>o\u1e41 vasud\u0101ri\u1e47yai nama\u1e25<\/li>\n<li>o\u1e41 kamal\u0101yai nama\u1e25<\/li>\n<li>o\u1e41 k\u0101nt\u0101yai nama\u1e25<\/li>\n<li>o\u1e41 k\u0101m\u0101k\u1e63yai nama\u1e25<\/li>\n<li>o\u1e41 k\u1e63\u012brodasambh\u0101yai nama\u1e25<\/li>\n<li>o\u1e41 anugrahaprad\u0101yai nama\u1e25<\/li>\n<li>o\u1e41 buddhaye nama\u1e25<\/li>\n<li>o\u1e41 anagh\u0101yai nama\u1e25<\/li>\n<li>o\u1e41 harivallabh\u0101yai nama\u1e25<\/li>\n<li>o\u1e41 a\u015bok\u0101yai nama\u1e25<\/li>\n<li>o\u1e41 am\u1e5bt\u0101yai nama\u1e25<\/li>\n<li>o\u1e41 loka\u015bokavin\u0101\u015binyai<\/li>\n<li>o\u1e41 dharmanilay\u0101yai nama\u1e25<\/li>\n<li>o\u1e41 karu\u1e47\u0101yai nama\u1e25<\/li>\n<li>o\u1e41 lokamatre nama\u1e25<\/li>\n<li>o\u1e41 padmapriy\u0101yai nama\u1e25<\/li>\n<li>o\u1e41 padmahast\u0101yai nama\u1e25<\/li>\n<li>o\u1e41 padmak\u1e63yai nama\u1e25<\/li>\n<li>o\u1e41 padmasundaryai nama\u1e25<\/li>\n<li>o\u1e41 padmodbhav\u0101yai nama\u1e25<\/li>\n<li>o\u1e41 padmamukhyai nama\u1e25<\/li>\n<li>o\u1e41 padman\u0101bhapriy\u0101yai nama\u1e25<\/li>\n<li>o\u1e41 ram\u0101yai nama\u1e25<\/li>\n<li>o\u1e41 padm\u0101l\u0101dhar\u0101yai nama\u1e25<\/li>\n<li>o\u1e41 devyai nama\u1e25<\/li>\n<li>o\u1e41 padminyai nama\u1e25<\/li>\n<li>o\u1e41 padmagandhinyai nama\u1e25<\/li>\n<li>o\u1e41 pu\u1e47yagandh\u0101yai nama\u1e25<\/li>\n<li>o\u1e41 suprasann\u0101yai nama\u1e25<\/li>\n<li>o\u1e41 pras\u0101d\u0101bhimukhyai nama\u1e25<\/li>\n<li>o\u1e41 prabh\u0101yai nama\u1e25<\/li>\n<li>o\u1e41 candravadan\u0101yai nama\u1e25<\/li>\n<li>o\u1e41 candr\u0101yai nama\u1e25<\/li>\n<li>o\u1e41 candrasahodayai nama\u1e25<\/li>\n<li>o\u1e41 caturbhuj\u0101yai nama\u1e25<\/li>\n<li>o\u1e41 candrad\u016bp\u0101yai nama\u1e25<\/li>\n<li>o\u1e41 indrar\u0101yai nama\u1e25<\/li>\n<li>o\u1e41 indu\u015b\u012btal\u0101yai nama\u1e25<\/li>\n<li>o\u1e41 \u0101hl\u0101dajananyai nama\u1e25<\/li>\n<li>o\u1e41 pu\u1e63tyai nama\u1e25<\/li>\n<li>o\u1e41 \u015biv\u0101yai nama\u1e25<\/li>\n<li>o\u1e41 \u015biva\u00f1kayai nama\u1e25<\/li>\n<li>o\u1e41 \u015biv\u0101yai nama\u1e25<\/li>\n<li>o\u1e41 vimal\u0101yai nama\u1e25<\/li>\n<li>o\u1e41 vi\u015bvajananyai nama\u1e25<\/li>\n<li>o\u1e41 vimal\u0101yai nama\u1e25<\/li>\n<li>o\u1e41 tu\u1e63tyai nama\u1e25<\/li>\n<li>o\u1e41 d\u0101ridryan\u0101\u015binyai nama\u1e25<\/li>\n<li>o\u1e41 pritipu\u1e63kari\u1e47yai nama\u1e25<\/li>\n<li>o\u1e41 \u015b\u0101nt\u0101yai nama\u1e25<\/li>\n<li>o\u1e41 \u015buklam\u0101ly\u0101mbar\u0101yai nama\u1e25<\/li>\n<li>o\u1e41 \u015br\u012byai nama\u1e25<\/li>\n<li>o\u1e41 bh\u0101skayai nama\u1e25<\/li>\n<li>o\u1e41 bilvanilay\u0101yai nama\u1e25<\/li>\n<li>o\u1e41 var\u0101hoh\u0101yai nama\u1e25<\/li>\n<li>o\u1e41 ya\u015b\u0101svinyai nama\u1e25<\/li>\n<li>o\u1e41 vasundhar\u0101yai nama\u1e25<\/li>\n<li>o\u1e41 ud\u0101r\u0101\u00f1g\u0101yai nama\u1e25<\/li>\n<li>o\u1e41 hari\u1e47yai nama\u1e25<\/li>\n<li>o\u1e41 hemam\u0101linyai nama\u1e25<\/li>\n<li>o\u1e41 danadh\u0101nkayai nama\u1e25<\/li>\n<li>o\u1e41 siddhayai nama\u1e25<\/li>\n<li>o\u1e41 strai\u1e47asaumy\u0101yai nama\u1e25<\/li>\n<li>o\u1e41 \u015bubhaprad\u0101yai nama\u1e25<\/li>\n<li>o\u1e41 n\u1e5bpave\u015bmagat\u0101nand\u0101yai nama\u1e25<\/li>\n<li>o\u1e41 varalak\u015bmyai nama\u1e25<\/li>\n<li>o\u1e41 vasuprad\u0101yai nama\u1e25<\/li>\n<li>o\u1e41 \u015bubh\u0101yai nama\u1e25<\/li>\n<li>o\u1e41 hira\u1e47yapr\u0101k\u0101r\u0101yai nama\u1e25<\/li>\n<li>o\u1e41 samudratanay\u0101yai nama\u1e25<\/li>\n<li>o\u1e41 jay\u0101yai nama\u1e25<\/li>\n<li>o\u1e41 mangal\u0101devyai nama\u1e25<\/li>\n<li>o\u1e41 vi\u1e63\u1e47uvak\u1e63asthalasthit\u0101yai<\/li>\n<li>o\u1e41 vi\u1e63\u1e47upatnyai nama\u1e25<\/li>\n<li>o\u1e41 prasann\u0101k\u1e63yai nama\u1e25<\/li>\n<li>o\u1e41 n\u0101r\u0101ya\u1e47sam\u0101\u015brit\u0101yai nama\u1e25<\/li>\n<li>o\u1e41 d\u0101ridryadhvamsinyai nama\u1e25<\/li>\n<li>o\u1e41 n\u0101r\u0101ya\u1e47sam\u0101\u015brit\u0101yai nama\u1e25<\/li>\n<li>o\u1e41 sarvopadravav\u0101ri\u1e47yai nama\u1e25<\/li>\n<li>o\u1e41 navadurg\u0101yai nama\u1e25<\/li>\n<li>o\u1e41 mah\u0101k\u0101lyai nama\u1e25<\/li>\n<li>o\u1e41 brahmavi\u1e63\u1e47u\u015bivatmik\u0101yai nama\u1e25<\/li>\n<li>o\u1e41 trik\u0101laj\u00f1\u0101nasampann\u0101yai nama\u1e25<\/li>\n<li>o\u1e41 bhuvane\u015bv\u0101yai nama\u1e25<\/li>\n<\/ol>\n<p style=\"text-align: center;\"><em>\u00a0<\/em>o\u1e41 iti \u015br\u012b lak\u1e63m\u012b a\u1e63totara\u015batan\u0101m\u0101va\u1e37i\u1e25 samp\u016br\u1e47\u0101<\/p>\n","protected":false},"excerpt":{"rendered":"<p>\u015ar\u012b Lak\u1e63m\u012b A\u1e63\u1e6dottara \u015aatan\u0101m\u0101val\u012b Les cent huit noms de la d\u00e9esse Lak\u1e63m\u012b Le japa ou la r\u00e9citation ininterrompue des cent huit noms de la d\u00e9esse Lak\u1e63m\u012b est un hommage rendu \u00e0 ses innombrables formes et pouvoirs. Toutes les sonorit\u00e9s contenues dans ses noms, \u00e9mises au cours du japa, sont charg\u00e9es de l\u2019\u00e9nergie et des qualit\u00e9s <a href=\"https:\/\/dharmasangh.fr\/?page_id=2017\">Continue reading &#8594;<\/a><\/p>\n","protected":false},"author":3,"featured_media":0,"parent":3180,"menu_order":0,"comment_status":"closed","ping_status":"closed","template":"","meta":{"footnotes":""},"class_list":["post-2017","page","type-page","status-publish","hentry"],"_links":{"self":[{"href":"https:\/\/dharmasangh.fr\/index.php?rest_route=\/wp\/v2\/pages\/2017","targetHints":{"allow":["GET"]}}],"collection":[{"href":"https:\/\/dharmasangh.fr\/index.php?rest_route=\/wp\/v2\/pages"}],"about":[{"href":"https:\/\/dharmasangh.fr\/index.php?rest_route=\/wp\/v2\/types\/page"}],"author":[{"embeddable":true,"href":"https:\/\/dharmasangh.fr\/index.php?rest_route=\/wp\/v2\/users\/3"}],"replies":[{"embeddable":true,"href":"https:\/\/dharmasangh.fr\/index.php?rest_route=%2Fwp%2Fv2%2Fcomments&post=2017"}],"version-history":[{"count":11,"href":"https:\/\/dharmasangh.fr\/index.php?rest_route=\/wp\/v2\/pages\/2017\/revisions"}],"predecessor-version":[{"id":6755,"href":"https:\/\/dharmasangh.fr\/index.php?rest_route=\/wp\/v2\/pages\/2017\/revisions\/6755"}],"up":[{"embeddable":true,"href":"https:\/\/dharmasangh.fr\/index.php?rest_route=\/wp\/v2\/pages\/3180"}],"wp:attachment":[{"href":"https:\/\/dharmasangh.fr\/index.php?rest_route=%2Fwp%2Fv2%2Fmedia&parent=2017"}],"curies":[{"name":"wp","href":"https:\/\/api.w.org\/{rel}","templated":true}]}}