{"id":2238,"date":"2014-04-01T14:02:35","date_gmt":"2014-04-01T13:02:35","guid":{"rendered":"http:\/\/dharmasangh.fr\/?page_id=2238"},"modified":"2024-10-08T15:19:17","modified_gmt":"2024-10-08T14:19:17","slug":"saiputri","status":"publish","type":"page","link":"https:\/\/dharmasangh.fr\/?page_id=2238","title":{"rendered":"Sailaputr\u00ee"},"content":{"rendered":"<p><a href=\"http:\/\/dharmasangh.fr\/wp-content\/uploads\/2014\/04\/saliputri-site.jpg\"><img loading=\"lazy\" decoding=\"async\" class=\"wp-image-2241  alignleft\" src=\"http:\/\/dharmasangh.fr\/wp-content\/uploads\/2014\/04\/saliputri-site.jpg\" alt=\"saliputri site\" width=\"222\" height=\"313\" \/><\/a><\/p>\n\n\n<p><\/p>\n\n\n\n<p class=\"has-medium-font-size\">Son nom&nbsp;<strong>\u015aailaputr\u012b&nbsp;<\/strong><em><strong><br><\/strong><\/em>signifie&nbsp;\u00ab&nbsp;<strong>La Fille de la Montagne<\/strong>&nbsp;\u00bb.<\/p>\n\n\n\n<p><em>Description&nbsp;: <\/em>&nbsp;<em>\u015a<\/em>ailaputr<a>\u012b<\/a> est assise sur le taureau blanc de la stabilit\u00e9. Elle porte le croissant de lune \u00e0 son front et sa main droite brandit le tri\u015b<a>\u016b<\/a>la, le trident, l&rsquo;arme invincible du dieu <em>\u015a<\/em>iva. Sa main gauche tient un lotus rose.<\/p>\n\n\n\n<p><\/p>\n\n\n\n<p><em>\u015a<\/em>ailaputr<a>\u012b<\/a> est la premi\u00e8re forme de la d\u00e9esse&nbsp;Durg\u0101 v\u00e9n\u00e9r\u00e9e le premier jour des&nbsp;Navar\u0101tr\u012b. Elle est l\u2019\u00e9nergie manifest\u00e9e de la <em>Grandeur<\/em> en tant qu\u2019\u00e9nergie noble et exceptionnelle. Elle est assimil\u00e9e \u00e0 la d\u00e9esse P\u0101rvat<a>\u012b<\/a>, la seconde \u00e9pouse du dieu <em>\u015a<\/em>iva et dans la mythologie puranique elle est aussi appel\u00e9e Um\u0101. Mais dans une vie ant\u00e9rieure, elle \u00e9tait aussi la fille de Dak\u1e63a <em>le Comp\u00e9tent <\/em>sous le nom de Sat<a>\u012b<\/a> la premi\u00e8re \u00e9pouse de <em>\u015a<\/em>iva.<\/p>\n\n\n\n<p>&nbsp;En ce premier jour, la s\u0101dhan\u0101 des Navar\u0101tr<a>\u012b<\/a> (la pratique spirituelle observ\u00e9e pendant les 9 jours d\u00e9di\u00e9s \u00e0 Durg\u0101) consiste \u00e0 \u00e9veiller notre \u00e9nergie. Comment&nbsp;? D\u2019abord en maintenant notre mental \u00ab&nbsp;plus immobile&nbsp;\u00bb \u00e0 l\u2019image de la montagne, pour \u00e9carter les pens\u00e9es inutiles et n\u00e9gatives. Nous pouvons alors devenir plus conscients que toute aspiration noble et \u00e9lev\u00e9e offre l\u2019opportunit\u00e9 de transformer notre destin. En \u00e9levant notre regard au-dessus de ce qui nous fait souffrir ou nous bloque dans notre vie, nous nous donnons la chance d&rsquo;y parvenir.  <\/p>\n\n\n\n<p class=\"has-black-color has-text-color has-link-color wp-elements-45cc6fed03fcbc38427a731334a92e0d\"><em>\u015a<\/em>ailaputr<a>\u012b<\/a> nous invite \u00e0 \u00e9veiller l\u2019\u00e9nergie divine pour changer quelques chose d\u2019important de notre vie (une situation personnelle ou professionnelle, un d\u00e9faut r\u00e9current, un changement d\u2019habitation, le d\u00e9sir d\u2019un enfant, l\u2019approfondissement de sa d\u00e9votion, sa foi et sa spiritualit\u00e9\u2026). Pour cela, nous pouvons prendre connaissance de l&rsquo;histoire de Sat<a>\u012b<\/a>  qui illustre la puissance de \u015bakti, l\u2019\u00e9nergie, dans sa capacit\u00e9 \u00e0 se m\u00e9tamorphoser puis m\u00e9diter sur la d\u00e9esse.  <\/p>\n\n\n\n<p>Pour qu\u2019\u00e0 la fin de cette p\u00e9riode de neuf jours nous puissions ressentir une harmonie int\u00e9rieure, propice au changement que nous esp\u00e9rons, il est essentiel de :<br>. s\u2019engager \u00e0 v\u00e9n\u00e9rer Durg\u0101 pendant neuf jours et \u00e0 pratiquer les observances des Navar\u0101tr\u012b comme la pratique d\u2019un je\u00fbne, la r\u00e9citation d\u2019un mantra, la lecture rituelle ou le chant du Durg\u0101 Sapta\u015bat<a>\u012b<\/a>, Durg\u0101 c\u0101lis\u0101 et autres versets sacr\u00e9s\u2026),<br>. regarder ce qui est nous tire vers le bas, nous m\u00e8ne \u00e0 la d\u00e9ception ou \u00e0 l\u2019\u00e9chec,<br>. rechercher l\u2019\u00e9nergie positive \u00e0 chaque instant de la journ\u00e9e, quoi qu&rsquo;il arrive. <\/p>\n\n\n\n<p><\/p>\n\n\n\n<p class=\"has-text-align-center has-black-color has-luminous-vivid-amber-background-color has-text-color has-background has-link-color has-medium-font-size wp-elements-005e4afb753567edfa8866e63eae3851\"><strong>MANTRA DU 1ER JOUR <\/strong><br><strong>\u0950 \u0926\u0947\u0935\u0940 \u0936\u0948\u0932\u092a\u0941\u0924\u094d\u0930\u094d\u092f\u0948<\/strong> <strong>\u0928\u092e\u0903<\/strong><br><strong>om dev\u012b \u015aailaputr<a>yai <\/a>nama\u1e25 ||<\/strong><br>r\u00e9citation 108 fois minimum (ou 2 x 108&#8230; ou 3 x 108&#8230;.)<\/p>\n","protected":false},"excerpt":{"rendered":"<p>Son nom&nbsp;\u015aailaputr\u012b&nbsp;signifie&nbsp;\u00ab&nbsp;La Fille de la Montagne&nbsp;\u00bb. Description&nbsp;: &nbsp;\u015aailaputr\u012b est assise sur le taureau blanc de la stabilit\u00e9. Elle porte le croissant de lune \u00e0 son front et sa main droite brandit le tri\u015b\u016bla, le trident, l&rsquo;arme invincible du dieu \u015aiva. Sa main gauche tient un lotus rose. \u015aailaputr\u012b est la premi\u00e8re forme de la d\u00e9esse&nbsp;Durg\u0101 <a href=\"https:\/\/dharmasangh.fr\/?page_id=2238\">Continue reading &#8594;<\/a><\/p>\n","protected":false},"author":3,"featured_media":0,"parent":131,"menu_order":5,"comment_status":"closed","ping_status":"closed","template":"","meta":{"footnotes":""},"class_list":["post-2238","page","type-page","status-publish","hentry"],"_links":{"self":[{"href":"https:\/\/dharmasangh.fr\/index.php?rest_route=\/wp\/v2\/pages\/2238","targetHints":{"allow":["GET"]}}],"collection":[{"href":"https:\/\/dharmasangh.fr\/index.php?rest_route=\/wp\/v2\/pages"}],"about":[{"href":"https:\/\/dharmasangh.fr\/index.php?rest_route=\/wp\/v2\/types\/page"}],"author":[{"embeddable":true,"href":"https:\/\/dharmasangh.fr\/index.php?rest_route=\/wp\/v2\/users\/3"}],"replies":[{"embeddable":true,"href":"https:\/\/dharmasangh.fr\/index.php?rest_route=%2Fwp%2Fv2%2Fcomments&post=2238"}],"version-history":[{"count":40,"href":"https:\/\/dharmasangh.fr\/index.php?rest_route=\/wp\/v2\/pages\/2238\/revisions"}],"predecessor-version":[{"id":7477,"href":"https:\/\/dharmasangh.fr\/index.php?rest_route=\/wp\/v2\/pages\/2238\/revisions\/7477"}],"up":[{"embeddable":true,"href":"https:\/\/dharmasangh.fr\/index.php?rest_route=\/wp\/v2\/pages\/131"}],"wp:attachment":[{"href":"https:\/\/dharmasangh.fr\/index.php?rest_route=%2Fwp%2Fv2%2Fmedia&parent=2238"}],"curies":[{"name":"wp","href":"https:\/\/api.w.org\/{rel}","templated":true}]}}