{"id":2254,"date":"2014-04-02T23:42:03","date_gmt":"2014-04-02T22:42:03","guid":{"rendered":"http:\/\/dharmasangh.fr\/?page_id=2254"},"modified":"2014-08-19T13:45:43","modified_gmt":"2014-08-19T12:45:43","slug":"matsya-jayanti","status":"publish","type":"page","link":"https:\/\/dharmasangh.fr\/?page_id=2254","title":{"rendered":"Matsya Jayant\u00ee"},"content":{"rendered":"<h4 style=\"text-align: center;\"><\/h4>\n<h4 style=\"text-align: center;\">F\u00eate de la naissance de Matsya<\/h4>\n<h4><a href=\"http:\/\/dharmasangh.fr\/wp-content\/uploads\/2014\/04\/Matsya-site.jpg\"><img loading=\"lazy\" decoding=\"async\" class=\"size-full wp-image-2262    aligncenter\" src=\"http:\/\/dharmasangh.fr\/wp-content\/uploads\/2014\/04\/Matsya-site.jpg\" alt=\"Matsya site\" width=\"196\" height=\"142\" \/><\/a><\/h4>\n<p>&nbsp;<\/p>\n<p><span style=\"color: #ff6600;\"><em>Matsya<\/em><\/span> est la toute premi\u00e8re incarnation de <span style=\"color: #ff6600;\"><em>Vishnu<\/em><\/span> sous la forme d&rsquo;<span style=\"color: #ff6600;\"><em>avat\u00e2ra<\/em><\/span>. Sa forme mi-homme, dans sa partie sup\u00e9rieure et mi-poisson, dans sa partie inf\u00e9rieure t\u00e9moigne de sa force et son intelligence au moment de la destruction du monde. Sa naissance intervient au cours premier \u00e2ge de la cr\u00e9ation appel\u00e9 <span style=\"color: #ff6600;\">Satya Yuga<\/span>. La f\u00eate de sa naissance est c\u00e9l\u00e9br\u00e9e le troisi\u00e8me jour du mois de<em><span style=\"color: #ff6600;\"> Caitra<\/span><\/em> o\u00f9 pri\u00e8res et offrandes sont adress\u00e9es au dieu <span style=\"color: #ff6600;\">Vishnu<\/span>.<\/p>\n<p style=\"text-align: justify;\">Il existe plusieurs r\u00e9cits sur les circonstances de sa naissance. Voici celui que nous livre le <em><span style=\"color: #ff6600;\">Mah\u00e2bh\u00e2rata<\/span><\/em> :<br \/>\n\u00ab\u00a0Un jour, <span style=\"color: #ff6600;\">Manu<\/span> le grand prog\u00e9niteur de l&rsquo;humanit\u00e9 et septi\u00e8me <span style=\"color: #ff6600;\">rishi<\/span> pratiquait ses ablutions rituelles au bord de la rivi\u00e8re <span style=\"color: #ff6600;\">Cherivi<\/span>. Son attention fut attir\u00e9e par un tout petit poisson avec lequel il n&rsquo;eut aucun mal \u00e0 communiquer. Ce dernier l&rsquo;implora de l&#8217;emmener avec lui et de le prot\u00e9ger des autres gros poissons. Touch\u00e9 par ce petit \u00eatre fragile qui lui parlait, le sage l&#8217;emporta avec lui et en prit soin. Il le mit dans un petit r\u00e9cipient mais tr\u00e8s vite, un plus grand fut n\u00e9cessaire. Sa taille changeait de jour en jour et quand il fut suffisamment fort, <span style=\"color: #ff6600;\"><em>Manu<\/em> <\/span>l&rsquo;installa dans une rivi\u00e8re. Une fois de plus, le taille du poisson d\u00e9passa celle de la rivi\u00e8re et <span style=\"color: #ff6600;\">Manu<\/span> le conduisit jusqu&rsquo;\u00e0 l&rsquo;oc\u00e9an. A grande sa surprise, le poisson \u00e0 la taille maintenant immense, lui demanda de construire un bateau et de rassembler \u00e0 l&rsquo;int\u00e9rieur ce qui pouvait \u00eatre pr\u00e9serv\u00e9 pour repeupler le monde (hommes, animaux, v\u00e9g\u00e9taux&#8230;). Quand le d\u00e9luge arriva et que les flots envahirent la terre, <span style=\"color: #ff6600;\">Manu<\/span> se r\u00e9fugia dans le bateau et l\u2019amarra \u00e0 l&rsquo;unique corne du poisson pour qu&rsquo;il ne fracasse pas. Il le conduisit jusqu&rsquo;au plus haut sommet de l&rsquo;Himalaya. <span style=\"color: #ff6600;\">Manu<\/span> et son \u00e9pouse y demeur\u00e8rent quelques temps et, quand les flots se stabilis\u00e8rent et que la terre r\u00e9apparut, <span style=\"color: #ff6600;\">Manu<\/span> repeupla le monde avec ses propres descendants et les cr\u00e9atures et v\u00e9g\u00e9taux qui avaient \u00e9t\u00e9 sauv\u00e9s. <span style=\"color: #ff6600;\">Manu<\/span> reconnut en ce poisson extraordinaire le dieu <span style=\"color: #ff6600;\">Vishnu<\/span> incarn\u00e9 pour sauver le monde.<\/p>\n<p>Quelques temples abritent en Inde une statue de <span style=\"color: #ff6600;\">Matsya<\/span> dont les plus connus sont\u00a0 le temple de<span style=\"color: #ff6600;\"> Sr\u00ee Veda Narayana\u00a0<\/span> \u00e0 <span style=\"color: #ff6600;\">Nagalapuram<\/span> en <span style=\"color: #ff6600;\">Andhara Pradesh<\/span> et celui de<span style=\"color: #ff6600;\"> Sr\u00ee Matsya M\u00fbrthi<\/span> \u00e0 <span style=\"color: #ff6600;\">Thuvarim\u00e2n Agraharam<\/span> dans le\u00a0 <span style=\"color: #ff6600;\">Tamil Nadu<\/span> pr\u00e8s de <span style=\"color: #ff6600;\">Madurai<\/span>.<\/p>\n<p>&nbsp;<\/p>\n<p>&nbsp;<\/p>\n","protected":false},"excerpt":{"rendered":"<p>F\u00eate de la naissance de Matsya &nbsp; Matsya est la toute premi\u00e8re incarnation de Vishnu sous la forme d&rsquo;avat\u00e2ra. Sa forme mi-homme, dans sa partie sup\u00e9rieure et mi-poisson, dans sa partie inf\u00e9rieure t\u00e9moigne de sa force et son intelligence au moment de la destruction du monde. Sa naissance intervient au cours premier \u00e2ge de la <a href=\"https:\/\/dharmasangh.fr\/?page_id=2254\">Continue reading &#8594;<\/a><\/p>\n","protected":false},"author":3,"featured_media":0,"parent":1601,"menu_order":0,"comment_status":"closed","ping_status":"closed","template":"","meta":{"footnotes":""},"class_list":["post-2254","page","type-page","status-publish","hentry"],"_links":{"self":[{"href":"https:\/\/dharmasangh.fr\/index.php?rest_route=\/wp\/v2\/pages\/2254","targetHints":{"allow":["GET"]}}],"collection":[{"href":"https:\/\/dharmasangh.fr\/index.php?rest_route=\/wp\/v2\/pages"}],"about":[{"href":"https:\/\/dharmasangh.fr\/index.php?rest_route=\/wp\/v2\/types\/page"}],"author":[{"embeddable":true,"href":"https:\/\/dharmasangh.fr\/index.php?rest_route=\/wp\/v2\/users\/3"}],"replies":[{"embeddable":true,"href":"https:\/\/dharmasangh.fr\/index.php?rest_route=%2Fwp%2Fv2%2Fcomments&post=2254"}],"version-history":[{"count":21,"href":"https:\/\/dharmasangh.fr\/index.php?rest_route=\/wp\/v2\/pages\/2254\/revisions"}],"predecessor-version":[{"id":3060,"href":"https:\/\/dharmasangh.fr\/index.php?rest_route=\/wp\/v2\/pages\/2254\/revisions\/3060"}],"up":[{"embeddable":true,"href":"https:\/\/dharmasangh.fr\/index.php?rest_route=\/wp\/v2\/pages\/1601"}],"wp:attachment":[{"href":"https:\/\/dharmasangh.fr\/index.php?rest_route=%2Fwp%2Fv2%2Fmedia&parent=2254"}],"curies":[{"name":"wp","href":"https:\/\/api.w.org\/{rel}","templated":true}]}}