{"id":2276,"date":"2014-04-02T10:37:34","date_gmt":"2014-04-02T09:37:34","guid":{"rendered":"http:\/\/dharmasangh.fr\/?page_id=2276"},"modified":"2024-10-08T15:19:58","modified_gmt":"2024-10-08T14:19:58","slug":"candra-gantha","status":"publish","type":"page","link":"https:\/\/dharmasangh.fr\/?page_id=2276","title":{"rendered":"Candragha\u1e47\u1e6d\u0101"},"content":{"rendered":"<div class=\"wp-block-image\">\n<figure class=\"alignleft size-full is-resized\"><a href=\"https:\/\/dharmasangh.fr\/wp-content\/uploads\/2014\/04\/candra-ghanta-site.jpg\"><img loading=\"lazy\" decoding=\"async\" width=\"199\" height=\"253\" src=\"https:\/\/dharmasangh.fr\/wp-content\/uploads\/2014\/04\/candra-ghanta-site.jpg\" alt=\"\" class=\"wp-image-2283\" style=\"width:245px;height:auto\"\/><\/a><\/figure><\/div>\n\n\n<p class=\"has-medium-font-size\">Son nom&nbsp;<strong>Candragha\u1e47\u1e6d\u0101<\/strong><em><strong><br><\/strong><\/em>signifie&nbsp;\u00ab&nbsp;<strong>Celle qui agit au moyen de la Lune et de la cloche<\/strong>&nbsp;\u00bb.<\/p>\n\n\n\n<p><em>Description&nbsp;: <\/em>&nbsp;Candragha\u1e47\u1e6d\u0101 est assise sur un tigre en position de guerri\u00e8re. Elle a dix mains dont certaines sont puissamment arm\u00e9es d&rsquo;un arc, d&rsquo;une fl\u00e8che, du trident, d&rsquo;une \u00e9p\u00e9e recourb\u00e9e et d&rsquo;une massue pour le combat. Elle poss\u00e8de \u00e9galement des attributs rituels tels qu&rsquo;un rosaire, un lotus et un kama\u1e47\u1e0dalu. Elle adresse \u00e0 ses adorateurs le geste de b\u00e9n\u00e9diction (varada mudr\u0101) et le geste de protection (abhaya mudr\u0101)  qui \u00e9carte toute peur. Son teint est dor\u00e9 et lumineux. Elle ouvre son troisi\u00e8me \u0153il. <\/p>\n\n\n\n<p>Candraga\u1e47\u1e6dh\u0101 est la troisi\u00e8me forme de la d\u00e9esse&nbsp;Durg\u0101 v\u00e9n\u00e9r\u00e9e le troisi\u00e8me jour des&nbsp;Navar\u0101tr\u012b. Elle repr\u00e9sente l\u2019\u00e9nergie du mental dans sa forme lumineuse et positive. En effet, elle porte un croissant de lune sur son front, indiquant que l\u2019\u00e9nergie commence \u00e0 cro\u00eetre progressivement pour devenir propice \u00e0 l\u2019initiation d&rsquo;un nouveau d\u00e9part, de nouveaux projets, comportements&#8230; Pour cela, elle affiche toute sa vaillance et son courage en si\u00e9geant sur un tigre. <\/p>\n\n\n\n<p>Le croissant de lune sur le front de cette d\u00e9esse nous indique en ce jour que l&rsquo;\u00e9nergie f\u00e9minine s&rsquo;associe \u00e0 l&rsquo;esprit (le mental) car il est temps d&rsquo;entrer dans plus de clairvoyance. Elle sonne l&rsquo;heure d&rsquo;un nouveau d\u00e9part, une r\u00e9orientation du mental vers une vision renouvel\u00e9e des choses, symbolis\u00e9 par le croissant de lune, d&rsquo;o\u00f9 son nom Candragha\u1e47\u1e6d\u0101. Cette phase de la Lune est li\u00e9e aux renaissances et \u00e0 la fa\u00e7on dont nous agissons pour nous reconnecter \u00e0 notre v\u00e9ritable essence divine. <\/p>\n\n\n\n<p>Candragha\u1e47\u1e6d\u0101 est l&rsquo;incarnation de la bravoure et poss\u00e8de une grande force. Pr\u00eate pour mener son combat, elle fait aussi sonner sa cloche pour informer les d\u00e9mons de sa pr\u00e9sence, de sa pr\u00e9paration pour le combat et reste en position de vigilance. Dot\u00e9e des attributs essentiels de la pratique rituelle, elle nous invite \u00e0 poursuivre la purification d\u00e9but\u00e9e les deux pr\u00e9c\u00e9dents jours. Son teint dor\u00e9 lui conf\u00e8re un visage ayonnant de lumi\u00e8re divine et son aura nous renvoie \u00e0 la puissance potentielle d&rsquo;action. <\/p>\n\n\n\n<p>En ce troisi\u00e8me jour, la s\u0101dhan\u0101 des Navar\u0101tr<a>\u012b<\/a> (la pratique spirituelle observ\u00e9e pendant les 9 jours d\u00e9di\u00e9s \u00e0 Durg\u0101) consiste \u00e0 d\u00e9buter concr\u00e8tement le combat contre les id\u00e9es noires, les angoisses, les d\u00e9fauts&#8230; Comment&nbsp;? En activant le son purificateur de notre propre cloche int\u00e9rieure, tout en utilisant les \u00ab\u00a0armes\u00a0\u00bb de la purification rituelle et mantrique pour nous prot\u00e9ger des \u00e9nergies n\u00e9gatives ext\u00e9rieures et de celles que nous g\u00e9n\u00e9rons int\u00e9rieurement, parfois malgr\u00e9 nous. <\/p>\n\n\n\n<p>Pour qu\u2019\u00e0 la fin de cette p\u00e9riode de neuf jours nous puissions ressentir une harmonie int\u00e9rieure, propice au changement que nous esp\u00e9rons, il est essentiel de :<br>. r\u00e9veiller le guerrier de la vigilance et du discernement qui sommeille en nous,<br>. ne pas h\u00e9siter \u00e0 utiliser \u00ab\u00a0sa propre cloche int\u00e9rieure\u00a0\u00bb pour repousser l&rsquo;\u00e9nergie n\u00e9gative et les d\u00e9mons (d\u00e9fauts) int\u00e9rieurs qui nous habitent, puis stopper les fluctuations du mental,<br>. rechercher la paix int\u00e9rieure tout en gardant un c\u0153ur intr\u00e9pide. <\/p>\n\n\n\n<p class=\"has-text-align-center has-black-color has-luminous-vivid-amber-background-color has-text-color has-background has-link-color wp-elements-53582bb5b23294ad5bf324f02aadeabf\"><strong>MANTRA DU 3e JOUR<\/strong><br>\u0950 \u0926\u0947\u0935\u0940 \u091a\u0928\u094d\u0926\u094d\u0930\u0918\u0923\u094d\u091f\u093e\u092f\u0948 \u0928\u092e\u0903<strong> <\/strong><br><strong>om dev<a>\u012b<\/a> Candragha\u1e47\u1e6dayai<\/strong> <strong>nama\u1e25 ||<\/strong><br>r\u00e9citation 108 fois minimum (ou 2 x 108\u2026 ou 3 x 108\u2026.)<\/p>\n\n\n\n<p><\/p>\n","protected":false},"excerpt":{"rendered":"<p>Son nom&nbsp;Candragha\u1e47\u1e6d\u0101signifie&nbsp;\u00ab&nbsp;Celle qui agit au moyen de la Lune et de la cloche&nbsp;\u00bb. Description&nbsp;: &nbsp;Candragha\u1e47\u1e6d\u0101 est assise sur un tigre en position de guerri\u00e8re. Elle a dix mains dont certaines sont puissamment arm\u00e9es d&rsquo;un arc, d&rsquo;une fl\u00e8che, du trident, d&rsquo;une \u00e9p\u00e9e recourb\u00e9e et d&rsquo;une massue pour le combat. Elle poss\u00e8de \u00e9galement des attributs rituels tels <a href=\"https:\/\/dharmasangh.fr\/?page_id=2276\">Continue reading &#8594;<\/a><\/p>\n","protected":false},"author":3,"featured_media":0,"parent":131,"menu_order":7,"comment_status":"closed","ping_status":"closed","template":"","meta":{"footnotes":""},"class_list":["post-2276","page","type-page","status-publish","hentry"],"_links":{"self":[{"href":"https:\/\/dharmasangh.fr\/index.php?rest_route=\/wp\/v2\/pages\/2276","targetHints":{"allow":["GET"]}}],"collection":[{"href":"https:\/\/dharmasangh.fr\/index.php?rest_route=\/wp\/v2\/pages"}],"about":[{"href":"https:\/\/dharmasangh.fr\/index.php?rest_route=\/wp\/v2\/types\/page"}],"author":[{"embeddable":true,"href":"https:\/\/dharmasangh.fr\/index.php?rest_route=\/wp\/v2\/users\/3"}],"replies":[{"embeddable":true,"href":"https:\/\/dharmasangh.fr\/index.php?rest_route=%2Fwp%2Fv2%2Fcomments&post=2276"}],"version-history":[{"count":22,"href":"https:\/\/dharmasangh.fr\/index.php?rest_route=\/wp\/v2\/pages\/2276\/revisions"}],"predecessor-version":[{"id":7478,"href":"https:\/\/dharmasangh.fr\/index.php?rest_route=\/wp\/v2\/pages\/2276\/revisions\/7478"}],"up":[{"embeddable":true,"href":"https:\/\/dharmasangh.fr\/index.php?rest_route=\/wp\/v2\/pages\/131"}],"wp:attachment":[{"href":"https:\/\/dharmasangh.fr\/index.php?rest_route=%2Fwp%2Fv2%2Fmedia&parent=2276"}],"curies":[{"name":"wp","href":"https:\/\/api.w.org\/{rel}","templated":true}]}}