{"id":2339,"date":"2014-04-02T13:21:53","date_gmt":"2014-04-02T12:21:53","guid":{"rendered":"http:\/\/dharmasangh.fr\/?page_id=2339"},"modified":"2014-08-19T13:46:44","modified_gmt":"2014-08-19T12:46:44","slug":"a-propos","status":"publish","type":"page","link":"https:\/\/dharmasangh.fr\/?page_id=2339","title":{"rendered":"A propos&#8230;"},"content":{"rendered":"<p>Les grandes f\u00eates liturgiques de la tradition hindoue sont c\u00e9l\u00e9br\u00e9es au rythme des six saisons. Le calendrier hindou est bas\u00e9 sur les phases de la lune avec ses jours lunaires <span style=\"color: #ff6600;\">tithi<\/span> qui permettent de fixer rigoureusement les dates de c\u00e9l\u00e9bration des f\u00eates et des<span style=\"color: #ff6600;\"> vrat<\/span>. Chaque mois, bien des jours rendent hommage aux divinit\u00e9s. A l\u2019origine, ces r\u00e8gles relatives \u00e0 la c\u00e9l\u00e9bration et \u00e0 la v\u00e9n\u00e9ration des dieux furent transmises par les <span style=\"color: #ff6600;\">Rishi<\/span>, les anciens sages ou \u00ab voyants \u00bb de l\u2019Inde, qui ont per\u00e7u l\u2019univers comme un v\u00e9ritable temple, celui de la manifestation divine. C\u2019est ainsi que toutes les cr\u00e9ations, les dieux, les sages, les anc\u00eatres, les animaux (fid\u00e8les v\u00e9hicules des divinit\u00e9s), les formes min\u00e9rales ou v\u00e9g\u00e9tales\u2026, sont c\u00e9l\u00e9br\u00e9s ou comm\u00e9mor\u00e9s. F\u00eates et processions ponctuent donc l\u2019ann\u00e9e, conviant \u00e0 un v\u00e9ritable rendez-vous avec les dieux. Elles sont l&rsquo;occasion de pratiquer des observances <span style=\"color: #ff6600;\">vrat<\/span> et c\u2019est en famille au grand complet que l\u2019on assiste aux <span style=\"color: #ff6600;\">p\u00fbj\u00e2<\/span> et aux f\u00eates ; ce sont des pri\u00e8res, des chants, des danses, des musiques, des repr\u00e9sentations th\u00e9\u00e2trales contant les \u00e9pisodes de la vie des dieux allant jusqu&rsquo;aux spectacles de rue accessibles \u00e0 tous, riches et pauvres, qui durent parfois plus d\u2019un mois. Ce sont aussi des p\u00e8lerinages, proches ou lointains qui peuvent prendre la forme de gigantesques rassemblements dont le plus spectaculaire est la <span style=\"color: #ff6600;\">Kumbha Mela<\/span>, le grand rassemblement des<span style=\"color: #ff6600;\"> s\u00e2dhus<\/span>. Ce sont autant d\u2019occasions d\u2019entendre ou de r\u00e9entendre les paroles divines \u00e0 travers les enseignements et les commentaires des sages, enrichis de lectures et de citations des versets sacr\u00e9s ou des r\u00e9cits \u00e9piques. Tout cela s\u2019inscrit dans un souci de donner \u00e0 tous et de transmettre une tradition mill\u00e9naire, celle du<span style=\"color: #ff6600;\"> san\u00e2tana dharma<\/span>, la tradition et ses lois divines naturelles et \u00e9ternelles de la cr\u00e9ation.<\/p>\n<p>Les f\u00eates sont l\u2019occasion de faire un v\u0153u dans le but de s\u2019am\u00e9liorer int\u00e9rieurement, de se purifier dans le bain sacr\u00e9 de la rivi\u00e8re, de pratiquer des dons pour les dieux et les hommes. On offre tout ce qui est n\u00e9cessaire au dieu ou \u00e0 la d\u00e9esse c\u00e9l\u00e9br\u00e9e et l\u2019on nourrit de <span style=\"color: #ff6600;\">prasad<\/span> tous ceux qui sont venus. Les dieux sont les mod\u00e8les de courage, de vertu, de beaut\u00e9, de sagesse et sont \u00e0 l\u2019image d\u2019un p\u00e8re ou d\u2019une m\u00e8re qui guide tout au long de la vie. Les f\u00eates indiennes connectent \u00e0 la joie de la pri\u00e8re, \u00e0 l\u2019engagement, la fid\u00e9lit\u00e9, \u00e0 l\u2019acte d\u00e9di\u00e9 \u00e0 un principe ou \u00e0 une \u00e9nergie sup\u00e9rieure Ceci, dans le but d\u2019\u00e9lever sa propre conscience au niveau des dieux, et de ceux qui ont \u0153uvr\u00e9, tout au long de leur vie, pour que la grande famille humaine poursuive harmonieusement le chemin de la vie.<\/p>\n","protected":false},"excerpt":{"rendered":"<p>Les grandes f\u00eates liturgiques de la tradition hindoue sont c\u00e9l\u00e9br\u00e9es au rythme des six saisons. Le calendrier hindou est bas\u00e9 sur les phases de la lune avec ses jours lunaires tithi qui permettent de fixer rigoureusement les dates de c\u00e9l\u00e9bration des f\u00eates et des vrat. Chaque mois, bien des jours rendent hommage aux divinit\u00e9s. A <a href=\"https:\/\/dharmasangh.fr\/?page_id=2339\">Continue reading &#8594;<\/a><\/p>\n","protected":false},"author":3,"featured_media":0,"parent":1601,"menu_order":0,"comment_status":"closed","ping_status":"closed","template":"","meta":{"footnotes":""},"class_list":["post-2339","page","type-page","status-publish","hentry"],"_links":{"self":[{"href":"https:\/\/dharmasangh.fr\/index.php?rest_route=\/wp\/v2\/pages\/2339","targetHints":{"allow":["GET"]}}],"collection":[{"href":"https:\/\/dharmasangh.fr\/index.php?rest_route=\/wp\/v2\/pages"}],"about":[{"href":"https:\/\/dharmasangh.fr\/index.php?rest_route=\/wp\/v2\/types\/page"}],"author":[{"embeddable":true,"href":"https:\/\/dharmasangh.fr\/index.php?rest_route=\/wp\/v2\/users\/3"}],"replies":[{"embeddable":true,"href":"https:\/\/dharmasangh.fr\/index.php?rest_route=%2Fwp%2Fv2%2Fcomments&post=2339"}],"version-history":[{"count":6,"href":"https:\/\/dharmasangh.fr\/index.php?rest_route=\/wp\/v2\/pages\/2339\/revisions"}],"predecessor-version":[{"id":3061,"href":"https:\/\/dharmasangh.fr\/index.php?rest_route=\/wp\/v2\/pages\/2339\/revisions\/3061"}],"up":[{"embeddable":true,"href":"https:\/\/dharmasangh.fr\/index.php?rest_route=\/wp\/v2\/pages\/1601"}],"wp:attachment":[{"href":"https:\/\/dharmasangh.fr\/index.php?rest_route=%2Fwp%2Fv2%2Fmedia&parent=2339"}],"curies":[{"name":"wp","href":"https:\/\/api.w.org\/{rel}","templated":true}]}}