{"id":2471,"date":"2014-04-02T22:55:00","date_gmt":"2014-04-02T21:55:00","guid":{"rendered":"http:\/\/dharmasangh.fr\/?page_id=2471"},"modified":"2014-08-19T13:45:11","modified_gmt":"2014-08-19T12:45:11","slug":"gauri-tritiya-vrat","status":"publish","type":"page","link":"https:\/\/dharmasangh.fr\/?page_id=2471","title":{"rendered":"Gauri Trit\u00eey\u00e2 Vrat"},"content":{"rendered":"<h4 style=\"text-align: center;\">F\u00eate d\u00e9di\u00e9e \u00e0 la d\u00e9esse <span style=\"color: #ff6600;\">Parvat\u00ee<\/span> et au dieu <span style=\"color: #ff6600;\">Shiva<\/span>.<\/h4>\n<p><a href=\"http:\/\/dharmasangh.fr\/wp-content\/uploads\/2014\/04\/shiva-parvati-site.jpg\"><img loading=\"lazy\" decoding=\"async\" class=\"size-full wp-image-2474 aligncenter\" src=\"http:\/\/dharmasangh.fr\/wp-content\/uploads\/2014\/04\/shiva-parvati-site.jpg\" alt=\"shiva parvati site\" width=\"194\" height=\"136\" srcset=\"https:\/\/dharmasangh.fr\/wp-content\/uploads\/2014\/04\/shiva-parvati-site.jpg 483w, https:\/\/dharmasangh.fr\/wp-content\/uploads\/2014\/04\/shiva-parvati-site-300x209.jpg 300w\" sizes=\"auto, (max-width: 194px) 100vw, 194px\" \/><\/a><\/p>\n<p>&nbsp;<\/p>\n<p>&nbsp;<\/p>\n<p>Elle a lieu le troisi\u00e8me jour lunaire du mois de <span style=\"color: #ff6600;\">Caitra<\/span>. Elle est surtout suivie au Rajasthan et dans quelques \u00e9tat du nord de l&rsquo;Inde comme l&rsquo;Uttar Pradesh, Madhya Pradesh, Gujarat&#8230;<\/p>\n<p>Cette f\u00eate est aussi appel\u00e9e <span style=\"color: #ff6600;\">Gangaur<\/span>.\u00a0 Les femmes c\u00e9libataires et les jeunes filles prient la d\u00e9esse <span style=\"color: #ff6600;\">Parvat\u00ee<\/span> pour obtenir un mari en m\u00e9moire des grandes observances qu&rsquo;elle pratiqua pour obtenir <span style=\"color: #ff6600;\">Shiva<\/span> comme mari. Un je\u00fbne compos\u00e9 uniquement\u00a0 de fruits est observ\u00e9 pendant toute la journ\u00e9e. Pri\u00e8res, dons et offrandes de fleurs\u00a0 rouges sont adress\u00e9es pour obtenir la gr\u00e2ce du couple divin.<\/p>\n<p>&nbsp;<\/p>\n<p>&nbsp;<\/p>\n<p>&nbsp;<\/p>\n<p>&nbsp;<\/p>\n<p>&nbsp;<\/p>\n<p>&nbsp;<\/p>\n<p>&nbsp;<\/p>\n<p>&nbsp;<\/p>\n<p>&nbsp;<\/p>\n<p>&nbsp;<\/p>\n<p>&nbsp;<\/p>\n<p>&nbsp;<\/p>\n<p>&nbsp;<\/p>\n<p>&nbsp;<\/p>\n<p>&nbsp;<\/p>\n<p>&nbsp;<\/p>\n<p>&nbsp;<\/p>\n<p>&nbsp;<\/p>\n<p>&nbsp;<\/p>\n<p>&nbsp;<\/p>\n<p>&nbsp;<\/p>\n<p>&nbsp;<\/p>\n<p>&nbsp;<\/p>\n<p>&nbsp;<\/p>\n<p>&nbsp;<\/p>\n<p>&nbsp;<\/p>\n<p>&nbsp;<\/p>\n<p>&nbsp;<\/p>\n<p>&nbsp;<\/p>\n<p>&nbsp;<\/p>\n<p>&nbsp;<\/p>\n<p>&nbsp;<\/p>\n<p>&nbsp;<\/p>\n<p>&nbsp;<\/p>\n<p>&nbsp;<\/p>\n<p>&nbsp;<\/p>\n<p>&nbsp;<\/p>\n<p>&nbsp;<\/p>\n<p>&nbsp;<\/p>\n<p>&nbsp;<\/p>\n<p>&nbsp;<\/p>\n<p>&nbsp;<\/p>\n<p>&nbsp;<\/p>\n<p>&nbsp;<\/p>\n<p>&nbsp;<\/p>\n<p>&nbsp;<\/p>\n<p>&nbsp;<\/p>\n<p>&nbsp;<\/p>\n<p>&nbsp;<\/p>\n<p>&nbsp;<\/p>\n<p>&nbsp;<\/p>\n<div id=\"stcpDiv\" style=\"position: absolute; top: -1999px; left: -1988px;\"><span class=\"notranslate\">Un rituel hindou importante, Gauri Parvati Vrata est observ\u00e9 par les femmes c\u00e9libataires et les jeunes filles.<\/span> <span class=\"notranslate\"> Aussi connu sous le nom Gouri Vrata ou Gauri Vrat, ce rituel est effectu\u00e9 au cours du mois hindou de Ashadha et est d\u00e9di\u00e9 \u00e0 la d\u00e9esse Parvati.<\/span> <span class=\"notranslate\"> La d\u00e9esse Parvati est aussi appel\u00e9 Gauri.<\/span> <span class=\"notranslate\"> Selon le calendrier gr\u00e9gorien, la date de cette tombe vite en g\u00e9n\u00e9ral au mois de Juillet ou Ao\u00fbt.<\/span> <span class=\"notranslate\"> Gauri Parvati Vrat est immens\u00e9ment respect\u00e9 par les jeunes filles non mari\u00e9es dans l&rsquo;\u00c9tat indien du Gujarat.<\/span> <span class=\"notranslate\"> Faites d\u00e9filer les lignes suivantes en savoir plus sur Gauri Parvati Vrata et la proc\u00e9dure pour observer le m\u00eame.<\/span><span class=\"notranslate\"> <strong>Comment observer Vat Gouri Vrata<\/strong><\/span><br \/>\n<span class=\"notranslate\"> Selon les l\u00e9gendes, la d\u00e9esse Parvati avait effectu\u00e9 aust\u00e9rit\u00e9s intenses (tapas) afin d&rsquo;obtenir Seigneur Shiva comme son mari.<\/span> <span class=\"notranslate\"> Depuis lors, les femmes non mari\u00e9es ont observ\u00e9 ce je\u00fbne sous le pr\u00e9texte d&rsquo;obtenir un mari id\u00e9al et d\u00e9vou\u00e9, comme le Seigneur Shiva.<\/span> <span class=\"notranslate\"> Gauri Parvati Vrat est observ\u00e9e pendant cinq jours \u00e0 compter du jour Ekadashi au mois de Ashada dans la phase de cirage de la lune.<\/span> <span class=\"notranslate\"> Le je\u00fbne se termine le jour de Purnima.<\/span> <span class=\"notranslate\"> Un je\u00fbne partiel est observ\u00e9 dans laquelle les filles r\u00e9ussissent pujas pour la d\u00e9esse Parvati.<\/span><span class=\"notranslate\"> Une tradition unique est suivie au cours de cette p\u00e9riode de cinq jours.<\/span> <span class=\"notranslate\"> Toutes les femmes d&rsquo;observation Gauri Vrata poussent pousses de ma\u00efs dans une petite casserole.<\/span> <span class=\"notranslate\"> Les pousses de ma\u00efs tendres \u00e9mergents avec Lord Surya (soleil) sont ador\u00e9s pendant la journ\u00e9e, sans oublier la d\u00e9esse Parvati.<\/span> <span class=\"notranslate\"> Tout en consid\u00e9rant la nourriture \u00e0 \u00eatre consomm\u00e9s au cours des cinq jours de je\u00fbne, le sel est strictement interdite.<\/span> <span class=\"notranslate\"> Seulement la farine de bl\u00e9, du beurre fondu et le lait sont utilis\u00e9s pour la pr\u00e9paration des aliments.<\/span> <span class=\"notranslate\"> Cependant, diff\u00e9rents fruits peuvent \u00eatre consomm\u00e9s ainsi.<\/span> <span class=\"notranslate\"> Sur Purnima jour pour mettre fin \u00e0 la vrat, les filles ont une vache puja \u00bbet aussi ses adieux \u00e0 la d\u00e9esse Parvati.<\/span> &#8211; See more at: http:\/\/translate.googleusercontent.com\/translate_c?depth=1&amp;hl=fr&amp;prev=\/search%3Fq%3Dgauri%2Btritiya%2Bvrat%26client%3Dfirefox-a%26hs%3D8to%26rls%3Dorg.mozilla:fr:official%26channel%3Dfflb&amp;rurl=translate.google.fr&amp;sl=en&amp;u=http:\/\/festivals.iloveindia.com\/rituals\/gauri-parvati-vrat.html&amp;usg=ALkJrhjSY35481mbZdIBoK3rZ-fzoKdp6g#sthash.Bn1NmmoS.dpuf<\/div>\n","protected":false},"excerpt":{"rendered":"<p>F\u00eate d\u00e9di\u00e9e \u00e0 la d\u00e9esse Parvat\u00ee et au dieu Shiva. &nbsp; &nbsp; Elle a lieu le troisi\u00e8me jour lunaire du mois de Caitra. Elle est surtout suivie au Rajasthan et dans quelques \u00e9tat du nord de l&rsquo;Inde comme l&rsquo;Uttar Pradesh, Madhya Pradesh, Gujarat&#8230; Cette f\u00eate est aussi appel\u00e9e Gangaur.\u00a0 Les femmes c\u00e9libataires et les jeunes <a href=\"https:\/\/dharmasangh.fr\/?page_id=2471\">Continue reading &#8594;<\/a><\/p>\n","protected":false},"author":3,"featured_media":0,"parent":1601,"menu_order":0,"comment_status":"closed","ping_status":"closed","template":"","meta":{"footnotes":""},"class_list":["post-2471","page","type-page","status-publish","hentry"],"_links":{"self":[{"href":"https:\/\/dharmasangh.fr\/index.php?rest_route=\/wp\/v2\/pages\/2471","targetHints":{"allow":["GET"]}}],"collection":[{"href":"https:\/\/dharmasangh.fr\/index.php?rest_route=\/wp\/v2\/pages"}],"about":[{"href":"https:\/\/dharmasangh.fr\/index.php?rest_route=\/wp\/v2\/types\/page"}],"author":[{"embeddable":true,"href":"https:\/\/dharmasangh.fr\/index.php?rest_route=\/wp\/v2\/users\/3"}],"replies":[{"embeddable":true,"href":"https:\/\/dharmasangh.fr\/index.php?rest_route=%2Fwp%2Fv2%2Fcomments&post=2471"}],"version-history":[{"count":8,"href":"https:\/\/dharmasangh.fr\/index.php?rest_route=\/wp\/v2\/pages\/2471\/revisions"}],"predecessor-version":[{"id":3059,"href":"https:\/\/dharmasangh.fr\/index.php?rest_route=\/wp\/v2\/pages\/2471\/revisions\/3059"}],"up":[{"embeddable":true,"href":"https:\/\/dharmasangh.fr\/index.php?rest_route=\/wp\/v2\/pages\/1601"}],"wp:attachment":[{"href":"https:\/\/dharmasangh.fr\/index.php?rest_route=%2Fwp%2Fv2%2Fmedia&parent=2471"}],"curies":[{"name":"wp","href":"https:\/\/api.w.org\/{rel}","templated":true}]}}