{"id":2521,"date":"2014-04-03T11:18:44","date_gmt":"2014-04-03T10:18:44","guid":{"rendered":"http:\/\/dharmasangh.fr\/?page_id=2521"},"modified":"2024-10-11T15:11:48","modified_gmt":"2024-10-11T14:11:48","slug":"kusmanda","status":"publish","type":"page","link":"https:\/\/dharmasangh.fr\/?page_id=2521","title":{"rendered":"K\u016b\u1e63m\u0101\u1e47\u1e0d\u0101"},"content":{"rendered":"<div class=\"wp-block-image\">\n<figure class=\"alignleft\"><a href=\"http:\/\/dharmasangh.fr\/wp-content\/uploads\/2014\/04\/kusmanda-site.jpg\"><img loading=\"lazy\" decoding=\"async\" width=\"239\" height=\"300\" src=\"http:\/\/dharmasangh.fr\/wp-content\/uploads\/2014\/04\/kusmanda-site.jpg\" alt=\"kusmanda site\" class=\"wp-image-2530\"\/><\/a><figcaption class=\"wp-element-caption\"><strong>K\u016b\u1e63m\u0101\u1e47\u1e0d\u0101<\/strong><\/figcaption><\/figure><\/div>\n\n\n<p class=\"has-medium-font-size\">Son nom&nbsp;<strong>K\u016b\u1e63m\u0101\u1e47\u1e0d\u0101<\/strong><em><strong><br><\/strong><\/em>signifie&nbsp;<strong>\u00ab&nbsp;Celle par laquelle le monde appara\u00eet \u00bb.<\/strong><\/p>\n\n\n\n<p class=\"has-medium-font-size\"><em>Description\u00a0:\u00a0<\/em>\u00a0K\u016b\u1e63m\u0101\u1e47\u1e0d\u0101\u00a0si\u00e8ge sur un lion. Elle a huit bras dont quatre sont puissamment arm\u00e9s, comme le disque, la massue, l&rsquo;arc et la fl\u00e8che, et quatre autres dot\u00e9s de pouvoirs cr\u00e9ateurs tels le \u00a0kama\u1e47\u1e0dalu contenant l&rsquo;eau rituelle, le pot du pr\u00e9cieux nectar de vie, le rosaire ainsi que le lotus. Son teint a la couleur de l&rsquo;or illumin\u00e9 par son sourire. Le chiffre huit est \u00e9troitement li\u00e9 \u00e0 cette d\u00e9esse car il est le nombre de Lak<strong>\u1e63<\/strong>m\u012b<em>, <\/em>la d\u00e9esse de la lumi\u00e8re et de la Prosp\u00e9rit\u00e9.<\/p>\n\n\n\n<p class=\"has-medium-font-size\">K\u016b\u1e63m\u0101\u1e47\u1e0d\u0101\u00a0\u00a0est la quatri\u00e8me forme de la d\u00e9esse\u00a0Durg\u0101 v\u00e9n\u00e9r\u00e9e le quatri\u00e8me jour des\u00a0Navar\u0101tr\u012b. Elle repr\u00e9sente l\u2019\u00e9nergie par laquelle toute vie appara\u00eet, comme l&rsquo;indique son nom par les trois mots qui le composent :\u00a0<em>Ku<\/em>\u00a0en sanskrit fait r\u00e9f\u00e9rence \u00e0 ce qui est tout petit, <em>u\u1e63ma<\/em>\u00a0\u00e0 la chaleur et <em>anda\u00a0<\/em>\u00e0 l&rsquo;oeuf. Son nom est aussi celui du fruit la calebasse, une cat\u00e9gorie de courge que l&rsquo;on trouve dans les r\u00e9gions tropicales.  Ce fruit est associ\u00e9 \u00e0 la fertilit\u00e9 car ses graines sont tr\u00e8s nombreuses et sa forme est ronde comme la terre. K\u016b\u1e63m\u0101\u1e47\u1e0d\u0101<em>\u00a0<\/em> apporte, en ce jour, l&rsquo;espoir d&rsquo;une nouvelle vie et de nouvelles cr\u00e9ations. Son pouvoir est immense : par la seule force de son sourire, elle ouvre la voie \u00e0 ses adorateurs. C&rsquo;est elle qui \u00e9bauche et fa\u00e7onne les attentes justes et \u00e9lev\u00e9es de la pens\u00e9e, simplement gr\u00e2ce \u00e0 l&rsquo;\u00e9nergie du coeur et de la joie, une puissance qui \u00e9mane de son sourire divin. On dit d&rsquo;ailleurs que K\u016b\u1e63m\u0101\u1e47\u1e0d\u0101<em>\u00a0<\/em>a cr\u00e9\u00e9 l&rsquo;anda avec son sourire lumieux.<\/p>\n\n\n\n<p class=\"has-medium-font-size\">En ce quatri\u00e8me jour, la s\u0101dhan\u0101 des Navar\u0101tr<a>\u012b<\/a>&nbsp;(la pratique spirituelle observ\u00e9e pendant les 9 jours d\u00e9di\u00e9s \u00e0 Durg\u0101) consiste \u00e0 nous connecter \u00e0 l&rsquo;\u00e9nergie du coeur et \u00e0 la joie. Cette d\u00e9esse r\u00e8gne sur l&rsquo;anahata chakra, le chakra du coeur et nous incite \u00e0 sourire tout en cultivant notre foi et notre d\u00e9votion \u00e0 Durg\u0101. chemin spirituel qu&rsquo;elle propose est empreint d&rsquo;amour, de joie, d&#8217;empathie et de compassion. Elle nous enseigne que, face aux \u00e9preuves de la vie, plut\u00f4t que de c\u00e9der \u00e0 la tristesse, \u00e0 la col\u00e8re ou \u00e0 toute autre \u00e9motion sombre et d\u00e9stabilisante, nous devons pr\u00e9server ce sourire int\u00e9rieur et l\u2019offrir aux autres. Car c\u2019est en donnant avec le c\u0153ur, en illuminant autrui par notre sourire, que nous pouvons esp\u00e9rer recevoir l\u2019aide divine et gagner les batailles de la vie.<\/p>\n\n\n\n<p class=\"has-medium-font-size\">Pour qu\u2019\u00e0 la fin de cette p\u00e9riode de neuf jours nous puissions ressentir une harmonie int\u00e9rieure, propice au changement que nous esp\u00e9rons, il est essentiel de :<br>. continuer le travail de vigilance, de canalisation et de d\u00e9tachement du mental,<br>. cultiver la paix int\u00e9rieure en focalisant son esprit sur la r\u00e9gion du coeur pour d\u00e9sar\u00e7onner nos \u00ab\u00a0d\u00e9mons\u00a0\u00bb int\u00e9rieurs,<br>. relativiser chaque situation difficile en pratiquant le sourire \u00ab\u00a0ext\u00e9rieur\u00a0\u00bb et le sourire \u00ab\u00a0int\u00e9rieur\u00a0\u00bb<\/p>\n\n\n\n<p class=\"has-text-align-center\">&nbsp;<\/p>\n\n\n\n<p class=\"has-text-align-center has-black-color has-luminous-vivid-amber-background-color has-text-color has-background has-link-color wp-elements-775c3c3f5b27b385f42b8f1ed5b820c6\"><strong>MANTRA DU 4e JOUR<\/strong><br>\u0950 \u0926\u0947\u0935\u0940 \u0915\u0942\u0937\u094d\u092e\u093e\u0923\u094d\u0921\u093e\u092f\u0948 \u0928\u092e\u0903<br><strong>om dev<a>\u012b<\/a>\u00a0K\u016b\u1e63m\u0101\u1e47\u1e0d\u0101yai<\/strong>\u00a0<strong>nama\u1e25 ||<\/strong><br>r\u00e9citation 108 fois minimum (ou 2 x 108\u2026 ou 3 x 108\u2026.)<\/p>\n","protected":false},"excerpt":{"rendered":"<p>Son nom&nbsp;K\u016b\u1e63m\u0101\u1e47\u1e0d\u0101signifie&nbsp;\u00ab&nbsp;Celle par laquelle le monde appara\u00eet \u00bb. Description\u00a0:\u00a0\u00a0K\u016b\u1e63m\u0101\u1e47\u1e0d\u0101\u00a0si\u00e8ge sur un lion. Elle a huit bras dont quatre sont puissamment arm\u00e9s, comme le disque, la massue, l&rsquo;arc et la fl\u00e8che, et quatre autres dot\u00e9s de pouvoirs cr\u00e9ateurs tels le \u00a0kama\u1e47\u1e0dalu contenant l&rsquo;eau rituelle, le pot du pr\u00e9cieux nectar de vie, le rosaire ainsi que le <a href=\"https:\/\/dharmasangh.fr\/?page_id=2521\">Continue reading &#8594;<\/a><\/p>\n","protected":false},"author":3,"featured_media":0,"parent":131,"menu_order":8,"comment_status":"closed","ping_status":"closed","template":"","meta":{"footnotes":""},"class_list":["post-2521","page","type-page","status-publish","hentry"],"_links":{"self":[{"href":"https:\/\/dharmasangh.fr\/index.php?rest_route=\/wp\/v2\/pages\/2521","targetHints":{"allow":["GET"]}}],"collection":[{"href":"https:\/\/dharmasangh.fr\/index.php?rest_route=\/wp\/v2\/pages"}],"about":[{"href":"https:\/\/dharmasangh.fr\/index.php?rest_route=\/wp\/v2\/types\/page"}],"author":[{"embeddable":true,"href":"https:\/\/dharmasangh.fr\/index.php?rest_route=\/wp\/v2\/users\/3"}],"replies":[{"embeddable":true,"href":"https:\/\/dharmasangh.fr\/index.php?rest_route=%2Fwp%2Fv2%2Fcomments&post=2521"}],"version-history":[{"count":47,"href":"https:\/\/dharmasangh.fr\/index.php?rest_route=\/wp\/v2\/pages\/2521\/revisions"}],"predecessor-version":[{"id":7538,"href":"https:\/\/dharmasangh.fr\/index.php?rest_route=\/wp\/v2\/pages\/2521\/revisions\/7538"}],"up":[{"embeddable":true,"href":"https:\/\/dharmasangh.fr\/index.php?rest_route=\/wp\/v2\/pages\/131"}],"wp:attachment":[{"href":"https:\/\/dharmasangh.fr\/index.php?rest_route=%2Fwp%2Fv2%2Fmedia&parent=2521"}],"curies":[{"name":"wp","href":"https:\/\/api.w.org\/{rel}","templated":true}]}}