{"id":2632,"date":"2024-10-09T18:21:32","date_gmt":"2024-10-09T17:21:32","guid":{"rendered":"http:\/\/dharmasangh.fr\/?page_id=2632"},"modified":"2024-10-09T18:28:39","modified_gmt":"2024-10-09T17:28:39","slug":"katyayani","status":"publish","type":"page","link":"https:\/\/dharmasangh.fr\/?page_id=2632","title":{"rendered":"K\u0101ty\u0101yan\u012b"},"content":{"rendered":"<div class=\"wp-block-image\">\n<figure class=\"alignleft is-resized\"><a href=\"http:\/\/dharmasangh.fr\/wp-content\/uploads\/2014\/04\/katyanani.jpg\"><img loading=\"lazy\" decoding=\"async\" width=\"195\" height=\"259\" src=\"http:\/\/dharmasangh.fr\/wp-content\/uploads\/2014\/04\/katyanani.jpg\" alt=\"katyanani\" class=\"wp-image-2637\" style=\"width:288px;height:auto\"\/><\/a><\/figure><\/div>\n\n<p class=\"has-text-align-left\" style=\"text-align: justify;\"><em>Son nom <\/em><strong><i>K\u0101ty\u0101yan\u012b<\/i><\/strong><b><i><br \/><\/i><\/b><em>signifie\u00a0<\/em><strong><i>\u00ab\u00a0La fille du sage K\u0101ty\u0101yana \u00bb.<\/i><\/strong><\/p>\n<p><!-- \/wp:post-content --><!-- wp:paragraph --><\/p>\n<p style=\"text-align: justify;\"><em>Description :\u00a0<\/em><em>K\u0101ty\u0101yan\u012b<\/em> a quatre bras\u00a0: sa main sup\u00e9rieure droite adresse \u00e0 ses adorateurs le geste qui apaise toute peur tandis que sa main inf\u00e9rieure droite celui de la b\u00e9n\u00e9diction. Sa main sup\u00e9rieure gauche est arm\u00e9e\u00a0d\u2019une \u00e9p\u00e9e tandis que sa main inf\u00e9rieure gauche tient un beau lotus rose. Elle se d\u00e9place sur le lion. Elle a trois yeux et sa peau \u00e0 la couleur de l\u2019or.<\/p>\n<p><!-- \/wp:paragraph --><!-- wp:paragraph {\"align\":\"left\"} --><\/p>\n<p class=\"has-text-align-left\" style=\"text-align: justify;\"><em>K\u0101ty\u0101yan\u012b<\/em>\u00a0est la sixi\u00e8me forme de la d\u00e9esse\u00a0<em>Durg\u0101<\/em>, v\u00e9n\u00e9r\u00e9e le sixi\u00e8me jour des Navar\u0101tr\u012b. Elle est n\u00e9e en r\u00e9ponse aux p\u00e9nitences rigoureuses du sage <em>K\u0101ty\u0101yana<\/em> qui avait pri\u00e9 ardemment pour obtenir la gr\u00e2ce de Durg\u0101 d&rsquo;avoir une fille. Cette b\u00e9n\u00e9diction lui fut accord\u00e9 par la d\u00e9esse qui prit naissance sous la forme de sa fille. L&rsquo;histoire de <em>K\u0101ty\u0101yan\u012b<\/em> et l&rsquo;asc\u00e8se du sage <em>K\u0101ty\u0101yana<\/em> met en avant \u00e0 la fois la puissance de la d\u00e9votion, de la foi, et la victoire qui les accompagne. Le premier r\u00f4le de <em>K\u0101ty\u0101yan\u012b<\/em> est de combattre l\u2019ego et ses six d\u00e9fauts pour nous montrer que c&rsquo;est \u00e0 ce prix que l&rsquo;on peut obtenir r\u00e9ellement ce que nous voulons.<\/p>\n<p><!-- \/wp:paragraph --><!-- wp:paragraph {\"align\":\"left\"} --><\/p>\n<p class=\"has-text-align-left\" style=\"text-align: justify;\"><em>K\u0101ty\u0101yan\u012b<\/em> incarne la puissance du discernement et de la clart\u00e9 mentale. Elle est l&rsquo;\u00e9nergie qui prot\u00e8ge en toute circonstance car elle soutient l&rsquo;\u00e9veil de l\u2019\u0101j\u00f1\u0101 chakra, celui de l&rsquo;acc\u00e8s \u00e0 la connaissance mentale et transcendante. K\u0101ty\u0101yan\u012b \u00e9tant reli\u00e9e \u00e0 la vision int\u00e9rieure, elle appara\u00eet pour nous guider vers une compr\u00e9hension plus profonde qui nous fait voir au-del\u00e0 des illusions gr\u00e2ce \u00e0 une vision juste et un sixi\u00e8me sens \u00e9veill\u00e9. Elle n&rsquo;a qu&rsquo;une arme, une longue \u00e9p\u00e9e recourb\u00e9e sous l\u2019effet de la connaissance, avec laquelle elle coupe les exc\u00e8s du mental. En ce sixi\u00e8me jour, il ne peut plus s\u2019exprimer ni r\u00e9gner en toute libert\u00e9. <em>K\u0101ty\u0101yan\u012b\u00a0<\/em>veille sur les associations et tout sur ce qui peut s&rsquo;unir dans la puret\u00e9, sous l&rsquo;impulsion de l&rsquo;\u00e2me devenue maintenant plus \u00e9clair\u00e9e. Dans l&rsquo;histoire de Krishna, dans l&rsquo;espoir d&rsquo;obtenir l&rsquo;amour et d\u2019\u00e9pouser ce dieu extr\u00eamement attirant, les jeunes <i>gopi<\/i> ont pri\u00e9 <em>K\u0101ty\u0101yan\u012b\u00a0<\/em>en tant que protectrice des associations, du mariage et des maris.<\/p>\n<p><!-- \/wp:paragraph --><!-- wp:paragraph {\"align\":\"left\"} --><\/p>\n<p class=\"has-text-align-left\" style=\"text-align: justify;\">Pour qu\u2019\u00e0 la fin de cette p\u00e9riode de neuf jours nous puissions ressentir une harmonie int\u00e9rieure, propice au changement que nous esp\u00e9rons, il est essentiel de :<br \/>. poursuivre le travail de ma\u00eetrise des six d\u00e9fauts en maintenant la conscience centr\u00e9e sur le point du troisi\u00e8me \u0153il, situ\u00e9 au milieu, entre les deux sourcils,<br \/>. m\u00e9diter longuement sur la d\u00e9esse <i>K\u0101ty\u0101yan\u012b <\/i>en la visualisant \u00e0 l&#8217;emplacement de l&rsquo;<em>\u0101j\u00f1\u0101<\/em> chakra tout en r\u00e9citant silencieusement son mantra,<br \/>. prier pour la protection de toute votre famille, de votre conjoint ainsi que pour le succ\u00e8s d&rsquo;associations professionnelles afin de favoriser la r\u00e9alisation de projets concrets.<\/p>\n<p><!-- \/wp:paragraph --><\/p>\n<p class=\"has-text-align-left\" style=\"text-align: center;\"><strong>MANTRA DU 6e JOUR<\/strong><br \/><strong>\u0950 \u0926\u0947\u0935\u0940 \u0915\u093e\u0924\u094d\u092f\u093e\u092f\u0928\u094d\u092f\u0948 \u0928\u092e\u0903 ||<\/strong><br \/><strong>om dev<a>\u012b<\/a> k\u0101ty\u0101yanyai <\/strong><strong>nama\u1e25 ||<\/strong><br \/>r\u00e9citation 108 fois minimum (ou 2 x 108\u2026 ou 3 x 108\u2026.)<\/p>\n<p><!-- \/wp:paragraph --><\/p>","protected":false},"excerpt":{"rendered":"<p>Son nom K\u0101ty\u0101yan\u012bsignifie\u00a0\u00ab\u00a0La fille du sage K\u0101ty\u0101yana \u00bb. Description :\u00a0K\u0101ty\u0101yan\u012b a quatre bras\u00a0: sa main sup\u00e9rieure droite adresse \u00e0 ses adorateurs le geste qui apaise toute peur tandis que sa main inf\u00e9rieure droite celui de la b\u00e9n\u00e9diction. Sa main sup\u00e9rieure gauche est arm\u00e9e\u00a0d\u2019une \u00e9p\u00e9e tandis que sa main inf\u00e9rieure gauche tient un beau lotus rose. <a href=\"https:\/\/dharmasangh.fr\/?page_id=2632\">Continue reading &#8594;<\/a><\/p>\n","protected":false},"author":3,"featured_media":0,"parent":131,"menu_order":10,"comment_status":"closed","ping_status":"closed","template":"","meta":{"footnotes":""},"class_list":["post-2632","page","type-page","status-publish","hentry"],"_links":{"self":[{"href":"https:\/\/dharmasangh.fr\/index.php?rest_route=\/wp\/v2\/pages\/2632","targetHints":{"allow":["GET"]}}],"collection":[{"href":"https:\/\/dharmasangh.fr\/index.php?rest_route=\/wp\/v2\/pages"}],"about":[{"href":"https:\/\/dharmasangh.fr\/index.php?rest_route=\/wp\/v2\/types\/page"}],"author":[{"embeddable":true,"href":"https:\/\/dharmasangh.fr\/index.php?rest_route=\/wp\/v2\/users\/3"}],"replies":[{"embeddable":true,"href":"https:\/\/dharmasangh.fr\/index.php?rest_route=%2Fwp%2Fv2%2Fcomments&post=2632"}],"version-history":[{"count":24,"href":"https:\/\/dharmasangh.fr\/index.php?rest_route=\/wp\/v2\/pages\/2632\/revisions"}],"predecessor-version":[{"id":7517,"href":"https:\/\/dharmasangh.fr\/index.php?rest_route=\/wp\/v2\/pages\/2632\/revisions\/7517"}],"up":[{"embeddable":true,"href":"https:\/\/dharmasangh.fr\/index.php?rest_route=\/wp\/v2\/pages\/131"}],"wp:attachment":[{"href":"https:\/\/dharmasangh.fr\/index.php?rest_route=%2Fwp%2Fv2%2Fmedia&parent=2632"}],"curies":[{"name":"wp","href":"https:\/\/api.w.org\/{rel}","templated":true}]}}