{"id":2743,"date":"2014-04-08T10:37:07","date_gmt":"2014-04-08T09:37:07","guid":{"rendered":"http:\/\/dharmasangh.fr\/?page_id=2743"},"modified":"2026-03-12T15:12:31","modified_gmt":"2026-03-12T14:12:31","slug":"maha-gauri","status":"publish","type":"page","link":"https:\/\/dharmasangh.fr\/?page_id=2743","title":{"rendered":"Mah\u00e2 Gaur\u00ee"},"content":{"rendered":"<div class=\"wp-block-image\">\n<figure class=\"alignleft\"><a href=\"http:\/\/dharmasangh.fr\/wp-content\/uploads\/2014\/04\/Maha_gauri-site.png\"><img loading=\"lazy\" decoding=\"async\" width=\"308\" height=\"400\" src=\"http:\/\/dharmasangh.fr\/wp-content\/uploads\/2014\/04\/Maha_gauri-site.png\" alt=\"Maha_gauri site\" class=\"wp-image-2747\" srcset=\"https:\/\/dharmasangh.fr\/wp-content\/uploads\/2014\/04\/Maha_gauri-site.png 308w, https:\/\/dharmasangh.fr\/wp-content\/uploads\/2014\/04\/Maha_gauri-site-231x300.png 231w\" sizes=\"auto, (max-width: 308px) 100vw, 308px\" \/><\/a><\/figure><\/div>\n\n\n<p class=\"has-text-align-center\">&nbsp;<\/p>\n\n\n\n<p class=\"has-medium-font-size\">Son nom&nbsp;<strong>Mah\u0101gaur<a>\u012b<\/a><\/strong><em><strong><br><\/strong><\/em>signifie&nbsp;<strong>\u00ab&nbsp;<\/strong>La Grande Puret\u00e9<strong> \u00bb.<\/strong><\/p>\n\n\n\n<p><em>Description&nbsp;:&nbsp;<\/em><\/p>\n\n\n\n<p>\u00ab&nbsp;Habill\u00e9e de blanc, Mah\u0101gaur<a>\u012b<\/a> si\u00e8ge sur le paisible taureau blanc. Elle poss\u00e8de trois yeux et quatre bras, dont deux tiennent les attributs du&nbsp;dieu \u015aiva : l\u2019invincible trident tri\u015b<a>\u016b<\/a>la, symbole de sa ma\u00eetrise sur les trois mondes, et le petit tambour en forme de sablier<em> <\/em>\u1e0damaru dont les sonorit\u00e9s annoncent la destruction en vue d&rsquo;une nouvelle cr\u00e9ation. Ses deux autres mains adoptent respectivement le mudr\u0101 de la protection et celui de la b\u00e9n\u00e9diction.&nbsp;\u00bb<\/p>\n\n\n\n<p>Mah\u0101gaur<a>\u012b<\/a> est la huiti\u00e8me forme de la d\u00e9esse\u00a0Durg\u0101,\u00a0v\u00e9n\u00e9r\u00e9e le huiti\u00e8me jour des\u00a0Navar\u0101tr\u012b. Elle appara\u00eet lumineuse et souveraine pour annoncer que l&rsquo;obscurit\u00e9 s\u2019est lev\u00e9e et nous d\u00e9livre un message\u00a0: en elle, il n\u2019y a qu\u2019apaisement et bonheur. Le chiffre 8 et Mah\u0101gaur<a>\u012b<\/a> nous annoncent qu\u2019il faut vaincre m\u0101y\u0101, les illlusions de notre monde. Comment\u00a0? Simplement, forts des exp\u00e9riences pr\u00e9c\u00e9dentes en se fixant comme objectif de devenir plus purs, \u00e0 l&rsquo;image de cette d\u00e9esse. <\/p>\n\n\n\n<p>Pour atteindre la connaissance v\u00e9ritable, notre r\u00f4le est de vaincre avidy\u0101, <em>l\u2019ignorance<\/em>, en \u00e9liminant l&rsquo;attachement et les illusions. M\u0101y\u0101 peut certes encore nous influencer jusqu\u2019au septi\u00e8me jour mais lorsque<em> <\/em>Mah\u0101gaur<a>\u012b<\/a>  appara\u00eet, nous entrons dans la compr\u00e9hension de m\u0101y\u0101 et sommes suffisamment forts pour ne plus tomber dans son pi\u00e8ge. C&rsquo;est pourquoi cette d\u00e9esse nous renvoie une image de paix&nbsp;: toutes les peurs et la n\u00e9gativit\u00e9 ne vont plus nous toucher.<\/p>\n\n\n\n<p>Lorsque la s\u0101dhan\u0101 est men\u00e9e avec succ\u00e8s, tout ce que nous attendons dans notre vie peut potentiellement \u00eatre accord\u00e9 par la gr\u00e2ce de Mah\u0101gaur<a>\u012b<\/a>.  Elle nous rappelle que nous avons le pouvoir de r\u00e9aliser tout ce que nous voulons. La tradition parle des a\u1e63\u1e6dalak\u1e63m<a>\u012b<\/a>, les huit \u00e9nergies du succ\u00e8s incarn\u00e9es par Mah\u0101gaur<a>\u012b<\/a>, la plus lumineuse des formes de Durg\u0101. Habill\u00e9e d\u2019or et de blanc, puissante et bienveillante, Mah\u0101gaur\u012b guide ceux qui la prient vers l\u2019accomplissement et la pl\u00e9nitude spirituelle. <\/p>\n\n\n\n<p>Pour qu\u2019\u00e0 la fin de cette p\u00e9riode de neuf jours nous puissions ressentir une harmonie int\u00e9rieure, propice au changement que nous esp\u00e9rons, il est essentiel de :<br>. travailler avec Mah\u0101gaur\u012b, ce qui implique d&rsquo;\u00eatre toujours attentifs aux liens que nous entretenons avec les autres. Cela signifie prendre le temps de r\u00e9fl\u00e9chir aux attachements, aux attentes et aux d\u00e9pendances qui nous relient \u00e0 eux. En clarifiant ces relations, nous pouvons mieux transcender les attachements superficiels et nourrir des connexions fond\u00e9es sur l&rsquo;amour et le respect authentiques.<br>. Pratiquer la m\u00e9ditation et les mantras d\u00e9di\u00e9s \u00e0 Mah\u0101gaur\u012b pour renforcer notre lien avec elle et recevoir ses \u00e9nergies de purification. En puisant dans sa lumi\u00e8re et sa puret\u00e9, nous transformons progressivement notre esprit et notre c\u0153ur, permettant ainsi \u00e0 la paix et au bonheur de s&rsquo;installer durablement dans notre vie.<\/p>\n\n\n\n<p class=\"has-text-align-center has-luminous-vivid-amber-background-color has-background\"><strong>MANTRA DU 8e JOUR<\/strong><br>\u0950 \u0926\u0947\u0935\u0940 \u092e\u0939\u093e\u0917\u094c\u0930\u094d\u092f\u0948 \u0928\u092e\u0903 <strong>||<\/strong><br><strong>om dev<a>\u012b<\/a>&nbsp;Mah\u0101gauryai<\/strong>&nbsp;<strong>nama\u1e25 ||<\/strong><br>r\u00e9citation 108 fois minimum (ou 2 x 108\u2026 ou 3 x 108\u2026.)&nbsp; <\/p>\n","protected":false},"excerpt":{"rendered":"<p>&nbsp; Son nom&nbsp;Mah\u0101gaur\u012bsignifie&nbsp;\u00ab&nbsp;La Grande Puret\u00e9 \u00bb. Description&nbsp;:&nbsp; \u00ab&nbsp;Habill\u00e9e de blanc, Mah\u0101gaur\u012b si\u00e8ge sur le paisible taureau blanc. Elle poss\u00e8de trois yeux et quatre bras, dont deux tiennent les attributs du&nbsp;dieu \u015aiva : l\u2019invincible trident tri\u015b\u016bla, symbole de sa ma\u00eetrise sur les trois mondes, et le petit tambour en forme de sablier \u1e0damaru dont les sonorit\u00e9s <a href=\"https:\/\/dharmasangh.fr\/?page_id=2743\">Continue reading &#8594;<\/a><\/p>\n","protected":false},"author":3,"featured_media":0,"parent":1921,"menu_order":12,"comment_status":"closed","ping_status":"closed","template":"","meta":{"footnotes":""},"class_list":["post-2743","page","type-page","status-publish","hentry"],"_links":{"self":[{"href":"https:\/\/dharmasangh.fr\/index.php?rest_route=\/wp\/v2\/pages\/2743","targetHints":{"allow":["GET"]}}],"collection":[{"href":"https:\/\/dharmasangh.fr\/index.php?rest_route=\/wp\/v2\/pages"}],"about":[{"href":"https:\/\/dharmasangh.fr\/index.php?rest_route=\/wp\/v2\/types\/page"}],"author":[{"embeddable":true,"href":"https:\/\/dharmasangh.fr\/index.php?rest_route=\/wp\/v2\/users\/3"}],"replies":[{"embeddable":true,"href":"https:\/\/dharmasangh.fr\/index.php?rest_route=%2Fwp%2Fv2%2Fcomments&post=2743"}],"version-history":[{"count":21,"href":"https:\/\/dharmasangh.fr\/index.php?rest_route=\/wp\/v2\/pages\/2743\/revisions"}],"predecessor-version":[{"id":7553,"href":"https:\/\/dharmasangh.fr\/index.php?rest_route=\/wp\/v2\/pages\/2743\/revisions\/7553"}],"up":[{"embeddable":true,"href":"https:\/\/dharmasangh.fr\/index.php?rest_route=\/wp\/v2\/pages\/1921"}],"wp:attachment":[{"href":"https:\/\/dharmasangh.fr\/index.php?rest_route=%2Fwp%2Fv2%2Fmedia&parent=2743"}],"curies":[{"name":"wp","href":"https:\/\/api.w.org\/{rel}","templated":true}]}}