{"id":2751,"date":"2024-10-05T10:41:00","date_gmt":"2024-10-05T09:41:00","guid":{"rendered":"http:\/\/dharmasangh.fr\/?page_id=2751"},"modified":"2024-10-16T16:38:17","modified_gmt":"2024-10-16T15:38:17","slug":"siddhidatri","status":"publish","type":"page","link":"https:\/\/dharmasangh.fr\/?page_id=2751","title":{"rendered":"Siddhid\u00e2tr\u00ee"},"content":{"rendered":"<div class=\"wp-block-image\">\n<figure class=\"alignleft is-resized\"><a href=\"http:\/\/dharmasangh.fr\/wp-content\/uploads\/2014\/04\/siddhi-datri.jpg\"><img loading=\"lazy\" decoding=\"async\" width=\"197\" height=\"256\" src=\"http:\/\/dharmasangh.fr\/wp-content\/uploads\/2014\/04\/siddhi-datri.jpg\" alt=\"siddhi datri\" class=\"wp-image-2753\" style=\"width:279px;height:auto\"\/><\/a><\/figure><\/div>\n\n\n<p class=\"has-text-align-center\"><\/p>\n\n\n\n<p class=\"has-text-align-center\"><span style=\"color: #ff6600;\">Siddhid\u00e2tr\u00ee<\/span> est la neuvi\u00e8me et derni\u00e8re forme de la d\u00e9esse <span style=\"color: #ff6600;\">Durg\u00e2<\/span>.<\/p>\n\n\n\n<p>Son nom&nbsp;<strong>Siddhid\u0101tr<a>\u012b<\/a><\/strong><em><strong><br><\/strong><\/em>signifie&nbsp;<strong>\u00ab&nbsp;<\/strong>La dispensatrice des Siddhi<strong>&nbsp;\u00bb.<\/strong><\/p>\n\n\n\n<p><em>Description\u00a0:\u00a0<\/em>\u00ab\u00a0Entour\u00e9e et v\u00e9n\u00e9r\u00e9e par les dieux aussi bien que par les d\u00e9mons, la d\u00e9esse Siddhid\u0101tr<a>\u012b<\/a> si\u00e8ge majestueusement sur un grand lotus rose \u00e9panoui. Elle a quatre bras. Sa main droite inf\u00e9rieure tient une conque \u015bankha tandis que sa main droite sup\u00e9rieure brandit le disque chakra. Sa main gauche inf\u00e9rieure porte la massue tandis que sa main gauche sup\u00e9rieure tient d\u00e9licatement un lotus \u00e9panoui. Son beau visage rayonne d\u2019une s\u00e9r\u00e9nit\u00e9 absolue.\u00a0\u00bb \u00a0\u00bb<\/p>\n\n\n\n<p>Siddhid\u0101tr<a>\u012b<\/a> est la neuvi\u00e8me forme de la d\u00e9esse&nbsp;Durg\u0101,&nbsp;v\u00e9n\u00e9r\u00e9e le neuvi\u00e8me jour des&nbsp;Navar\u0101tr\u012b. Siddhid\u0101tr<a>\u012b<\/a> nous appelle \u00e0 la qu\u00eate de la connaissance. Lorsqu&rsquo;elle est profonde et v\u00e9ritable, la connaissance, est une force lib\u00e9ratrice qui nous donne le pouvoir non seulement de r\u00e9ussir dans le monde, mais aussi de le transcender pour atteindre un \u00e9tat de paix, de sagesse, et de libert\u00e9 int\u00e9rieure. Elle est v\u00e9n\u00e9r\u00e9e pour sa capacit\u00e9 \u00e0 exaucer les souhaits et \u00e0 conf\u00e9rer des pouvoirs spirituels en ce dernier jour qui sonne l\u2019aboutissement et la fin de la sadh\u0101n\u0101 des Navar\u0101tr\u012b. En elle appara\u00eet dans toute la splendeur de <em>\u015b<\/em>akti, l\u2019\u00e9nergie, la force primordiale de la cr\u00e9ation, et celle que l\u2019on s\u2019est forg\u00e9 au cours des huit pr\u00e9c\u00e9dents jours. Elle est le r\u00e9sultat de toute cr\u00e9ation et de toute transformation.<\/p>\n\n\n\n<p class=\"has-text-align-center has-black-color has-luminous-vivid-amber-background-color has-text-color has-background has-link-color wp-elements-64ab3d085d5a746d7627236314dfc4a7\"><strong>MANTRA DU 9e JOUR<\/strong><br>\u0950 \u0926\u0947\u0935\u0940 \u0938\u093f\u0926\u094d\u0927\u093f\u0926\u093e\u0924\u094d\u0930\u094d\u092f\u0948 \u0928\u092e\u0903 <strong>|<\/strong><br> <strong>om dev<a>\u012b<\/a>&nbsp;Siddhid\u0101tryai nama\u1e25 ||<\/strong><br>r\u00e9citation 108 fois minimum (ou 2 x 108\u2026 ou 3 x 108\u2026.)&nbsp;<\/p>\n\n\n\n<p><\/p>\n","protected":false},"excerpt":{"rendered":"<p>Siddhid\u00e2tr\u00ee est la neuvi\u00e8me et derni\u00e8re forme de la d\u00e9esse Durg\u00e2. Son nom&nbsp;Siddhid\u0101tr\u012bsignifie&nbsp;\u00ab&nbsp;La dispensatrice des Siddhi&nbsp;\u00bb. Description\u00a0:\u00a0\u00ab\u00a0Entour\u00e9e et v\u00e9n\u00e9r\u00e9e par les dieux aussi bien que par les d\u00e9mons, la d\u00e9esse Siddhid\u0101tr\u012b si\u00e8ge majestueusement sur un grand lotus rose \u00e9panoui. Elle a quatre bras. Sa main droite inf\u00e9rieure tient une conque \u015bankha tandis que sa main <a href=\"https:\/\/dharmasangh.fr\/?page_id=2751\">Continue reading &#8594;<\/a><\/p>\n","protected":false},"author":3,"featured_media":0,"parent":131,"menu_order":12,"comment_status":"closed","ping_status":"closed","template":"","meta":{"footnotes":""},"class_list":["post-2751","page","type-page","status-publish","hentry"],"_links":{"self":[{"href":"https:\/\/dharmasangh.fr\/index.php?rest_route=\/wp\/v2\/pages\/2751","targetHints":{"allow":["GET"]}}],"collection":[{"href":"https:\/\/dharmasangh.fr\/index.php?rest_route=\/wp\/v2\/pages"}],"about":[{"href":"https:\/\/dharmasangh.fr\/index.php?rest_route=\/wp\/v2\/types\/page"}],"author":[{"embeddable":true,"href":"https:\/\/dharmasangh.fr\/index.php?rest_route=\/wp\/v2\/users\/3"}],"replies":[{"embeddable":true,"href":"https:\/\/dharmasangh.fr\/index.php?rest_route=%2Fwp%2Fv2%2Fcomments&post=2751"}],"version-history":[{"count":16,"href":"https:\/\/dharmasangh.fr\/index.php?rest_route=\/wp\/v2\/pages\/2751\/revisions"}],"predecessor-version":[{"id":7561,"href":"https:\/\/dharmasangh.fr\/index.php?rest_route=\/wp\/v2\/pages\/2751\/revisions\/7561"}],"up":[{"embeddable":true,"href":"https:\/\/dharmasangh.fr\/index.php?rest_route=\/wp\/v2\/pages\/131"}],"wp:attachment":[{"href":"https:\/\/dharmasangh.fr\/index.php?rest_route=%2Fwp%2Fv2%2Fmedia&parent=2751"}],"curies":[{"name":"wp","href":"https:\/\/api.w.org\/{rel}","templated":true}]}}