{"id":2835,"date":"2014-05-29T12:30:46","date_gmt":"2014-05-29T11:30:46","guid":{"rendered":"http:\/\/dharmasangh.fr\/?page_id=2835"},"modified":"2019-05-28T15:49:09","modified_gmt":"2019-05-28T14:49:09","slug":"shani-saturne-divinite-planetaire","status":"publish","type":"page","link":"https:\/\/dharmasangh.fr\/?page_id=2835","title":{"rendered":"V\u00e9n\u00e9ration de \u015aani"},"content":{"rendered":"<p><a href=\"http:\/\/dharmasangh.fr\/wp-content\/uploads\/2014\/05\/saturne.png\"><img loading=\"lazy\" decoding=\"async\" class=\"wp-image-5654 alignleft\" src=\"http:\/\/dharmasangh.fr\/wp-content\/uploads\/2014\/05\/saturne.png\" alt=\"saturne\" width=\"291\" height=\"285\" srcset=\"https:\/\/dharmasangh.fr\/wp-content\/uploads\/2014\/05\/saturne.png 1010w, https:\/\/dharmasangh.fr\/wp-content\/uploads\/2014\/05\/saturne-300x293.png 300w\" sizes=\"auto, (max-width: 291px) 100vw, 291px\" \/><\/a><\/p>\n<p><a href=\"http:\/\/dharmasangh.fr\/wp-content\/uploads\/2014\/05\/Verset-de-M\u00e9ditation-sur-shani-p3.jpg\"><img loading=\"lazy\" decoding=\"async\" class=\"alignleft wp-image-2846\" src=\"http:\/\/dharmasangh.fr\/wp-content\/uploads\/2014\/05\/Verset-de-M\u00e9ditation-sur-shani-p3.jpg\" alt=\"Verset de M\u00e9ditation sur shani p3\" width=\"1322\" height=\"1749\" \/><\/a> <a href=\"http:\/\/dharmasangh.fr\/wp-content\/uploads\/2014\/05\/Verset-de-M\u00e9ditation-sur-shani-p4.jpg\"><img loading=\"lazy\" decoding=\"async\" class=\"aligncenter wp-image-2845 size-full\" src=\"http:\/\/dharmasangh.fr\/wp-content\/uploads\/2014\/05\/Verset-de-M\u00e9ditation-sur-shani-p4-e1558636671639.jpg\" alt=\"Verset de M\u00e9ditation sur shani p4\" width=\"2313\" height=\"2074\" srcset=\"https:\/\/dharmasangh.fr\/wp-content\/uploads\/2014\/05\/Verset-de-M\u00e9ditation-sur-shani-p4-e1558636671639.jpg 2313w, https:\/\/dharmasangh.fr\/wp-content\/uploads\/2014\/05\/Verset-de-M\u00e9ditation-sur-shani-p4-e1558636671639-300x269.jpg 300w, https:\/\/dharmasangh.fr\/wp-content\/uploads\/2014\/05\/Verset-de-M\u00e9ditation-sur-shani-p4-e1558636671639-1024x918.jpg 1024w\" sizes=\"auto, (max-width: 2313px) 100vw, 2313px\" \/><\/a><\/p>\n","protected":false},"excerpt":{"rendered":"","protected":false},"author":3,"featured_media":0,"parent":2851,"menu_order":0,"comment_status":"closed","ping_status":"closed","template":"","meta":{"footnotes":""},"class_list":["post-2835","page","type-page","status-publish","hentry"],"_links":{"self":[{"href":"https:\/\/dharmasangh.fr\/index.php?rest_route=\/wp\/v2\/pages\/2835","targetHints":{"allow":["GET"]}}],"collection":[{"href":"https:\/\/dharmasangh.fr\/index.php?rest_route=\/wp\/v2\/pages"}],"about":[{"href":"https:\/\/dharmasangh.fr\/index.php?rest_route=\/wp\/v2\/types\/page"}],"author":[{"embeddable":true,"href":"https:\/\/dharmasangh.fr\/index.php?rest_route=\/wp\/v2\/users\/3"}],"replies":[{"embeddable":true,"href":"https:\/\/dharmasangh.fr\/index.php?rest_route=%2Fwp%2Fv2%2Fcomments&post=2835"}],"version-history":[{"count":16,"href":"https:\/\/dharmasangh.fr\/index.php?rest_route=\/wp\/v2\/pages\/2835\/revisions"}],"predecessor-version":[{"id":5663,"href":"https:\/\/dharmasangh.fr\/index.php?rest_route=\/wp\/v2\/pages\/2835\/revisions\/5663"}],"up":[{"embeddable":true,"href":"https:\/\/dharmasangh.fr\/index.php?rest_route=\/wp\/v2\/pages\/2851"}],"wp:attachment":[{"href":"https:\/\/dharmasangh.fr\/index.php?rest_route=%2Fwp%2Fv2%2Fmedia&parent=2835"}],"curies":[{"name":"wp","href":"https:\/\/api.w.org\/{rel}","templated":true}]}}