{"id":2894,"date":"2014-06-30T15:30:04","date_gmt":"2014-06-30T14:30:04","guid":{"rendered":"http:\/\/dharmasangh.fr\/?page_id=2894"},"modified":"2020-07-31T15:02:17","modified_gmt":"2020-07-31T14:02:17","slug":"raksha-bandhan","status":"publish","type":"page","link":"https:\/\/dharmasangh.fr\/?page_id=2894","title":{"rendered":"Rak\u1e63\u0101 Bandhan &#8211; F\u00eate des fr\u00e8re et des soeurs"},"content":{"rendered":"<p style=\"text-align: left;\"><a href=\"http:\/\/dharmasangh.fr\/wp-content\/uploads\/2014\/06\/RAKSHA-BANDHAN.jpg\"><img loading=\"lazy\" decoding=\"async\" class=\"aligncenter  wp-image-6206\" src=\"http:\/\/dharmasangh.fr\/wp-content\/uploads\/2014\/06\/RAKSHA-BANDHAN.jpg\" alt=\"RAKSHA BANDHAN\" width=\"158\" height=\"166\" srcset=\"https:\/\/dharmasangh.fr\/wp-content\/uploads\/2014\/06\/RAKSHA-BANDHAN.jpg 292w, https:\/\/dharmasangh.fr\/wp-content\/uploads\/2014\/06\/RAKSHA-BANDHAN-286x300.jpg 286w\" sizes=\"auto, (max-width: 158px) 100vw, 158px\" \/><\/a><a href=\"http:\/\/dharmasangh.fr\/wp-content\/uploads\/2014\/06\/rakash-bandhan-2020-BAT-page-0021.jpg\"><img loading=\"lazy\" decoding=\"async\" class=\"wp-image-6203\" src=\"http:\/\/dharmasangh.fr\/wp-content\/uploads\/2014\/06\/rakash-bandhan-2020-BAT-page-0021.jpg\" alt=\"rakash bandhan 2020 BAT-page-002(1)\" width=\"767\" height=\"1037\" srcset=\"https:\/\/dharmasangh.fr\/wp-content\/uploads\/2014\/06\/rakash-bandhan-2020-BAT-page-0021.jpg 1240w, https:\/\/dharmasangh.fr\/wp-content\/uploads\/2014\/06\/rakash-bandhan-2020-BAT-page-0021-221x300.jpg 221w, https:\/\/dharmasangh.fr\/wp-content\/uploads\/2014\/06\/rakash-bandhan-2020-BAT-page-0021-757x1024.jpg 757w\" sizes=\"auto, (max-width: 767px) 100vw, 767px\" \/><\/a> <a href=\"http:\/\/dharmasangh.fr\/wp-content\/uploads\/2014\/06\/rakash-bandhan-2020-BAT-page-003.jpg\"><img loading=\"lazy\" decoding=\"async\" class=\"aligncenter  wp-image-6204\" src=\"http:\/\/dharmasangh.fr\/wp-content\/uploads\/2014\/06\/rakash-bandhan-2020-BAT-page-003.jpg\" alt=\"rakash bandhan 2020 BAT-page-003\" width=\"767\" height=\"1085\" srcset=\"https:\/\/dharmasangh.fr\/wp-content\/uploads\/2014\/06\/rakash-bandhan-2020-BAT-page-003.jpg 1240w, https:\/\/dharmasangh.fr\/wp-content\/uploads\/2014\/06\/rakash-bandhan-2020-BAT-page-003-212x300.jpg 212w, https:\/\/dharmasangh.fr\/wp-content\/uploads\/2014\/06\/rakash-bandhan-2020-BAT-page-003-723x1024.jpg 723w\" sizes=\"auto, (max-width: 767px) 100vw, 767px\" \/><\/a><\/p>\n","protected":false},"excerpt":{"rendered":"","protected":false},"author":3,"featured_media":0,"parent":1601,"menu_order":0,"comment_status":"closed","ping_status":"closed","template":"","meta":{"footnotes":""},"class_list":["post-2894","page","type-page","status-publish","hentry"],"_links":{"self":[{"href":"https:\/\/dharmasangh.fr\/index.php?rest_route=\/wp\/v2\/pages\/2894","targetHints":{"allow":["GET"]}}],"collection":[{"href":"https:\/\/dharmasangh.fr\/index.php?rest_route=\/wp\/v2\/pages"}],"about":[{"href":"https:\/\/dharmasangh.fr\/index.php?rest_route=\/wp\/v2\/types\/page"}],"author":[{"embeddable":true,"href":"https:\/\/dharmasangh.fr\/index.php?rest_route=\/wp\/v2\/users\/3"}],"replies":[{"embeddable":true,"href":"https:\/\/dharmasangh.fr\/index.php?rest_route=%2Fwp%2Fv2%2Fcomments&post=2894"}],"version-history":[{"count":19,"href":"https:\/\/dharmasangh.fr\/index.php?rest_route=\/wp\/v2\/pages\/2894\/revisions"}],"predecessor-version":[{"id":6207,"href":"https:\/\/dharmasangh.fr\/index.php?rest_route=\/wp\/v2\/pages\/2894\/revisions\/6207"}],"up":[{"embeddable":true,"href":"https:\/\/dharmasangh.fr\/index.php?rest_route=\/wp\/v2\/pages\/1601"}],"wp:attachment":[{"href":"https:\/\/dharmasangh.fr\/index.php?rest_route=%2Fwp%2Fv2%2Fmedia&parent=2894"}],"curies":[{"name":"wp","href":"https:\/\/api.w.org\/{rel}","templated":true}]}}