{"id":3183,"date":"2014-10-11T14:59:02","date_gmt":"2014-10-11T13:59:02","guid":{"rendered":"http:\/\/dharmasangh.fr\/?page_id=3183"},"modified":"2022-02-05T11:13:11","modified_gmt":"2022-02-05T10:13:11","slug":"ahoi-mata-arati","status":"publish","type":"page","link":"https:\/\/dharmasangh.fr\/?page_id=3183","title":{"rendered":"Aho\u00ee M\u00e2t\u00e2 \u00c2rat\u00ee"},"content":{"rendered":"<p><a href=\"http:\/\/dharmasangh.fr\/wp-content\/uploads\/2014\/10\/ARATI-AHOI-MATA1.jpg\"><img loading=\"lazy\" decoding=\"async\" class=\"wp-image-3185 alignleft\" src=\"http:\/\/dharmasangh.fr\/wp-content\/uploads\/2014\/10\/ARATI-AHOI-MATA1.jpg\" alt=\"ARATI AHOI MATA\" width=\"778\" height=\"1103\" \/><\/a><\/p>\n","protected":false},"excerpt":{"rendered":"","protected":false},"author":3,"featured_media":0,"parent":3192,"menu_order":0,"comment_status":"closed","ping_status":"closed","template":"","meta":{"footnotes":""},"class_list":["post-3183","page","type-page","status-publish","hentry"],"_links":{"self":[{"href":"https:\/\/dharmasangh.fr\/index.php?rest_route=\/wp\/v2\/pages\/3183","targetHints":{"allow":["GET"]}}],"collection":[{"href":"https:\/\/dharmasangh.fr\/index.php?rest_route=\/wp\/v2\/pages"}],"about":[{"href":"https:\/\/dharmasangh.fr\/index.php?rest_route=\/wp\/v2\/types\/page"}],"author":[{"embeddable":true,"href":"https:\/\/dharmasangh.fr\/index.php?rest_route=\/wp\/v2\/users\/3"}],"replies":[{"embeddable":true,"href":"https:\/\/dharmasangh.fr\/index.php?rest_route=%2Fwp%2Fv2%2Fcomments&post=3183"}],"version-history":[{"count":2,"href":"https:\/\/dharmasangh.fr\/index.php?rest_route=\/wp\/v2\/pages\/3183\/revisions"}],"predecessor-version":[{"id":3191,"href":"https:\/\/dharmasangh.fr\/index.php?rest_route=\/wp\/v2\/pages\/3183\/revisions\/3191"}],"up":[{"embeddable":true,"href":"https:\/\/dharmasangh.fr\/index.php?rest_route=\/wp\/v2\/pages\/3192"}],"wp:attachment":[{"href":"https:\/\/dharmasangh.fr\/index.php?rest_route=%2Fwp%2Fv2%2Fmedia&parent=3183"}],"curies":[{"name":"wp","href":"https:\/\/api.w.org\/{rel}","templated":true}]}}