{"id":3196,"date":"2014-10-12T13:49:38","date_gmt":"2014-10-12T12:49:38","guid":{"rendered":"http:\/\/dharmasangh.fr\/?page_id=3196"},"modified":"2022-02-05T11:13:05","modified_gmt":"2022-02-05T10:13:05","slug":"108-noms-tulsi-mata","status":"publish","type":"page","link":"https:\/\/dharmasangh.fr\/?page_id=3196","title":{"rendered":"108 noms-Tuls\u00ee M\u00e2t\u00e2"},"content":{"rendered":"<p><a href=\"http:\/\/dharmasangh.fr\/wp-content\/uploads\/2014\/10\/108-noms-de-Tulsi-11.jpg\"><img loading=\"lazy\" decoding=\"async\" class=\"aligncenter  wp-image-3215\" src=\"http:\/\/dharmasangh.fr\/wp-content\/uploads\/2014\/10\/108-noms-de-Tulsi-11.jpg\" alt=\"108 noms de Tulsi-1\" width=\"1930\" height=\"2737\" \/><\/a><a href=\"http:\/\/dharmasangh.fr\/wp-content\/uploads\/2014\/10\/108-noms-de-Tulsi-21.jpg\"><img loading=\"lazy\" decoding=\"async\" class=\"aligncenter  wp-image-3216\" src=\"http:\/\/dharmasangh.fr\/wp-content\/uploads\/2014\/10\/108-noms-de-Tulsi-21.jpg\" alt=\"108 noms de Tulsi-2\" width=\"1969\" height=\"2791\" \/><\/a><\/p>\n","protected":false},"excerpt":{"rendered":"","protected":false},"author":3,"featured_media":0,"parent":3180,"menu_order":0,"comment_status":"closed","ping_status":"closed","template":"","meta":{"footnotes":""},"class_list":["post-3196","page","type-page","status-publish","hentry"],"_links":{"self":[{"href":"https:\/\/dharmasangh.fr\/index.php?rest_route=\/wp\/v2\/pages\/3196","targetHints":{"allow":["GET"]}}],"collection":[{"href":"https:\/\/dharmasangh.fr\/index.php?rest_route=\/wp\/v2\/pages"}],"about":[{"href":"https:\/\/dharmasangh.fr\/index.php?rest_route=\/wp\/v2\/types\/page"}],"author":[{"embeddable":true,"href":"https:\/\/dharmasangh.fr\/index.php?rest_route=\/wp\/v2\/users\/3"}],"replies":[{"embeddable":true,"href":"https:\/\/dharmasangh.fr\/index.php?rest_route=%2Fwp%2Fv2%2Fcomments&post=3196"}],"version-history":[{"count":4,"href":"https:\/\/dharmasangh.fr\/index.php?rest_route=\/wp\/v2\/pages\/3196\/revisions"}],"predecessor-version":[{"id":3767,"href":"https:\/\/dharmasangh.fr\/index.php?rest_route=\/wp\/v2\/pages\/3196\/revisions\/3767"}],"up":[{"embeddable":true,"href":"https:\/\/dharmasangh.fr\/index.php?rest_route=\/wp\/v2\/pages\/3180"}],"wp:attachment":[{"href":"https:\/\/dharmasangh.fr\/index.php?rest_route=%2Fwp%2Fv2%2Fmedia&parent=3196"}],"curies":[{"name":"wp","href":"https:\/\/api.w.org\/{rel}","templated":true}]}}