{"id":3225,"date":"2014-10-12T13:56:51","date_gmt":"2014-10-12T12:56:51","guid":{"rendered":"http:\/\/dharmasangh.fr\/?page_id=3225"},"modified":"2014-11-02T01:52:41","modified_gmt":"2014-11-02T00:52:41","slug":"arati-tulsi-mata","status":"publish","type":"page","link":"https:\/\/dharmasangh.fr\/?page_id=3225","title":{"rendered":"Tuls\u00ee M\u00e2t\u00e2 \u00c2rat\u00ee"},"content":{"rendered":"<p><a href=\"http:\/\/dharmasangh.fr\/wp-content\/uploads\/2014\/10\/Arati-de-Tulsi-2.jpg\"><img loading=\"lazy\" decoding=\"async\" class=\"aligncenter  wp-image-3226\" src=\"http:\/\/dharmasangh.fr\/wp-content\/uploads\/2014\/10\/Arati-de-Tulsi-2.jpg\" alt=\"Arati de Tulsi-2\" width=\"1467\" height=\"2081\" \/><\/a><\/p>\n","protected":false},"excerpt":{"rendered":"","protected":false},"author":3,"featured_media":0,"parent":3192,"menu_order":0,"comment_status":"closed","ping_status":"closed","template":"","meta":{"footnotes":""},"class_list":["post-3225","page","type-page","status-publish","hentry"],"_links":{"self":[{"href":"https:\/\/dharmasangh.fr\/index.php?rest_route=\/wp\/v2\/pages\/3225","targetHints":{"allow":["GET"]}}],"collection":[{"href":"https:\/\/dharmasangh.fr\/index.php?rest_route=\/wp\/v2\/pages"}],"about":[{"href":"https:\/\/dharmasangh.fr\/index.php?rest_route=\/wp\/v2\/types\/page"}],"author":[{"embeddable":true,"href":"https:\/\/dharmasangh.fr\/index.php?rest_route=\/wp\/v2\/users\/3"}],"replies":[{"embeddable":true,"href":"https:\/\/dharmasangh.fr\/index.php?rest_route=%2Fwp%2Fv2%2Fcomments&post=3225"}],"version-history":[{"count":3,"href":"https:\/\/dharmasangh.fr\/index.php?rest_route=\/wp\/v2\/pages\/3225\/revisions"}],"predecessor-version":[{"id":3284,"href":"https:\/\/dharmasangh.fr\/index.php?rest_route=\/wp\/v2\/pages\/3225\/revisions\/3284"}],"up":[{"embeddable":true,"href":"https:\/\/dharmasangh.fr\/index.php?rest_route=\/wp\/v2\/pages\/3192"}],"wp:attachment":[{"href":"https:\/\/dharmasangh.fr\/index.php?rest_route=%2Fwp%2Fv2%2Fmedia&parent=3225"}],"curies":[{"name":"wp","href":"https:\/\/api.w.org\/{rel}","templated":true}]}}