{"id":3262,"date":"2014-11-01T23:47:48","date_gmt":"2014-11-01T22:47:48","guid":{"rendered":"http:\/\/dharmasangh.fr\/?page_id=3262"},"modified":"2022-10-22T11:57:33","modified_gmt":"2022-10-22T10:57:33","slug":"tulasi-puja-tulasi-vivaha","status":"publish","type":"page","link":"https:\/\/dharmasangh.fr\/?page_id=3262","title":{"rendered":"Tuls\u00ee P\u00fbj\u00e2 \/ Tuls\u00ee Viv\u00e2ha"},"content":{"rendered":"<p><a href=\"https:\/\/dharmasangh.fr\/wp-content\/uploads\/2022\/10\/Tuls\u00ee-P\u00fbj\u00e2-version-2022_page-0001-1.jpg\"><img loading=\"lazy\" decoding=\"async\" class=\"alignnone  wp-image-6809\" src=\"https:\/\/dharmasangh.fr\/wp-content\/uploads\/2022\/10\/Tuls\u00ee-P\u00fbj\u00e2-version-2022_page-0001-1-212x300.jpg\" alt=\"\" width=\"612\" height=\"866\" srcset=\"https:\/\/dharmasangh.fr\/wp-content\/uploads\/2022\/10\/Tuls\u00ee-P\u00fbj\u00e2-version-2022_page-0001-1-212x300.jpg 212w, https:\/\/dharmasangh.fr\/wp-content\/uploads\/2022\/10\/Tuls\u00ee-P\u00fbj\u00e2-version-2022_page-0001-1-768x1085.jpg 768w, https:\/\/dharmasangh.fr\/wp-content\/uploads\/2022\/10\/Tuls\u00ee-P\u00fbj\u00e2-version-2022_page-0001-1.jpg 1241w\" sizes=\"auto, (max-width: 612px) 100vw, 612px\" \/><\/a><a href=\"https:\/\/dharmasangh.fr\/wp-content\/uploads\/2022\/10\/Tuls\u00ee-P\u00fbj\u00e2-version-2022_page-0002-1.jpg\"><img loading=\"lazy\" decoding=\"async\" class=\"alignnone  wp-image-6810\" src=\"https:\/\/dharmasangh.fr\/wp-content\/uploads\/2022\/10\/Tuls\u00ee-P\u00fbj\u00e2-version-2022_page-0002-1-212x300.jpg\" alt=\"\" width=\"598\" height=\"846\" srcset=\"https:\/\/dharmasangh.fr\/wp-content\/uploads\/2022\/10\/Tuls\u00ee-P\u00fbj\u00e2-version-2022_page-0002-1-212x300.jpg 212w, https:\/\/dharmasangh.fr\/wp-content\/uploads\/2022\/10\/Tuls\u00ee-P\u00fbj\u00e2-version-2022_page-0002-1-768x1085.jpg 768w, https:\/\/dharmasangh.fr\/wp-content\/uploads\/2022\/10\/Tuls\u00ee-P\u00fbj\u00e2-version-2022_page-0002-1-725x1024.jpg 725w, https:\/\/dharmasangh.fr\/wp-content\/uploads\/2022\/10\/Tuls\u00ee-P\u00fbj\u00e2-version-2022_page-0002-1.jpg 1241w\" sizes=\"auto, (max-width: 598px) 100vw, 598px\" \/><\/a><a href=\"https:\/\/dharmasangh.fr\/wp-content\/uploads\/2022\/10\/Tuls\u00ee-P\u00fbj\u00e2-version-2022_page-0003-1.jpg\"><img loading=\"lazy\" decoding=\"async\" class=\"alignnone  wp-image-6811\" src=\"https:\/\/dharmasangh.fr\/wp-content\/uploads\/2022\/10\/Tuls\u00ee-P\u00fbj\u00e2-version-2022_page-0003-1-212x300.jpg\" alt=\"\" width=\"640\" height=\"906\" srcset=\"https:\/\/dharmasangh.fr\/wp-content\/uploads\/2022\/10\/Tuls\u00ee-P\u00fbj\u00e2-version-2022_page-0003-1-212x300.jpg 212w, https:\/\/dharmasangh.fr\/wp-content\/uploads\/2022\/10\/Tuls\u00ee-P\u00fbj\u00e2-version-2022_page-0003-1.jpg 1241w\" sizes=\"auto, (max-width: 640px) 100vw, 640px\" \/><\/a><\/p>\n<p><a href=\"http:\/\/dharmasangh.fr\/?page_id=3228\">Tulas\u00ee M\u00e2t\u00e2 Mantra<\/a><\/p>\n<p><a href=\"http:\/\/dharmasangh.fr\/?page_id=3196\">108 noms de Tulas\u00ee M\u00e2t\u00e2<\/a><\/p>\n<p><a href=\"http:\/\/dharmasangh.fr\/?page_id=3225\">Tulas\u00ee Arat\u00ee<\/a><\/p>\n","protected":false},"excerpt":{"rendered":"<p>Tulas\u00ee M\u00e2t\u00e2 Mantra 108 noms de Tulas\u00ee M\u00e2t\u00e2 Tulas\u00ee Arat\u00ee<\/p>\n","protected":false},"author":3,"featured_media":0,"parent":1601,"menu_order":0,"comment_status":"closed","ping_status":"closed","template":"","meta":{"footnotes":""},"class_list":["post-3262","page","type-page","status-publish","hentry"],"_links":{"self":[{"href":"https:\/\/dharmasangh.fr\/index.php?rest_route=\/wp\/v2\/pages\/3262","targetHints":{"allow":["GET"]}}],"collection":[{"href":"https:\/\/dharmasangh.fr\/index.php?rest_route=\/wp\/v2\/pages"}],"about":[{"href":"https:\/\/dharmasangh.fr\/index.php?rest_route=\/wp\/v2\/types\/page"}],"author":[{"embeddable":true,"href":"https:\/\/dharmasangh.fr\/index.php?rest_route=\/wp\/v2\/users\/3"}],"replies":[{"embeddable":true,"href":"https:\/\/dharmasangh.fr\/index.php?rest_route=%2Fwp%2Fv2%2Fcomments&post=3262"}],"version-history":[{"count":18,"href":"https:\/\/dharmasangh.fr\/index.php?rest_route=\/wp\/v2\/pages\/3262\/revisions"}],"predecessor-version":[{"id":6815,"href":"https:\/\/dharmasangh.fr\/index.php?rest_route=\/wp\/v2\/pages\/3262\/revisions\/6815"}],"up":[{"embeddable":true,"href":"https:\/\/dharmasangh.fr\/index.php?rest_route=\/wp\/v2\/pages\/1601"}],"wp:attachment":[{"href":"https:\/\/dharmasangh.fr\/index.php?rest_route=%2Fwp%2Fv2%2Fmedia&parent=3262"}],"curies":[{"name":"wp","href":"https:\/\/api.w.org\/{rel}","templated":true}]}}