{"id":3312,"date":"2014-11-02T17:03:00","date_gmt":"2014-11-02T16:03:00","guid":{"rendered":"http:\/\/dharmasangh.fr\/?page_id=3312"},"modified":"2017-10-05T00:55:26","modified_gmt":"2017-10-04T23:55:26","slug":"ahoi-ashtami-vrat-2","status":"publish","type":"page","link":"https:\/\/dharmasangh.fr\/?page_id=3312","title":{"rendered":"Aho\u012b a\u1e63\u1e6dam\u012b vrat"},"content":{"rendered":"<p style=\"text-align: center;\"><span style=\"color: #993300;\"><em>AHO\u012a<\/em><em> A\u1e62\u1e6cAM\u012a VRAT<\/em><\/span><\/p>\n<p style=\"text-align: center;\"><span style=\"color: #ff6600;\"><em>Observances pour la d\u00e9esse Aho\u012b<\/em><\/span><\/p>\n<p style=\"text-align: center;\">\u00a0 <a href=\"http:\/\/dharmasangh.fr\/wp-content\/uploads\/2014\/11\/AOI-AHSTAMI-VRAT-IMAGE.jpg\"><img loading=\"lazy\" decoding=\"async\" class=\"aligncenter  wp-image-4447\" src=\"http:\/\/dharmasangh.fr\/wp-content\/uploads\/2014\/11\/AOI-AHSTAMI-VRAT-IMAGE.jpg\" alt=\"aoi-ahstami-vrat-image\" width=\"138\" height=\"186\" srcset=\"https:\/\/dharmasangh.fr\/wp-content\/uploads\/2014\/11\/AOI-AHSTAMI-VRAT-IMAGE.jpg 450w, https:\/\/dharmasangh.fr\/wp-content\/uploads\/2014\/11\/AOI-AHSTAMI-VRAT-IMAGE-223x300.jpg 223w\" sizes=\"auto, (max-width: 138px) 100vw, 138px\" \/><\/a><\/p>\n<p style=\"text-align: center;\"><strong><span style=\"color: #ff6600;\">\u00a0Jeudi 12 octobre 2017<\/span><\/strong><\/p>\n<p style=\"text-align: justify;\"><strong><span style=\"color: #ff6600;\">\u00a0<\/span><\/strong>Appel\u00e9e <em>Aho\u012b a\u1e63\u1e6dam\u012b<\/em> et <em>Aho\u012b a\u1e63\u1e6dam\u012b vrat<\/em>, cette observance du 8e jour de la quinzaine sombre du mois de <em>K<\/em><em>\u0101rtika<\/em>, est l\u2019occasion pour toute les m\u00e8res, particuli\u00e8rement celles qui ont le bonheur d\u2019avoir un ou plusieurs fils, de demander \u00e0 la d\u00e9esse <em>Aho\u012b<\/em> de le (les) prot\u00e9ger et de leur \u00a0accorder le bien-\u00eatre, la prosp\u00e9rit\u00e9, le bonheur et la long\u00e9vit\u00e9. Les femmes qui n\u2019ont pas encore de fils\u00a0 doivent suivre ce <em>vrat<\/em> pour en avoir un. Enfin celles dont le fils n\u2019est pas encore mari\u00e9 peuvent aussi accomplir ce <em>vrat <\/em>pour lui permettre de trouver une bonne \u00e9pouse et qu\u2019il soit lui-m\u00eame p\u00e8re d\u2019un fils.<\/p>\n<p><strong>\u00a0Ahoi vrat kath\u0101<\/strong><\/p>\n<p><em>Il y a bien longtemps, vivait un commer\u00e7ant qui avait sept fils. Les f\u00eates de D<\/em><em>\u012b<\/em><em>val<\/em><em>\u012b<\/em><em> approchaient et son \u00e9pouse,<\/em> <em>\u00a0comme \u00e0 l\u2019accoutum\u00e9, se rendit dans la for\u00eat pour prendre de la bonne terre et de l\u2019argile pour r\u00e9parer la maison et la purifier. Malheureusement, quand elle prit la terre avec sa pelle, elle blessa \u00e0 mort un b\u00e9b\u00e9 porc-\u00e9pic sans le voir. Le petit mourut sur le champ et l\u2019\u00e9pouse du commer\u00e7ant en fut tr\u00e8s attrist\u00e9e.\u00a0 <a href=\"http:\/\/dharmasangh.fr\/wp-content\/uploads\/2014\/11\/proc-epic.jpg\"><img loading=\"lazy\" decoding=\"async\" class=\"wp-image-4446 alignright\" src=\"http:\/\/dharmasangh.fr\/wp-content\/uploads\/2014\/11\/proc-epic.jpg\" alt=\"proc-epic\" width=\"75\" height=\"51\" \/><\/a><\/em><\/p>\n<p><em>Le temps passa et comble du destin, les sept fils de ce couple trouv\u00e8rent la mort les uns apr\u00e8s les autres, frapp\u00e9s par une myst\u00e9rieuse maladie. Inconsolable, elle ne comprenait pas pourquoi son c\u0153ur devait subir tant de douleur. En l\u2019espace d\u2019une ann\u00e9e, l\u2019\u00e9pouse perdit ses sept enfants\u00a0; elle ne voyait sur elle qu\u2019obscurit\u00e9 et mal\u00e9diction et en parla \u00e0 une voisine Cette derni\u00e8re lui demanda si elle avait commis de graves fautes car cette situation ne pouvait r\u00e9sulter que d\u2019un mauvais karma commis dans cette vie ou dans ses pr\u00e9c\u00e9dentes. L\u2019\u00e9pouse du commer\u00e7ant lui avoua qu\u2019elle avait \u00f4t\u00e9 la vie d\u2019un petit porc-\u00e9pic il y avait un an de cela mais de mani\u00e8re fortuite qu\u2019elle n\u2019avait jamais pu oublier.<\/em><\/p>\n<p><em>La voisine lui conseilla de pratiquer le <\/em><em>Aho\u012b a\u1e63\u1e6dam\u012b vrat<\/em><em> en dessinant une m\u00e8re porc-\u00e9pic avec son petit et de v\u00e9n\u00e9rer la d\u00e9esse Bhagavat<\/em><em>\u012b afin qu\u2019elle soit pardonn\u00e9e pour ce crime. Elle je\u00fbna pendant une journ\u00e9e et pria pour la lib\u00e9ration de ce mauvais karma jusqu\u2019\u00e0 ce que la lune apparaisse dans le ciel. Elle fit l\u2019offrande d\u2019eau \u00e0 la lune et de nourriture \u00e0 son entourage et rompit son observance. Quelques mois plus tard, le destin s\u2019ouvrit pour elle et \u00e0 nouveau, elle eut la joie de mettre au monde sept beaux fils par la gr\u00e2ce de la d\u00e9esse car sa pri\u00e8re avait \u00e9t\u00e9 exauc\u00e9e. <\/em><\/p>\n<p><strong>Aho\u012b<\/strong> <strong>vrat viddhi<\/strong><\/p>\n<p>Le matin, \u00e0 l\u2019aube, apr\u00e8s avoir pris un bain et mis un <em>sar<\/em><em>\u012b<\/em>, installez votre autel dans lequel vous placez une image de la D\u00e9esse <em>Aho<\/em><em>\u012b\u00a0 ou une image qui symbolise cette observance o\u00f9 figurent les sept fils et belles filles de l\u2019histoire. Vous pouvez aussi dessiner sur le sol un mandala \u00e0 huit p\u00e9tales de lotus, colori\u00e9s \u00e0 l\u2019aide de huit poudres de diff\u00e9rentes couleurs. En son centre, dessinez un porc-\u00e9pic avec son petit pour rappeler celui de notre histoire.<\/em><\/p>\n<p>Face \u00e0 votre autel, prenez place \u00e0 m\u00eame le sol sur un petit tapis en <em>\u0101<\/em><em>\u015bana<\/em>. Allumez une lampe de <em>gh\u012b <\/em>et m\u00e9ditez sur la puissance du divin devant ce petit temple que vous venez d\u2019\u00e9difier. Dites ensuite le <em>sa<\/em><em>\u1e45<\/em><em>kalpa<\/em>, l\u2019engagement formel, par lequel vous allez suivre cette observance jusqu\u2019\u00e0 la tomb\u00e9e de la nuit, sans prendre de nourriture ou, sans prendre ni eau ni nourriture, selon votre choix. Pr\u00e9cisez votre but \u00e0 savoir\u00a0: la protection de vos enfants ou l\u2019espoir d\u2019en avoir et demandez \u00e0 la d\u00e9esse <em>Aho\u012b <\/em>de vous aider \u00e0 respecter cet engagement jusqu\u2019au cr\u00e9puscule.<\/p>\n<p><em>\u00ab\u00a0O m\u00e8re <\/em><em>Aho\u012b <\/em><em>, je garde ce je\u00fbne de cette aube jusqu\u2019au cr\u00e9puscule pour la sant\u00e9, la chance et la \u00a0longue vie de mon fils ou pour avoir un fils. \u00d4 M\u00e8re donne-moi l\u2019\u00e9nergie pour arriver au bon terme de cette observance. <\/em><\/p>\n<p>Pour les femmes qui n\u2019ont pas d\u2019enfants, disposez quatre galettes <em>puri <\/em>que vous placez dans une assiette devant la d\u00e9esse et du <em>halva <\/em>en sept endroits diff\u00e9rents. Versez l\u2019eau dans un pot en terre <em>kora karava<\/em> que vous garderez \u00e0 l\u2019int\u00e9rieur toute la journ\u00e9e. Quand la lune et les \u00e9toiles brilleront dans le ciel, vous accomplirez l\u2019<em>arghya<\/em> \u00e0 la lune, l\u2019offrande de l\u2019eau, puis vous c\u00e9l\u00e9brerez l\u2019<em>\u0101<\/em><em>rat<\/em><em>\u012b<\/em> de <em>Aho\u012b <\/em><em> m\u0101t<\/em><em>\u0101<\/em>. Offrez des fruits et des mets sucr\u00e9s \u00e0 la d\u00e9esse. Pour celles qui d\u00e9sirent un enfant offrez \u00e0 votre\u00a0 belle m\u00e8re un <em>sar<\/em><em>\u012b<\/em> et des <em>puri<\/em> et demandez sa b\u00e9n\u00e9diction en touchant ses pieds, ceux de votre beau p\u00e8re et ceux des anciens de la famille. Pour celles qui sont d\u00e9j\u00e0 m\u00e8res, le je\u00fbne sera rompu une fois l\u2019eau plac\u00e9e dans les mains de leur enfant.<\/p>\n<p>&nbsp;<\/p>\n<p>&nbsp;<\/p>\n<p>&nbsp;<\/p>\n<p>&nbsp;<\/p>\n<p>&nbsp;<\/p>\n<p>&nbsp;<\/p>\n<p>&nbsp;<\/p>\n<p>&nbsp;<\/p>\n<p>&nbsp;<\/p>\n<p><a href=\"http:\/\/dharmasangh.fr\/?page_id=3183\">Aho\u00ee M\u00e2t\u00e2 \u00c2rat\u00ee<\/a><\/p>\n","protected":false},"excerpt":{"rendered":"<p>AHO\u012a A\u1e62\u1e6cAM\u012a VRAT Observances pour la d\u00e9esse Aho\u012b \u00a0 \u00a0Jeudi 12 octobre 2017 \u00a0Appel\u00e9e Aho\u012b a\u1e63\u1e6dam\u012b et Aho\u012b a\u1e63\u1e6dam\u012b vrat, cette observance du 8e jour de la quinzaine sombre du mois de K\u0101rtika, est l\u2019occasion pour toute les m\u00e8res, particuli\u00e8rement celles qui ont le bonheur d\u2019avoir un ou plusieurs fils, de demander \u00e0 la d\u00e9esse <a href=\"https:\/\/dharmasangh.fr\/?page_id=3312\">Continue reading &#8594;<\/a><\/p>\n","protected":false},"author":3,"featured_media":0,"parent":1601,"menu_order":0,"comment_status":"closed","ping_status":"closed","template":"","meta":{"footnotes":""},"class_list":["post-3312","page","type-page","status-publish","hentry"],"_links":{"self":[{"href":"https:\/\/dharmasangh.fr\/index.php?rest_route=\/wp\/v2\/pages\/3312","targetHints":{"allow":["GET"]}}],"collection":[{"href":"https:\/\/dharmasangh.fr\/index.php?rest_route=\/wp\/v2\/pages"}],"about":[{"href":"https:\/\/dharmasangh.fr\/index.php?rest_route=\/wp\/v2\/types\/page"}],"author":[{"embeddable":true,"href":"https:\/\/dharmasangh.fr\/index.php?rest_route=\/wp\/v2\/users\/3"}],"replies":[{"embeddable":true,"href":"https:\/\/dharmasangh.fr\/index.php?rest_route=%2Fwp%2Fv2%2Fcomments&post=3312"}],"version-history":[{"count":14,"href":"https:\/\/dharmasangh.fr\/index.php?rest_route=\/wp\/v2\/pages\/3312\/revisions"}],"predecessor-version":[{"id":5136,"href":"https:\/\/dharmasangh.fr\/index.php?rest_route=\/wp\/v2\/pages\/3312\/revisions\/5136"}],"up":[{"embeddable":true,"href":"https:\/\/dharmasangh.fr\/index.php?rest_route=\/wp\/v2\/pages\/1601"}],"wp:attachment":[{"href":"https:\/\/dharmasangh.fr\/index.php?rest_route=%2Fwp%2Fv2%2Fmedia&parent=3312"}],"curies":[{"name":"wp","href":"https:\/\/api.w.org\/{rel}","templated":true}]}}