{"id":3526,"date":"2015-02-15T16:34:28","date_gmt":"2015-02-15T15:34:28","guid":{"rendered":"http:\/\/dharmasangh.fr\/?page_id=3526"},"modified":"2015-02-15T16:39:34","modified_gmt":"2015-02-15T15:39:34","slug":"le-temps","status":"publish","type":"page","link":"https:\/\/dharmasangh.fr\/?page_id=3526","title":{"rendered":"Le temps"},"content":{"rendered":"<p style=\"text-align: center;\"><span style=\"color: #ff6600;\">\u00a0LE TEMPS EST IMMORTEL<\/span><\/p>\n<p style=\"text-align: center;\">\n<p><span style=\"color: #993300;\">L&rsquo;homme se dit chaque jour que le temps passe, qu&rsquo;il va trop toujours trop vite. Il se lamente de devoir courir apr\u00e8s le temps, mais toujours sans \u00eatre capable de le voir passer. Mais en r\u00e9alit\u00e9 ce n&rsquo;est pas le temps qui passe, c&rsquo;est l&rsquo;homme.<\/span><\/p>\n<p><span style=\"color: #993300;\">Et, au cr\u00e9puscule de sa sa vie, quand le temps a pass\u00e9 trop vite, que se dit l&rsquo;homme ?<\/span><\/p>\n<p><span style=\"color: #993300;\">&#8211; Que me reste-il maintenant que le temps a pass\u00e9 ? <\/span><\/p>\n<p><span style=\"color: #993300;\">Contrairement \u00e0 ce que l&rsquo;homme croit, le temps ne passe pas mais il ne fait que l\u2019attraper dans le grand filet invisible de sa course. Et l&rsquo;homme se sent ainsi prisonnier du temps.<\/span><\/p>\n<p><span style=\"color: #993300;\">Ce qu&rsquo;il ignore malheureusement c&rsquo;est que pour \u00e9chapper au temps, un moyen tr\u00e8s simple est sa port\u00e9e ; se positionner hors du temps en s&rsquo;immergeant dans la pens\u00e9e et la r\u00e9p\u00e9tition du nom du divin.<\/span><\/p>\n<p><span style=\"color: #993300;\">Ainsi r\u00e9int\u00e9gr\u00e9, l&rsquo;humain ne craint plus la\u00a0course\u00a0effr\u00e9n\u00e9e\u00a0du temps, devenu son meilleur alli\u00e9, le Temps de la Pri\u00e8re.<\/span><\/p>\n","protected":false},"excerpt":{"rendered":"<p>\u00a0LE TEMPS EST IMMORTEL L&rsquo;homme se dit chaque jour que le temps passe, qu&rsquo;il va trop toujours trop vite. Il se lamente de devoir courir apr\u00e8s le temps, mais toujours sans \u00eatre capable de le voir passer. Mais en r\u00e9alit\u00e9 ce n&rsquo;est pas le temps qui passe, c&rsquo;est l&rsquo;homme. Et, au cr\u00e9puscule de sa sa <a href=\"https:\/\/dharmasangh.fr\/?page_id=3526\">Continue reading &#8594;<\/a><\/p>\n","protected":false},"author":3,"featured_media":0,"parent":2981,"menu_order":0,"comment_status":"closed","ping_status":"closed","template":"","meta":{"footnotes":""},"class_list":["post-3526","page","type-page","status-publish","hentry"],"_links":{"self":[{"href":"https:\/\/dharmasangh.fr\/index.php?rest_route=\/wp\/v2\/pages\/3526","targetHints":{"allow":["GET"]}}],"collection":[{"href":"https:\/\/dharmasangh.fr\/index.php?rest_route=\/wp\/v2\/pages"}],"about":[{"href":"https:\/\/dharmasangh.fr\/index.php?rest_route=\/wp\/v2\/types\/page"}],"author":[{"embeddable":true,"href":"https:\/\/dharmasangh.fr\/index.php?rest_route=\/wp\/v2\/users\/3"}],"replies":[{"embeddable":true,"href":"https:\/\/dharmasangh.fr\/index.php?rest_route=%2Fwp%2Fv2%2Fcomments&post=3526"}],"version-history":[{"count":4,"href":"https:\/\/dharmasangh.fr\/index.php?rest_route=\/wp\/v2\/pages\/3526\/revisions"}],"predecessor-version":[{"id":3530,"href":"https:\/\/dharmasangh.fr\/index.php?rest_route=\/wp\/v2\/pages\/3526\/revisions\/3530"}],"up":[{"embeddable":true,"href":"https:\/\/dharmasangh.fr\/index.php?rest_route=\/wp\/v2\/pages\/2981"}],"wp:attachment":[{"href":"https:\/\/dharmasangh.fr\/index.php?rest_route=%2Fwp%2Fv2%2Fmedia&parent=3526"}],"curies":[{"name":"wp","href":"https:\/\/api.w.org\/{rel}","templated":true}]}}