{"id":3597,"date":"2021-10-06T14:15:58","date_gmt":"2021-10-06T13:15:58","guid":{"rendered":"http:\/\/dharmasangh.fr\/?page_id=3597"},"modified":"2024-10-03T18:16:21","modified_gmt":"2024-10-03T17:16:21","slug":"3597-2","status":"publish","type":"page","link":"https:\/\/dharmasangh.fr\/?page_id=3597","title":{"rendered":"Les Navar\u0101tr\u012b"},"content":{"rendered":"<h2 style=\"text-align: center;\"><span style=\"color: #993300;\"><strong>DURG\u1fb9 P\u016aJ<\/strong><\/span><span style=\"color: #993300;\"><strong>\u1fb9<\/strong><\/span><span style=\"color: #993300;\"><strong>\u00a0&#8211; NAVAR\u1fb9TR\u012a D&rsquo;AUTOMNE<\/strong><strong><br \/>\n<\/strong><strong>Les 9 jours d\u00e9di\u00e9s \u00e0 la d\u00e9esse <\/strong><\/span><strong><span style=\"color: #993300;\">Durg\u0101<\/span> <\/strong><\/h2>\n<p><a href=\"https:\/\/dharmasangh.fr\/wp-content\/uploads\/2015\/10\/durga-18.gif\"><img loading=\"lazy\" decoding=\"async\" class=\"aligncenter  wp-image-3956\" src=\"https:\/\/dharmasangh.fr\/wp-content\/uploads\/2015\/10\/durga-18.gif\" alt=\"\" width=\"79\" height=\"102\" \/><\/a><\/p>\n<p style=\"text-align: center;\"><span style=\"color: #008000;\"><strong>DU JEUDI 3 OCTOBRE AU SAMEDI 12 OCTOBRE 2024<\/strong><\/span><\/p>\n<p style=\"text-align: center;\"><span style=\"color: #008000;\"><strong>DIMANCHE 13 OCTOBRE 2024 : F\u00eate de la Victoire de\u00a0 R\u0101m \u00ab\u00a0Vijayada\u015bam\u012b\u00a0\u00bb<\/strong><\/span><\/p>\n<p style=\"text-align: justify;\">La f\u00eate de <em>Durg\u0101 P\u016bj\u0101 <\/em>est l\u2019une des plus importantes c\u00e9l\u00e9brations d\u00e9di\u00e9e \u00e0 une d\u00e9esse de la tradition Hindoue. Les <em>Navar\u0101tr\u012b<\/em>, appel\u00e9es aussi <em>Navrata<\/em>, sont les\u00a0<em>nava<\/em>, neuf, <em>r\u0101tr\u012b<\/em>, nuits &#8211; et neuf jours &#8211; d\u2019adorations rituelles et festives d\u00e9di\u00e9es \u00e0 la M\u00e8re divine,\u00a0<em>Durg\u0101<\/em>. En Inde et selon les r\u00e9gions, les <em>Navar\u0101tr\u012b<\/em> sont c\u00e9l\u00e9br\u00e9es jusqu&rsquo;\u00e0 quatre fois dans l\u2019ann\u00e9e, dont deux qui le sont unanimement au moment des \u00e9quinoxes d\u2019automne et de printemps :<\/p>\n<ul style=\"text-align: justify;\">\n<li>les <strong><em>Navar\u0101tr\u012b<\/em> de printemps<\/strong>, <strong><em>Vasant Navar\u0101tr\u012b<\/em><\/strong>, qui d\u00e9butent le premier jour de la quinzaine claire \u015b<em>uklapak\u1e63a<\/em>, du mois de <em>caitra,<\/em> correspondent aux mois de mars-avril. Elles d\u00e9butent toujours le premier jour de l&rsquo;ann\u00e9e hindoue ;<\/li>\n<li>les <em>Navar\u0101tr\u012b<\/em> d\u2019automne, les plus f\u00eat\u00e9es, qui commencent le premier jour\u00a0 <em>pratipada<\/em>, de la quinzaine claire\u00a0 \u015b<em>uklapak\u1e63a<\/em>, du mois d\u2019<em>a\u015bvina<\/em>, correspondent aux mois de septembre-octobre.<\/li>\n<\/ul>\n<p style=\"text-align: justify;\">Les deux autres <em>Navar\u0101tr\u012b<\/em> sont qualifi\u00e9es de <em>Gupta Navar\u0101tr\u012b<\/em> ou <em>Navar\u0101tr\u012b<\/em> dites cach\u00e9es. Suivies de mani\u00e8re plus occulte, elles sont c\u00e9l\u00e9br\u00e9es par les plus adeptes du tantrisme dans le but d\u2019obtenir des r\u00e9sultats tangibles par la gr\u00e2ce de la d\u00e9esse.<\/p>\n<p style=\"text-align: justify;\"><strong><span style=\"color: #993300;\">QUAND ONT LIEU LES\u00a0 NAVAR\u1fb9TR\u012a<\/span><\/strong><span style=\"color: #993300;\">\u00a0 <strong>?<\/strong><\/span><\/p>\n<p style=\"text-align: justify;\">Ce sont les neuf jours lunaires d&rsquo;automne appel\u00e9s<strong><em> Sarad Navar\u0101tr\u012b, <\/em><\/strong>c\u00e9l\u00e9br\u00e9s chaque jour dans le temple de l\u2019Association Dharma Sangh, \u00e0 Paris. \u00e0 partir de 17h30. Nous vous invitons \u00e0 venir pour le <em>dar<\/em><em>\u015ban<\/em> de la d\u00e9esse, en cette p\u00e9riode de purification des d&rsquo;\u00e9nergies et de renouveau.<\/p>\n<p style=\"text-align: center;\"><strong>POURQUOI NEUF JOURS ?<\/strong><\/p>\n<p style=\"text-align: justify;\">La D\u00e9esse <em>Durg\u0101<\/em> rev\u00eat neuf formes \u00e9labor\u00e9es dans un but pr\u00e9cis et \u00e0 l\u2019intention de ses <em>sadhaka<\/em>,\u00a0ses adorateurs. Elles font r\u00e9f\u00e9rence aux neuf jours pendant lesquels le dieu <em>R\u0101m<\/em>\u00a0accomplit lui-m\u00eame la v\u00e9n\u00e9ration de la d\u00e9esse, l\u2019implorant d\u2019obtenir la victoire sur le d\u00e9mon <em>R\u0101van<\/em><em>a<\/em> qui retenait prisonni\u00e8re son \u00e9pouse <em>S\u012bt\u0101<\/em>. C&rsquo;est au terme de neuf jours complets de pri\u00e8res qu\u2019il obtint cette gr\u00e2ce et tua ce terrible d\u00e9mon aux dix t\u00eates. Ce dixi\u00e8me jour des <em>Navar\u0101tr\u012b <\/em>est appel\u00e9 <em><strong>Vijayada\u015bam\u012b<\/strong><\/em><strong> &#8211; <em>Da\u015bahara<\/em> <\/strong><em>la Victoire de R\u0101m <\/em>est c\u00e9l\u00e9br\u00e9 pendant les <em>Navar\u0101tr\u012b <\/em>d&rsquo;automne.<\/p>\n<p>Les Vasant <em>Navar\u0101tr\u012b <\/em>convient \u00e9galement les adorateurs de <em>Durg\u0101<\/em> \u00e0 se purifier avant la f\u00eate comm\u00e9morative de la naissance de <em>R\u0101m <\/em>qui les cloture<em>. <\/em>A chaque forme de la d\u00e9esse correspondent une histoire et un enseignement \u00e9sot\u00e9rique qui peuvent se r\u00e9v\u00e9ler \u00e0 l\u2019aspirant spirituel. Les <em>Navar\u0101tr\u012b<\/em> sont neuf jours pendant lesquels chacun se consacre \u00e0 un authentique travail de purification et d&rsquo;\u00e9veil dont il\u00a0 b\u00e9n\u00e9ficiera jusqu&rsquo;aux prochaines <em>Navar\u0101tr\u012b<\/em>.<\/p>\n<p style=\"text-align: justify;\">Les neufs noms invoqu\u00e9s chaque jour par les d\u00e9vots de la d\u00e9esse pendant la f\u00eate des <em>Navar\u0101tr\u012b<\/em> correspondent \u00e0 une qualit\u00e9 de la d\u00e9esse tout en faisant r\u00e9f\u00e9rence \u00e0 son pouvoir de destruction des \u00e9nergies n\u00e9gatives et de r\u00e9g\u00e9n\u00e9ration. Ils sont chant\u00e9s ou r\u00e9cit\u00e9s sous la forme de mantras.<\/p>\n<p style=\"text-align: justify;\"><span style=\"color: #000000;\"><strong>Jour 1<\/strong> : JEUDI 3 OCTOBRE 2024<\/span><br \/>\n<strong><em><a href=\"https:\/\/dharmasangh.fr\/wp-content\/uploads\/2021\/10\/silaputri-2.png\"><img loading=\"lazy\" decoding=\"async\" class=\" wp-image-6315 alignleft\" src=\"https:\/\/dharmasangh.fr\/wp-content\/uploads\/2021\/10\/silaputri-2.png\" alt=\"\" width=\"57\" height=\"82\" \/><\/a><span style=\"color: #800000;\">Sailputr\u012b<\/span> \u00a0<\/em><\/strong><strong>\u00a0<\/strong><strong>\u00ab\u00a0La Fille de la montagne\u00a0\u00bb<br \/>\n<\/strong>Qualit\u00e9\u00a0:<strong> la Grandeur<\/strong><\/p>\n<p><strong><br \/>\nJour 2<\/strong> <strong>:<\/strong> VENDREDI 4 OCTOBRE 2024<br \/>\n<span style=\"color: #993300;\"><strong><em><a href=\"https:\/\/dharmasangh.fr\/wp-content\/uploads\/2021\/10\/Image3-2.png\"><img loading=\"lazy\" decoding=\"async\" class=\" wp-image-6314 alignleft\" src=\"https:\/\/dharmasangh.fr\/wp-content\/uploads\/2021\/10\/Image3-2.png\" alt=\"\" width=\"59\" height=\"85\" \/><\/a>Brahmacarin<span style=\"color: #800000;\">\u012b<\/span> <\/em><\/strong><\/span><strong>\u00a0\u00bb L&rsquo;Asc\u00e9tique &#8211; Celle qui n\u2019est pas mari\u00e9e \u00ab\u00a0<\/strong><br \/>\nQualit\u00e9\u00a0: <strong>la Sagesse<\/strong><\/p>\n<p><strong><br \/>\nJour 3 : SAMEDI 5 OCTOBRE <\/strong>2024<\/p>\n<p><strong><em><a href=\"https:\/\/dharmasangh.fr\/wp-content\/uploads\/2021\/10\/chandraghanta-2.png\"><img loading=\"lazy\" decoding=\"async\" class=\"wp-image-6317 alignleft\" src=\"https:\/\/dharmasangh.fr\/wp-content\/uploads\/2021\/10\/chandraghanta-2.png\" alt=\"\" width=\"61\" height=\"93\" \/><\/a><span style=\"color: #800000;\">Candra Ganth\u0101<\/span><\/em><\/strong> <strong>\u00ab\u00a0Celle qui porte la lune et la cloche\u00a0\u00bb<\/strong><em><br \/>\n<\/em>Qualit\u00e9\u00a0:\u00a0<strong>la Lumineuse<\/strong><\/p>\n<p><strong>Jour 4<\/strong> <strong>:<\/strong> DIMANCHE 6 OCTOBRE 2024<\/p>\n<p><strong><em><a href=\"https:\/\/dharmasangh.fr\/wp-content\/uploads\/2021\/10\/Kusmanda-1.png\"><img loading=\"lazy\" decoding=\"async\" class=\" wp-image-6311 alignleft\" src=\"https:\/\/dharmasangh.fr\/wp-content\/uploads\/2021\/10\/Kusmanda-1.png\" alt=\"\" width=\"63\" height=\"95\" \/><\/a><span style=\"color: #993300;\">Kusmand\u0101<\/span> <\/em>\u00ab\u00a0La calebasse &#8211; Celle qui est la totalit\u00e9 du monde\u00a0\u00bb<em><br \/>\n<\/em><\/strong>Qualit\u00e9\u00a0:\u00a0<strong>l\u2019Absoluit\u00e9 &#8211; la Totalit\u00e9<\/strong><\/p>\n<p style=\"text-align: left;\"><em>\u00a0<\/em><\/p>\n<p><strong>Jour 5<\/strong> <strong>:<\/strong> LUNDI 7 OCTOBRE 2024<br \/>\n<strong><em><span style=\"color: #993300;\"><a href=\"https:\/\/dharmasangh.fr\/wp-content\/uploads\/2021\/10\/skandamata-1.png\"><img loading=\"lazy\" decoding=\"async\" class=\" wp-image-6346 alignleft\" src=\"https:\/\/dharmasangh.fr\/wp-content\/uploads\/2021\/10\/skandamata-1.png\" alt=\"\" width=\"55\" height=\"82\" \/><\/a>Skanda M\u0101t\u0101\u00a0 <\/span><\/em>\u00ab\u00a0La m\u00e8re de <em>Skanda-K\u0101rttikeya<\/em>\u00ab\u00a0<em><br \/>\n<\/em><\/strong>Qualit\u00e9\u00a0:\u00a0<em>\u00a0<\/em><strong>la Force de vaincre<\/strong><\/p>\n<p><span style=\"color: #ffffff;\"><strong>Jour 6<\/strong>\u00a0<strong>:<\/strong> Lundi 11 octobre 2021<\/span><\/p>\n<p><strong>Jour 6<\/strong> <strong>:<\/strong> MARDI 8 OCTOBRE 2024<\/p>\n<p><strong><em><span style=\"color: #993300;\"><a href=\"https:\/\/dharmasangh.fr\/wp-content\/uploads\/2021\/10\/katyayani-2.png\"><img loading=\"lazy\" decoding=\"async\" class=\"wp-image-6350 alignleft\" src=\"https:\/\/dharmasangh.fr\/wp-content\/uploads\/2021\/10\/katyayani-2.png\" alt=\"\" width=\"58\" height=\"87\" \/><\/a><\/span><span style=\"color: #800000;\">Katyayan\u012b <\/span><\/em>\u00ab\u00a0La protectrice des maris et <\/strong><strong>veuve \u00e0 l&rsquo;\u00e2ge de la<\/strong> <strong>maturit\u00e9\u00a0\u00bb<em><br \/>\n<\/em><\/strong>Qualit\u00e9\u00a0:\u00a0<strong>la Grande Protectrice<\/strong><\/p>\n<p><span style=\"color: #ffffff;\"><strong>Jour 7 :<\/strong> mardi 12 octobre 2021<\/span><\/p>\n<p><strong>Jour 7 :<\/strong> MERCREDI 9 OCTOBRE 2024<\/p>\n<p><strong><em><span style=\"color: #993300;\"><a href=\"https:\/\/dharmasangh.fr\/wp-content\/uploads\/2021\/10\/kalaratri-1.png\"><img loading=\"lazy\" decoding=\"async\" class=\" wp-image-6354 alignleft\" src=\"https:\/\/dharmasangh.fr\/wp-content\/uploads\/2021\/10\/kalaratri-1.png\" alt=\"\" width=\"57\" height=\"86\" \/><\/a>K\u0101l\u0101ratr<\/span><\/em><em><span style=\"color: #800000;\">\u012b<\/span> <\/em>\u00ab\u00a0La Souveraine de la mort \u00a0&#8211; La Nuit Noire\u00a0\u00bb<em><br \/>\n<\/em><\/strong>Qualit\u00e9\u00a0:<strong>\u00a0La suppression de la souffrance<\/strong><\/p>\n<p><span style=\"color: #ffffff;\"><strong>Jour 8 :<\/strong> mercredi 13 octobre 2021<\/span><\/p>\n<p><strong>Jour 8 :<\/strong> JEUDI 10 OCTOBRE 2024<\/p>\n<p><strong><em><a href=\"https:\/\/dharmasangh.fr\/wp-content\/uploads\/2021\/10\/mahagauri-1.png\"><img loading=\"lazy\" decoding=\"async\" class=\" wp-image-6355 alignleft\" src=\"https:\/\/dharmasangh.fr\/wp-content\/uploads\/2021\/10\/mahagauri-1.png\" alt=\"\" width=\"58\" height=\"86\" \/><\/a><span style=\"color: #800000;\">Mah\u0101 Gaur\u012b<\/span><\/em> \u00a0\u00ab\u00a0La Blanche \u2013 la D\u00e9esse Parvat\u012b\u00a0\u00bb<\/strong><br \/>\nQualit\u00e9\u00a0:\u00a0<strong>La Puret\u00e9<\/strong><\/p>\n<p><span style=\"color: #ffffff;\"><strong>Jour 9 :<\/strong> jeudi 14 octobre 2021<\/span><\/p>\n<p><strong>Jour 9 :<\/strong> VENDREDI 11 et SAMEDI 12 (fin) OCTOBRE 2024<\/p>\n<p><strong><em><span style=\"color: #993300;\"><a href=\"https:\/\/dharmasangh.fr\/wp-content\/uploads\/2021\/10\/siddhidatri-1.png\"><img loading=\"lazy\" decoding=\"async\" class=\"wp-image-6356 alignleft\" src=\"https:\/\/dharmasangh.fr\/wp-content\/uploads\/2021\/10\/siddhidatri-1.png\" alt=\"\" width=\"57\" height=\"85\" \/><\/a>Siddhi D\u0101tr\u012b<\/span> <\/em>\u00ab\u00a0La Dispensatrice de pouvoirs\u00a0\u00bb<em>\u00a0 \u00a0 <\/em><\/strong><br \/>\nQualit\u00e9 : <strong>La Prosp\u00e9rit\u00e9<\/strong><br \/>\n<b>Navaratri Paran &#8211; Fin\u00a0<\/b><\/p>\n<h4 style=\"text-align: center;\"><span style=\"color: #993300;\"><strong>L&rsquo;ESPRIT DES <\/strong><strong>NAVAR\u1fb9TR\u012a<\/strong><\/span><\/h4>\n<p style=\"text-align: justify;\">Ce sont neuf jours d\u00e9di\u00e9s au culte de <em>Durg\u0101<\/em> pour soulager et vaincre ses propres souffrances. Le but est de se connecter au fils de ces neuf jours aux \u00e9nergies, aux actions et aux pens\u00e9es positives, et en b\u00e9n\u00e9ficier durablement jusqu\u2019aux prochaines <em>Navar\u0101tr\u012b<\/em><em>.<\/em> Pour cela, les maisons sont\u00a0 soigneusement nettoy\u00e9es afin que la d\u00e9esse y soit accueillie avec respect, dans une atmosph\u00e8re charg\u00e9e de bonnes intentions, nourries de d\u00e9sirs r\u00e9els de se changer soi-m\u00eame et de changer les choses, en travaillant sur ses mauvaises attitudes et habitudes. Les attributs et les qualit\u00e9s de <em>Durg\u0101<\/em> lib\u00e8rent les \u00eatres des maux dont ils souffrent. Cette d\u00e9esse a la ma\u00eetrise totale de la col\u00e8re et la pleine connaissance des manifestations n\u00e9gatives symbolis\u00e9es par les d\u00e9mons. Les neuf formes inspir\u00e9es de la d\u00e9esse ont pour fonction de conduire les \u00eatres humains, \u00e9tape par \u00e9tape, sur le chemin de la purification afin qu&rsquo;ils retrouvent, dans leur vie, l\u2019harmonie et la paix perdues, int\u00e9rieurement et ext\u00e9rieurement. Tout au long de la p\u00e9riode des <em>Navar\u0101tr\u012b<\/em>, les adorateurs de la d\u00e9esse\u00a0 se connectent \u00e0 l\u2019\u00e9nergie inspir\u00e9e par la d\u00e9esse \u00e0 travers ses neuf formes. Il convient aussi de c\u00e9l\u00e9brer pendant cette p\u00e9riode une <em>p\u016bj\u0101<\/em> des <em>Navagraha<\/em>, des neuf plan\u00e8tes <em>graha<\/em><em>,<\/em> dans le but de pacifier l\u2019influence n\u00e9gative qu\u2019elles exercent sur la destin\u00e9e d\u2019une famille ou de l\u2019un de ses membres. Cette c\u00e9l\u00e9bration rituelle est tr\u00e8s b\u00e9n\u00e9fique pour la paix de la famille.<\/p>\n<p style=\"text-align: justify;\">Les <em>Navar\u0101tr\u012b<\/em> se divisent <strong>en trois p\u00e9riodes de trois jours<\/strong> consacr\u00e9es \u00e0 l\u2019adoration des diff\u00e9rentes formes de la d\u00e9esse. La premi\u00e8re p\u00e9riode est r\u00e9gie par la grande puissance du temps <strong><em>Mah\u0101k\u0101l\u012b<\/em><\/strong>, la seconde par la grande puissance qui fixe le but et le prot\u00e8ge <strong><em>Mah\u0101lak\u1e63m\u012b, <\/em><\/strong>et la troisi\u00e8me par la puissance source de cr\u00e9ation et de connaissance <strong><em>Mah\u0101sarasvat\u012b. <\/em><\/strong>Elles \u0153uvrent \u00e0 la manifestation des neuf qualit\u00e9s essentielles de <em>Durg\u0101<\/em> : <strong>puret\u00e9, sagesse, pl\u00e9nitude, protection, force, courage, compassion,\u00a0 moralit\u00e9 et prosp\u00e9rit\u00e9<\/strong>.<\/p>\n<p style=\"text-align: center;\"><strong>Rituel du premier jour\u00a0<\/strong><\/p>\n<p>Le <strong><em>kala\u015bast\u0101pana<\/em><\/strong>, consiste en la mise en place d&rsquo;un pot appel\u00e9 <strong><em>kala\u015ba <\/em><\/strong>sur lequel est install\u00e9e une noix de coco, qui repr\u00e9sentera la forme de la d\u00e9esse pendant les neuf jours. Ce moment fort de la p\u00e9riode des <em>Navar\u0101tr\u012b<\/em> est appel\u00e9 <em>\u015bubha muh\u00fbrta. <\/em>L&rsquo;installation doit avoir lieu :<\/p>\n<h3 style=\"text-align: center;\"><strong>JEUDI 3 OCTOBRE 2024<\/strong><em><br \/>\n<\/em><strong><span style=\"color: #993300;\">\u00a0<\/span><\/strong><\/h3>\n<p>Il est b\u00e9n\u00e9fique d\u2019installer le pot et de demander au pr\u00eatre de c\u00e9l\u00e9brer la cons\u00e9cration rituelle. Le <em>kala\u015ba<\/em> devient alors le lieu de r\u00e9sidence des neuf formes de la d\u00e9esse et le \u00a0restera ainsi pendant toute la p\u00e9riode des <em>Navar\u0101tr\u012b<\/em>.<\/p>\n<p>Le <em>kala\u015bast\u0101pana<\/em> consiste \u00e0 placer cinq feuilles d\u2019arbres diff\u00e9rents \u00e0 l\u2019embouchure du pot, d\u2019y nouer un fil rouge puis de le remplir d\u2019eau sacr\u00e9e, de <em>kumkum<\/em>, de curcuma, de riz, de fleurs, de pi\u00e8ces\u2026. Le pot est plac\u00e9 sur un grand <em>thal\u012b\u00a0<\/em> o\u00f9 est sem\u00e9e de l\u2019orge dans une terre imbib\u00e9e d\u2019eau. Une noix de coco d\u00e9cor\u00e9e est ensuite pos\u00e9e sur l\u2019embouchure du pot et orient\u00e9e dans la direction nord-est, face \u00e0 soi, puis recouverte d\u2019un <em>chundr\u012b<\/em>, un tissu rouge. Une <em>p\u016bj\u0101<\/em> est c\u00e9l\u00e9br\u00e9e\u00a0 &#8211; par le pr\u00eatre ou soi-m\u00eame &#8211; pour honorer toutes les divinit\u00e9s et la pr\u00e9sence de la d\u00e9esse. Pour cela une lampe \u00e0 <em>gh\u012b <\/em>est allum\u00e9e apr\u00e8s avoir pris place en position assise dans la direction est. Un diagramme sacr\u00e9 <em>yantra<\/em> de la d\u00e9esse et des <em>navadurg\u0101<\/em>, les neuf <em>Durg\u0101<\/em>, est install\u00e9 ou dessin\u00e9.<\/p>\n<p>M\u00e9ditations et pri\u00e8res seront adress\u00e9es neuf jours cons\u00e9cutifs aux neuf formes de la d\u00e9esse. Ceci est accompli dans un esprit de purification et de renouveau.<\/p>\n<p>Le dernier jour\u00a0 un rituel du feu<em> havan<\/em> est c\u00e9l\u00e9br\u00e9 pour la maison ainsi qu&rsquo;une <em>p\u016bj\u0101<\/em> de cl\u00f4ture.<\/p>\n<p style=\"text-align: center;\"><span style=\"color: #993300;\"><strong><em>Si vous ne pouvez c\u00e9l\u00e9brer une p\u016bj\u0101 dans un temple<\/em><br \/>\n<em>selon les r\u00e8gles de la tradition,<\/em><br \/>\n<em>c\u00e9l\u00e9brez-la vous-m\u00eame entour\u00e9 avec vos proches.<\/em><br \/>\n<em>Le r\u00e9sultat est toujours b\u00e9n\u00e9fique<\/em><br \/>\n<em>pour tous ceux qui y participent<\/em><br \/>\n<em>quand l\u2019intention et le c\u0153ur sont \u00a0purs.<\/em><br \/>\n<em>\u00a0 \u00a0 \u00a0 \u00a0 \u00a0 \u00a0 \u00a0 \u00a0 \u00a0 \u00a0 \u00a0 \u00a0 \u00a0 \u00a0 \u00a0 \u00a0 \u00a0 \u00a0 \u00a0 \u00a0 \u00a0 \u00a0 \u00a0 \u00a0 \u00a0 \u00a0 \u00a0 \u00a0 \u00a0 \u00a0 \u00a0 \u00a0 \u00a0 \u00a0 \u00a0 Pandit Vishwanath Shastri<\/em><\/strong><\/span><\/p>\n<p style=\"text-align: center;\">Parus aux \u00e9ditions SHASTRI<\/p>\n<p style=\"text-align: center;\"><a title=\"livre Durg\u00e2 Up\u00e2san\u00e2\" href=\"http:\/\/editionsshastri.com\/produit\/durga-upasana-veneration-de-la-deesse-durga-tome-1\/\">Durg<em>\u0101<\/em> Up\u00e2san\u00e2 Tome 1<\/a><br \/>\n<a title=\"durga saptasati\" href=\"http:\/\/editionsshastri.com\/produit\/durga-saptasati-les-700-versets-deloge-a-durga-tome-2\/\" target=\"_blank\" rel=\"noopener noreferrer\">Durg\u00e2 Saptasati : les sept cents versets d\u00e9di\u00e9s \u00e0 Durg\u00e2 &#8211; Tome 2<\/a><\/p>\n","protected":false},"excerpt":{"rendered":"<p>DURG\u1fb9 P\u016aJ\u1fb9\u00a0&#8211; NAVAR\u1fb9TR\u012a D&rsquo;AUTOMNE Les 9 jours d\u00e9di\u00e9s \u00e0 la d\u00e9esse Durg\u0101 DU JEUDI 3 OCTOBRE AU SAMEDI 12 OCTOBRE 2024 DIMANCHE 13 OCTOBRE 2024 : F\u00eate de la Victoire de\u00a0 R\u0101m \u00ab\u00a0Vijayada\u015bam\u012b\u00a0\u00bb La f\u00eate de Durg\u0101 P\u016bj\u0101 est l\u2019une des plus importantes c\u00e9l\u00e9brations d\u00e9di\u00e9e \u00e0 une d\u00e9esse de la tradition Hindoue. Les Navar\u0101tr\u012b, appel\u00e9es <a href=\"https:\/\/dharmasangh.fr\/?page_id=3597\">Continue reading &#8594;<\/a><\/p>\n","protected":false},"author":3,"featured_media":0,"parent":1601,"menu_order":0,"comment_status":"closed","ping_status":"closed","template":"","meta":{"footnotes":""},"class_list":["post-3597","page","type-page","status-publish","hentry"],"_links":{"self":[{"href":"https:\/\/dharmasangh.fr\/index.php?rest_route=\/wp\/v2\/pages\/3597","targetHints":{"allow":["GET"]}}],"collection":[{"href":"https:\/\/dharmasangh.fr\/index.php?rest_route=\/wp\/v2\/pages"}],"about":[{"href":"https:\/\/dharmasangh.fr\/index.php?rest_route=\/wp\/v2\/types\/page"}],"author":[{"embeddable":true,"href":"https:\/\/dharmasangh.fr\/index.php?rest_route=\/wp\/v2\/users\/3"}],"replies":[{"embeddable":true,"href":"https:\/\/dharmasangh.fr\/index.php?rest_route=%2Fwp%2Fv2%2Fcomments&post=3597"}],"version-history":[{"count":87,"href":"https:\/\/dharmasangh.fr\/index.php?rest_route=\/wp\/v2\/pages\/3597\/revisions"}],"predecessor-version":[{"id":7385,"href":"https:\/\/dharmasangh.fr\/index.php?rest_route=\/wp\/v2\/pages\/3597\/revisions\/7385"}],"up":[{"embeddable":true,"href":"https:\/\/dharmasangh.fr\/index.php?rest_route=\/wp\/v2\/pages\/1601"}],"wp:attachment":[{"href":"https:\/\/dharmasangh.fr\/index.php?rest_route=%2Fwp%2Fv2%2Fmedia&parent=3597"}],"curies":[{"name":"wp","href":"https:\/\/api.w.org\/{rel}","templated":true}]}}