{"id":3761,"date":"2015-04-04T15:41:39","date_gmt":"2015-04-04T14:41:39","guid":{"rendered":"http:\/\/dharmasangh.fr\/?page_id=3761"},"modified":"2022-02-05T11:13:20","modified_gmt":"2022-02-05T10:13:20","slug":"hanuman-arati","status":"publish","type":"page","link":"https:\/\/dharmasangh.fr\/?page_id=3761","title":{"rendered":"Hanum\u00e2n \u00c2rat\u00ee"},"content":{"rendered":"<p><a href=\"http:\/\/dharmasangh.fr\/wp-content\/uploads\/2015\/04\/Arati-Hanum\u00e2n-.jpg\"><img loading=\"lazy\" decoding=\"async\" class=\"wp-image-3771 alignleft\" src=\"http:\/\/dharmasangh.fr\/wp-content\/uploads\/2015\/04\/Arati-Hanum\u00e2n-.jpg\" alt=\"Arati Hanum\u00e2n-\" width=\"881\" height=\"1249\" \/><\/a><\/p>\n","protected":false},"excerpt":{"rendered":"","protected":false},"author":3,"featured_media":0,"parent":3192,"menu_order":0,"comment_status":"closed","ping_status":"closed","template":"","meta":{"footnotes":""},"class_list":["post-3761","page","type-page","status-publish","hentry"],"_links":{"self":[{"href":"https:\/\/dharmasangh.fr\/index.php?rest_route=\/wp\/v2\/pages\/3761","targetHints":{"allow":["GET"]}}],"collection":[{"href":"https:\/\/dharmasangh.fr\/index.php?rest_route=\/wp\/v2\/pages"}],"about":[{"href":"https:\/\/dharmasangh.fr\/index.php?rest_route=\/wp\/v2\/types\/page"}],"author":[{"embeddable":true,"href":"https:\/\/dharmasangh.fr\/index.php?rest_route=\/wp\/v2\/users\/3"}],"replies":[{"embeddable":true,"href":"https:\/\/dharmasangh.fr\/index.php?rest_route=%2Fwp%2Fv2%2Fcomments&post=3761"}],"version-history":[{"count":2,"href":"https:\/\/dharmasangh.fr\/index.php?rest_route=\/wp\/v2\/pages\/3761\/revisions"}],"predecessor-version":[{"id":3773,"href":"https:\/\/dharmasangh.fr\/index.php?rest_route=\/wp\/v2\/pages\/3761\/revisions\/3773"}],"up":[{"embeddable":true,"href":"https:\/\/dharmasangh.fr\/index.php?rest_route=\/wp\/v2\/pages\/3192"}],"wp:attachment":[{"href":"https:\/\/dharmasangh.fr\/index.php?rest_route=%2Fwp%2Fv2%2Fmedia&parent=3761"}],"curies":[{"name":"wp","href":"https:\/\/api.w.org\/{rel}","templated":true}]}}