{"id":3983,"date":"2015-10-18T15:39:11","date_gmt":"2015-10-18T14:39:11","guid":{"rendered":"http:\/\/dharmasangh.fr\/?page_id=3983"},"modified":"2022-02-05T11:13:14","modified_gmt":"2022-02-05T10:13:14","slug":"durga-arati","status":"publish","type":"page","link":"https:\/\/dharmasangh.fr\/?page_id=3983","title":{"rendered":"Durg\u00e2 \u00c2rat\u00ee"},"content":{"rendered":"<p><a href=\"http:\/\/dharmasangh.fr\/wp-content\/uploads\/2015\/10\/Durg\u00e2-arati-1.jpg\"><img loading=\"lazy\" decoding=\"async\" class=\"aligncenter  wp-image-3978\" src=\"http:\/\/dharmasangh.fr\/wp-content\/uploads\/2015\/10\/Durg\u00e2-arati-1.jpg\" alt=\"Durg\u00e2 arati-1\" width=\"1033\" height=\"1463\" \/><\/a><\/p>\n","protected":false},"excerpt":{"rendered":"","protected":false},"author":3,"featured_media":0,"parent":3192,"menu_order":0,"comment_status":"closed","ping_status":"closed","template":"","meta":{"footnotes":""},"class_list":["post-3983","page","type-page","status-publish","hentry"],"_links":{"self":[{"href":"https:\/\/dharmasangh.fr\/index.php?rest_route=\/wp\/v2\/pages\/3983","targetHints":{"allow":["GET"]}}],"collection":[{"href":"https:\/\/dharmasangh.fr\/index.php?rest_route=\/wp\/v2\/pages"}],"about":[{"href":"https:\/\/dharmasangh.fr\/index.php?rest_route=\/wp\/v2\/types\/page"}],"author":[{"embeddable":true,"href":"https:\/\/dharmasangh.fr\/index.php?rest_route=\/wp\/v2\/users\/3"}],"replies":[{"embeddable":true,"href":"https:\/\/dharmasangh.fr\/index.php?rest_route=%2Fwp%2Fv2%2Fcomments&post=3983"}],"version-history":[{"count":2,"href":"https:\/\/dharmasangh.fr\/index.php?rest_route=\/wp\/v2\/pages\/3983\/revisions"}],"predecessor-version":[{"id":3985,"href":"https:\/\/dharmasangh.fr\/index.php?rest_route=\/wp\/v2\/pages\/3983\/revisions\/3985"}],"up":[{"embeddable":true,"href":"https:\/\/dharmasangh.fr\/index.php?rest_route=\/wp\/v2\/pages\/3192"}],"wp:attachment":[{"href":"https:\/\/dharmasangh.fr\/index.php?rest_route=%2Fwp%2Fv2%2Fmedia&parent=3983"}],"curies":[{"name":"wp","href":"https:\/\/api.w.org\/{rel}","templated":true}]}}