{"id":3988,"date":"2015-10-19T11:31:46","date_gmt":"2015-10-19T10:31:46","guid":{"rendered":"http:\/\/dharmasangh.fr\/?page_id=3988"},"modified":"2015-10-19T12:09:31","modified_gmt":"2015-10-19T11:09:31","slug":"hanuman-calisa","status":"publish","type":"page","link":"https:\/\/dharmasangh.fr\/?page_id=3988","title":{"rendered":"Hanum\u00e2n C\u00e2lis\u00e2"},"content":{"rendered":"<p><a href=\"http:\/\/dharmasangh.fr\/wp-content\/uploads\/2015\/10\/sri-hanuman-calisa-3.jpg\"><img loading=\"lazy\" decoding=\"async\" class=\"aligncenter  wp-image-3989\" src=\"http:\/\/dharmasangh.fr\/wp-content\/uploads\/2015\/10\/sri-hanuman-calisa-3.jpg\" alt=\"sri hanuman calisa-3\" width=\"757\" height=\"1234\" \/><\/a><a href=\"http:\/\/dharmasangh.fr\/wp-content\/uploads\/2015\/10\/sri-hanuman-calisa-4.jpg\"><img loading=\"lazy\" decoding=\"async\" class=\"aligncenter  wp-image-3990\" src=\"http:\/\/dharmasangh.fr\/wp-content\/uploads\/2015\/10\/sri-hanuman-calisa-4.jpg\" alt=\"sri hanuman calisa-4\" width=\"757\" height=\"801\" srcset=\"https:\/\/dharmasangh.fr\/wp-content\/uploads\/2015\/10\/sri-hanuman-calisa-4.jpg 2073w, https:\/\/dharmasangh.fr\/wp-content\/uploads\/2015\/10\/sri-hanuman-calisa-4-283x300.jpg 283w, https:\/\/dharmasangh.fr\/wp-content\/uploads\/2015\/10\/sri-hanuman-calisa-4-967x1024.jpg 967w\" sizes=\"auto, (max-width: 757px) 100vw, 757px\" \/><\/a><\/p>\n","protected":false},"excerpt":{"rendered":"","protected":false},"author":3,"featured_media":0,"parent":1149,"menu_order":0,"comment_status":"closed","ping_status":"closed","template":"","meta":{"footnotes":""},"class_list":["post-3988","page","type-page","status-publish","hentry"],"_links":{"self":[{"href":"https:\/\/dharmasangh.fr\/index.php?rest_route=\/wp\/v2\/pages\/3988","targetHints":{"allow":["GET"]}}],"collection":[{"href":"https:\/\/dharmasangh.fr\/index.php?rest_route=\/wp\/v2\/pages"}],"about":[{"href":"https:\/\/dharmasangh.fr\/index.php?rest_route=\/wp\/v2\/types\/page"}],"author":[{"embeddable":true,"href":"https:\/\/dharmasangh.fr\/index.php?rest_route=\/wp\/v2\/users\/3"}],"replies":[{"embeddable":true,"href":"https:\/\/dharmasangh.fr\/index.php?rest_route=%2Fwp%2Fv2%2Fcomments&post=3988"}],"version-history":[{"count":1,"href":"https:\/\/dharmasangh.fr\/index.php?rest_route=\/wp\/v2\/pages\/3988\/revisions"}],"predecessor-version":[{"id":3993,"href":"https:\/\/dharmasangh.fr\/index.php?rest_route=\/wp\/v2\/pages\/3988\/revisions\/3993"}],"up":[{"embeddable":true,"href":"https:\/\/dharmasangh.fr\/index.php?rest_route=\/wp\/v2\/pages\/1149"}],"wp:attachment":[{"href":"https:\/\/dharmasangh.fr\/index.php?rest_route=%2Fwp%2Fv2%2Fmedia&parent=3988"}],"curies":[{"name":"wp","href":"https:\/\/api.w.org\/{rel}","templated":true}]}}