{"id":4031,"date":"2015-10-19T21:19:40","date_gmt":"2015-10-19T20:19:40","guid":{"rendered":"http:\/\/dharmasangh.fr\/?page_id=4031"},"modified":"2015-10-19T21:21:21","modified_gmt":"2015-10-19T20:21:21","slug":"maha-kali-arati","status":"publish","type":"page","link":"https:\/\/dharmasangh.fr\/?page_id=4031","title":{"rendered":"Mah\u00e2 K\u00e2l\u00ee \u00c2rat\u00ee"},"content":{"rendered":"<p><a href=\"http:\/\/dharmasangh.fr\/wp-content\/uploads\/2015\/10\/sri-kali-arati-1.jpg\"><img loading=\"lazy\" decoding=\"async\" class=\"wp-image-4032 alignleft\" src=\"http:\/\/dharmasangh.fr\/wp-content\/uploads\/2015\/10\/sri-kali-arati-1.jpg\" alt=\"sri kali  arati -1\" width=\"705\" height=\"1000\" \/><\/a><\/p>\n","protected":false},"excerpt":{"rendered":"","protected":false},"author":3,"featured_media":0,"parent":3192,"menu_order":0,"comment_status":"closed","ping_status":"closed","template":"","meta":{"footnotes":""},"class_list":["post-4031","page","type-page","status-publish","hentry"],"_links":{"self":[{"href":"https:\/\/dharmasangh.fr\/index.php?rest_route=\/wp\/v2\/pages\/4031","targetHints":{"allow":["GET"]}}],"collection":[{"href":"https:\/\/dharmasangh.fr\/index.php?rest_route=\/wp\/v2\/pages"}],"about":[{"href":"https:\/\/dharmasangh.fr\/index.php?rest_route=\/wp\/v2\/types\/page"}],"author":[{"embeddable":true,"href":"https:\/\/dharmasangh.fr\/index.php?rest_route=\/wp\/v2\/users\/3"}],"replies":[{"embeddable":true,"href":"https:\/\/dharmasangh.fr\/index.php?rest_route=%2Fwp%2Fv2%2Fcomments&post=4031"}],"version-history":[{"count":2,"href":"https:\/\/dharmasangh.fr\/index.php?rest_route=\/wp\/v2\/pages\/4031\/revisions"}],"predecessor-version":[{"id":4034,"href":"https:\/\/dharmasangh.fr\/index.php?rest_route=\/wp\/v2\/pages\/4031\/revisions\/4034"}],"up":[{"embeddable":true,"href":"https:\/\/dharmasangh.fr\/index.php?rest_route=\/wp\/v2\/pages\/3192"}],"wp:attachment":[{"href":"https:\/\/dharmasangh.fr\/index.php?rest_route=%2Fwp%2Fv2%2Fmedia&parent=4031"}],"curies":[{"name":"wp","href":"https:\/\/api.w.org\/{rel}","templated":true}]}}