{"id":4035,"date":"2015-10-19T21:25:16","date_gmt":"2015-10-19T20:25:16","guid":{"rendered":"http:\/\/dharmasangh.fr\/?page_id=4035"},"modified":"2015-10-19T21:28:41","modified_gmt":"2015-10-19T20:28:41","slug":"mahakali-calisa-devanagari","status":"publish","type":"page","link":"https:\/\/dharmasangh.fr\/?page_id=4035","title":{"rendered":"Mah\u00e2k\u00e2l\u00ee C\u00e2lis\u00e2 (devan\u00e2gar\u00ee)"},"content":{"rendered":"<p><a href=\"http:\/\/dharmasangh.fr\/wp-content\/uploads\/2015\/10\/sri-kali-calisa-vedic-p1.jpg\"><img loading=\"lazy\" decoding=\"async\" class=\"aligncenter  wp-image-4036\" src=\"http:\/\/dharmasangh.fr\/wp-content\/uploads\/2015\/10\/sri-kali-calisa-vedic-p1.jpg\" alt=\"sri kali calisa vedic-p1\" width=\"843\" height=\"1196\" \/><\/a><a href=\"http:\/\/dharmasangh.fr\/wp-content\/uploads\/2015\/10\/sri-kali-calisa-vedic-p2.jpg\"><img loading=\"lazy\" decoding=\"async\" class=\"aligncenter  wp-image-4037\" src=\"http:\/\/dharmasangh.fr\/wp-content\/uploads\/2015\/10\/sri-kali-calisa-vedic-p2.jpg\" alt=\"sri kali calisa vedic-p2\" width=\"827\" height=\"1173\" \/><\/a><\/p>\n","protected":false},"excerpt":{"rendered":"","protected":false},"author":3,"featured_media":0,"parent":1149,"menu_order":0,"comment_status":"closed","ping_status":"closed","template":"","meta":{"footnotes":""},"class_list":["post-4035","page","type-page","status-publish","hentry"],"_links":{"self":[{"href":"https:\/\/dharmasangh.fr\/index.php?rest_route=\/wp\/v2\/pages\/4035","targetHints":{"allow":["GET"]}}],"collection":[{"href":"https:\/\/dharmasangh.fr\/index.php?rest_route=\/wp\/v2\/pages"}],"about":[{"href":"https:\/\/dharmasangh.fr\/index.php?rest_route=\/wp\/v2\/types\/page"}],"author":[{"embeddable":true,"href":"https:\/\/dharmasangh.fr\/index.php?rest_route=\/wp\/v2\/users\/3"}],"replies":[{"embeddable":true,"href":"https:\/\/dharmasangh.fr\/index.php?rest_route=%2Fwp%2Fv2%2Fcomments&post=4035"}],"version-history":[{"count":4,"href":"https:\/\/dharmasangh.fr\/index.php?rest_route=\/wp\/v2\/pages\/4035\/revisions"}],"predecessor-version":[{"id":4041,"href":"https:\/\/dharmasangh.fr\/index.php?rest_route=\/wp\/v2\/pages\/4035\/revisions\/4041"}],"up":[{"embeddable":true,"href":"https:\/\/dharmasangh.fr\/index.php?rest_route=\/wp\/v2\/pages\/1149"}],"wp:attachment":[{"href":"https:\/\/dharmasangh.fr\/index.php?rest_route=%2Fwp%2Fv2%2Fmedia&parent=4035"}],"curies":[{"name":"wp","href":"https:\/\/api.w.org\/{rel}","templated":true}]}}