{"id":4042,"date":"2015-10-19T21:33:52","date_gmt":"2015-10-19T20:33:52","guid":{"rendered":"http:\/\/dharmasangh.fr\/?page_id=4042"},"modified":"2015-10-19T21:37:00","modified_gmt":"2015-10-19T20:37:00","slug":"mahakali-calisa","status":"publish","type":"page","link":"https:\/\/dharmasangh.fr\/?page_id=4042","title":{"rendered":"Mah\u00e2k\u00e2l\u00ee C\u00e2lis\u00e2"},"content":{"rendered":"<p><a href=\"http:\/\/dharmasangh.fr\/wp-content\/uploads\/2015\/10\/sri-mahakali-calisa-1.jpg\"><img loading=\"lazy\" decoding=\"async\" class=\"aligncenter  wp-image-4043\" src=\"http:\/\/dharmasangh.fr\/wp-content\/uploads\/2015\/10\/sri-mahakali-calisa-1.jpg\" alt=\"sri mahakali calisa-1\" width=\"851\" height=\"1208\" \/><\/a><a href=\"http:\/\/dharmasangh.fr\/wp-content\/uploads\/2015\/10\/sri-mahakali-calisa-2.jpg\"><img loading=\"lazy\" decoding=\"async\" class=\"aligncenter  wp-image-4045\" src=\"http:\/\/dharmasangh.fr\/wp-content\/uploads\/2015\/10\/sri-mahakali-calisa-2.jpg\" alt=\"sri mahakali calisa-2\" width=\"855\" height=\"1212\" \/><\/a><\/p>\n","protected":false},"excerpt":{"rendered":"","protected":false},"author":3,"featured_media":0,"parent":1149,"menu_order":0,"comment_status":"closed","ping_status":"closed","template":"","meta":{"footnotes":""},"class_list":["post-4042","page","type-page","status-publish","hentry"],"_links":{"self":[{"href":"https:\/\/dharmasangh.fr\/index.php?rest_route=\/wp\/v2\/pages\/4042","targetHints":{"allow":["GET"]}}],"collection":[{"href":"https:\/\/dharmasangh.fr\/index.php?rest_route=\/wp\/v2\/pages"}],"about":[{"href":"https:\/\/dharmasangh.fr\/index.php?rest_route=\/wp\/v2\/types\/page"}],"author":[{"embeddable":true,"href":"https:\/\/dharmasangh.fr\/index.php?rest_route=\/wp\/v2\/users\/3"}],"replies":[{"embeddable":true,"href":"https:\/\/dharmasangh.fr\/index.php?rest_route=%2Fwp%2Fv2%2Fcomments&post=4042"}],"version-history":[{"count":4,"href":"https:\/\/dharmasangh.fr\/index.php?rest_route=\/wp\/v2\/pages\/4042\/revisions"}],"predecessor-version":[{"id":4052,"href":"https:\/\/dharmasangh.fr\/index.php?rest_route=\/wp\/v2\/pages\/4042\/revisions\/4052"}],"up":[{"embeddable":true,"href":"https:\/\/dharmasangh.fr\/index.php?rest_route=\/wp\/v2\/pages\/1149"}],"wp:attachment":[{"href":"https:\/\/dharmasangh.fr\/index.php?rest_route=%2Fwp%2Fv2%2Fmedia&parent=4042"}],"curies":[{"name":"wp","href":"https:\/\/api.w.org\/{rel}","templated":true}]}}