{"id":4246,"date":"2016-06-26T15:51:47","date_gmt":"2016-06-26T14:51:47","guid":{"rendered":"http:\/\/dharmasangh.fr\/?page_id=4246"},"modified":"2020-08-01T11:22:56","modified_gmt":"2020-08-01T10:22:56","slug":"les-mille-mantras-de-shiva","status":"publish","type":"page","link":"https:\/\/dharmasangh.fr\/?page_id=4246","title":{"rendered":"Les mille mantras du dieu \u015aiva"},"content":{"rendered":"<p><a href=\"http:\/\/dharmasangh.fr\/wp-content\/uploads\/2016\/06\/COUVERTURE-MILLE-NOMS-PWT-TOUT-EN-ROUGE.jpg\"><img loading=\"lazy\" decoding=\"async\" class=\"wp-image-4247 alignleft\" src=\"http:\/\/dharmasangh.fr\/wp-content\/uploads\/2016\/06\/COUVERTURE-MILLE-NOMS-PWT-TOUT-EN-ROUGE.jpg\" alt=\"COUVERTURE MILLE NOMS PWT TOUT EN ROUGE\" width=\"311\" height=\"216\" srcset=\"https:\/\/dharmasangh.fr\/wp-content\/uploads\/2016\/06\/COUVERTURE-MILLE-NOMS-PWT-TOUT-EN-ROUGE.jpg 790w, https:\/\/dharmasangh.fr\/wp-content\/uploads\/2016\/06\/COUVERTURE-MILLE-NOMS-PWT-TOUT-EN-ROUGE-300x208.jpg 300w\" sizes=\"auto, (max-width: 311px) 100vw, 311px\" \/><\/a><\/p>\n<p style=\"text-align: justify;\">Les divinit\u00e9s de l\u2019Inde ont de nombreux noms, tous porteurs de sens et de connaissance. Ils peuvent \u00e9voquer indiff\u00e9remment un aspect de leur personnalit\u00e9, une forme, une qualit\u00e9, une fonction pr\u00e9cise ou faire r\u00e9f\u00e9rence \u00e0 un \u00e9pisode marquant de leur vie, voire \u00e0 une autre divinit\u00e9. <i>Shiva<\/i>, Ma\u00eetre de la Destruction et du Renouvellement de la vie, est un des dieux les plus puissants du panth\u00e9on hindou. \u00c0 ce titre, les textes sacr\u00e9s lui attribuent d\u2019innombrables noms. Le grand po\u00e8me \u00e9pique du <i>Mah<\/i><i>\u00e2<\/i><i>bh<\/i><i>\u00e2<\/i><i>rata <\/i>en r\u00e9v\u00e9la mille huit, compos\u00e9s en versets appel\u00e9s <i>Sr\u00ee<\/i><i><\/i> Shiva <i>Sahasran<\/i><i>\u00e2<\/i><i>m<\/i><i>\u00e2<\/i><i>v\u00e2l<\/i><i>\u00ee<\/i>, <i>les <\/i><i>mille noms de <\/i><i>Sh<\/i><i>iva<\/i>. La r\u00e9citation de ces noms, sous forme de mantras de v\u00e9n\u00e9ration, est un acte rituel qui fait appel \u00e0 la concentration, l\u2019esprit de m\u00e9ditation, la foi et la d\u00e9votion. Ses fruits sont l\u2019acc\u00e8s \u00e0 <i>Shakti<\/i>, l\u2019\u00e9nergie et au succ\u00e8s esp\u00e9r\u00e9 dans les domaines r\u00e9gis par <i>Sh<\/i><i>iva<\/i> : ma\u00eetrise des \u00eatres et des situations n\u00e9gatives, combativit\u00e9 face \u00e0 la maladie, maintien de l\u2019unit\u00e9 familiale, pratique de la m\u00e9ditation et de tout travail spirituel visant \u00e0 <i>mok<\/i><i>sh<\/i><i>a<\/i>, la grande lib\u00e9ration de l\u2019esprit.<\/p>\n<p>Ce livre est disponible aux Editions SHASTRI au prix de 9,50\u20ac\u00a0 &#8211;<\/p>\n","protected":false},"excerpt":{"rendered":"<p>Les divinit\u00e9s de l\u2019Inde ont de nombreux noms, tous porteurs de sens et de connaissance. Ils peuvent \u00e9voquer indiff\u00e9remment un aspect de leur personnalit\u00e9, une forme, une qualit\u00e9, une fonction pr\u00e9cise ou faire r\u00e9f\u00e9rence \u00e0 un \u00e9pisode marquant de leur vie, voire \u00e0 une autre divinit\u00e9. Shiva, Ma\u00eetre de la Destruction et du Renouvellement de <a href=\"https:\/\/dharmasangh.fr\/?page_id=4246\">Continue reading &#8594;<\/a><\/p>\n","protected":false},"author":3,"featured_media":0,"parent":1921,"menu_order":0,"comment_status":"closed","ping_status":"closed","template":"","meta":{"footnotes":""},"class_list":["post-4246","page","type-page","status-publish","hentry"],"_links":{"self":[{"href":"https:\/\/dharmasangh.fr\/index.php?rest_route=\/wp\/v2\/pages\/4246","targetHints":{"allow":["GET"]}}],"collection":[{"href":"https:\/\/dharmasangh.fr\/index.php?rest_route=\/wp\/v2\/pages"}],"about":[{"href":"https:\/\/dharmasangh.fr\/index.php?rest_route=\/wp\/v2\/types\/page"}],"author":[{"embeddable":true,"href":"https:\/\/dharmasangh.fr\/index.php?rest_route=\/wp\/v2\/users\/3"}],"replies":[{"embeddable":true,"href":"https:\/\/dharmasangh.fr\/index.php?rest_route=%2Fwp%2Fv2%2Fcomments&post=4246"}],"version-history":[{"count":5,"href":"https:\/\/dharmasangh.fr\/index.php?rest_route=\/wp\/v2\/pages\/4246\/revisions"}],"predecessor-version":[{"id":6245,"href":"https:\/\/dharmasangh.fr\/index.php?rest_route=\/wp\/v2\/pages\/4246\/revisions\/6245"}],"up":[{"embeddable":true,"href":"https:\/\/dharmasangh.fr\/index.php?rest_route=\/wp\/v2\/pages\/1921"}],"wp:attachment":[{"href":"https:\/\/dharmasangh.fr\/index.php?rest_route=%2Fwp%2Fv2%2Fmedia&parent=4246"}],"curies":[{"name":"wp","href":"https:\/\/api.w.org\/{rel}","templated":true}]}}