{"id":4483,"date":"2016-10-23T22:50:48","date_gmt":"2016-10-23T21:50:48","guid":{"rendered":"http:\/\/dharmasangh.fr\/?page_id=4483"},"modified":"2016-10-23T22:56:02","modified_gmt":"2016-10-23T21:56:02","slug":"4483-2","status":"publish","type":"page","link":"https:\/\/dharmasangh.fr\/?page_id=4483","title":{"rendered":"K\u0101l\u012b"},"content":{"rendered":"<h3 style=\"text-align: center;\"><strong><em>K\u0101l\u012b<\/em><\/strong><\/h3>\n<p style=\"text-align: center;\"><strong>D\u00e9esse du temps, des ennemis et du changement \u00bb<\/strong><\/p>\n<p style=\"text-align: center;\"><a href=\"http:\/\/dharmasangh.fr\/wp-content\/uploads\/2016\/10\/kali-calendrier-04-jp.jpg\"><img loading=\"lazy\" decoding=\"async\" class=\"aligncenter  wp-image-4488\" src=\"http:\/\/dharmasangh.fr\/wp-content\/uploads\/2016\/10\/kali-calendrier-04-jp.jpg\" alt=\"kali-calendrier-04-jp\" width=\"241\" height=\"342\" srcset=\"https:\/\/dharmasangh.fr\/wp-content\/uploads\/2016\/10\/kali-calendrier-04-jp.jpg 1120w, https:\/\/dharmasangh.fr\/wp-content\/uploads\/2016\/10\/kali-calendrier-04-jp-211x300.jpg 211w, https:\/\/dharmasangh.fr\/wp-content\/uploads\/2016\/10\/kali-calendrier-04-jp-722x1024.jpg 722w\" sizes=\"auto, (max-width: 241px) 100vw, 241px\" \/><\/a><strong>Jour de v\u00e9n\u00e9ration\u00a0:<\/strong> Dimanche<br \/>\n<strong>Plan\u00e8te associ\u00e9e \u00a0: <\/strong>Saturne<br \/>\n<strong>\u00a0\u00a0 Couleur\u00a0: <\/strong>Noir<\/p>\n<p style=\"text-align: justify;\">\u00a0<em>K\u0101l\u012b<\/em> est une d\u00e9esse bien \u00e9trange compar\u00e9e aux autres d\u00e9esses de notre tradition comme les bienveillantes M\u00e8res <em>P\u0101rvat\u012b,<\/em> <em>Lak\u1e63m\u012b<\/em> ou <em>Sarasvat\u012b<\/em>. La forme sous laquelle <em>K\u0101l\u012b<\/em> appara\u00eet peut laisser plus d\u2019un non-initi\u00e9 d\u00e9rout\u00e9 voire r\u00e9vuls\u00e9. Mais ne nous y trompons pas. Le secret de cette d\u00e9esse est aussi vaste que le temps car elle est justement la \u00ab\u00a0D\u00e9esse du Temps\u00a0\u00bb dans ses phases de destruction et de renaissance. Le jeu de <em>K\u0101l\u012b<\/em>\u00a0est intimement li\u00e9 au processus de re-cr\u00e9ation. Car l\u00e0 o\u00f9 il y a destruction se cache toujours un petit souffle de cr\u00e9ation.<\/p>\n<p style=\"text-align: justify;\"><em>K\u0101l\u012b <\/em>nous vient de loin. A l\u2019\u00e9poque v\u00e9dique elle n\u2019appara\u00eet pas sous la forme courrouc\u00e9e que nous lui connaissons actuellement mais est invoqu\u00e9e comme l\u2019une des sept langues <em>d\u2019Agn\u012b<\/em>, le dieu du feu\u00a0: elle consume tout ce qui doit \u00eatre n\u00e9cessairement r\u00e9duit \u00e0 n\u00e9ant. Dans les <em>purana<\/em>, elle est est la forme \u00e9man\u00e9e de la d\u00e9esse <em>Durg<\/em><em>\u00e0<\/em> pour l\u2019aider \u00e0 d\u00e9truire le d\u00e9mon<em> raktab\u012bja<\/em>.<\/p>\n<p style=\"text-align: justify;\"><em>K\u0101l\u012b<\/em> est l\u2019\u00e9nergie divine qui s\u2019anime dans le but d\u2019assainir et de purifier. Certes, son aspect effrayant renvoie \u00e0 celui qui la contemple son terrifiant pouvoir de destruction. Mais son nom <em>K\u0101l\u012b<\/em> d\u00e9rive du mot\u00a0<em>K\u0101la<\/em> le\u00a0T<em>emps<\/em> en sanskrit, principe masculin qui peut d\u00e9truire et donner vie \u00e0 toute chose. En tant que <em>\u015aakti<\/em>, \u00e9nergie, elle est donc \u00ab\u00a0<em>K\u0101l\u012b<\/em>\u00a0\u00bb le f\u00e9minin de <em>K\u0101la<\/em>, le Temps. Dans la tradition, c\u2019est toujours <em>\u015aakti<\/em>, le f\u00e9minin qui agit. Ainsi, celui qui v\u00e9n\u00e8re <em>K\u0101l\u012b<\/em> est lib\u00e9r\u00e9 de la peur de la destruction et de la marche irr\u00e9versible du temps car il entre justement dans cette dynamique, celle indiqu\u00e9e par cette d\u00e9esse. Quand elle est invoqu\u00e9e comme puissance transcendante du temps, <em>Mah\u0101k\u0101l\u012b<\/em> est aussi l\u2019Origine, <em>Ady\u0101<\/em>, ou la Premi\u00e8re, <em>Pratham\u0101<\/em>. \u00e9pouse de <em>Mah<\/em><em>\u0101<\/em><em>deva<\/em>, le Grand dieu <em>\u00f8<\/em><em>iva<\/em>.<\/p>\n<p style=\"text-align: justify;\">\u00a0<em>K<\/em><em>\u0101l\u012b<\/em> est repr\u00e9sent\u00e9e debout sur les d\u00e9bris de l\u2019Univers en ruine,\u00a0 tandis que <em>\u015aiva<\/em> demeure \u00e9tendu, impuissant, comme un mort. Les tantras pr\u00e9cisent \u00e0 ce sujet que sans le \u00ab\u00a0i\u00a0\u00bb symbole de sa puissance, <em>\u015a<\/em><em>iva<\/em> n\u2019est plus qu\u2019un <em>\u015a<\/em><em>ava<\/em> mot sanskrit qui signifie le cadavre. Ce cadavre est l\u2019image de ce qui reste de l\u2019Univers quand il retombe au seul pouvoir du temps-\u00e9ternel. Cet univers peut \u00eatre aussi bien notre quotidien \u00e0 certaines p\u00e9riodes difficiles de la vie\u00a0: la famille, le travail, les enfants, l\u2019argent\u2026.ou encore notre mental avec ses pens\u00e9es n\u00e9gatives, infernales et incontr\u00f4lables.<\/p>\n<p style=\"text-align: justify;\"><em>K\u0101l\u012b<\/em> est repr\u00e9sent\u00e9e nue, le regard p\u00e9n\u00e9trant. Sa nudit\u00e9 rappelle la nature non conditionn\u00e9e de l\u2019\u00e9nergie universelle dont la danse joyeuse et anim\u00e9e est la vie et son contraire, la mort. Infinie par d\u00e9finition, elle ne peut donc \u00eatre que repr\u00e9sent\u00e9e nue. Elle porte \u00e0 son cou un grand rosaire <em>m\u0101l\u0101<\/em> compos\u00e9 de cr\u00e2nes humains, dansant sur le corps inerte de <em>\u015aiva<\/em>. Ces t\u00eates furent un jour anim\u00e9es de vie et rappellent qu\u2019Elle r\u00e9duit \u00e0 n\u00e9ant tout ce qui fait obstacle \u00e0 l\u2019expression du plan divin. Elle est simple et quand elle est v\u00eatue ce n\u2019est que de l\u2019univers, d\u2019o\u00f9 son nom <em>Digambar\u012b<\/em>, \u00ab\u00a0Celle qui est\u00a0v\u00eatue d\u2019espace.\u00a0\u00bb. Les cr\u00e2nes de son collier repr\u00e9sentent les 51 lettres de l\u2019alphabet sanskrit. Elle porte une ceinture faite des bras qu\u2019elle a coup\u00e9s pour signifier la fin des actions n\u00e9gatives. Elle tient dans ses mains, une \u00e9p\u00e9e, l\u2019\u00e9p\u00e9e des <em>Durg\u0101<\/em> qui combat infailliblement tous les types de d\u00e9mons. <em>K\u0101l\u012b<\/em> se dresse aussi avec quatre bras comme l\u2019image de l\u2019accomplissement de toutes choses et de son emprise absolue sur tout ce qui existe. Ils attestent de son pouvoir sur les quatre directions de l\u2019espace, identifi\u00e9es au cycle complet du temps.<\/p>\n<p style=\"text-align: justify;\">\u00a0Ce que <em>K\u0101l\u012b<\/em> attend c\u2019est le sang du sacrifice de son d\u00e9vot pour qu\u2019elle le lib\u00e8re. Est-ce la mort (le sacrifice) d\u2019une ch\u00e8vre ou d\u2019un mouton, l\u2019offrande de viande ou d\u2019alcool si cher au c\u0153ur de certains, et comme cela est pratiqu\u00e9 dans certaines r\u00e9gions de l\u2019Inde et dans d\u2019autres pays. Non rien de tout cela car un tel acte\u00a0 ajoute \u00e0 son karma la souffrance d\u2019une cr\u00e9ature de la terre et coupe sa vie. Sacrifier (en d\u2019autres termes faire souffrir) une autre cr\u00e9ature va-t-il changer spirituellement et humainement celui qui \u00f4te la vie\u00a0? Depuis que des millions de cabris ou de ch\u00e8vres sont sacrifi\u00e9s pour <em>K\u0101l\u012b<\/em>, nous devrions avoir des \u00eatres humains regorgeant de perfection et de sagesse\u00a0sur cette terre ! On ne peut pas dire que l\u2019on travaille sur la face sombre de son \u00e2me et demander \u00e0 une autre cr\u00e9ature de \u00ab\u00a0payer\u00a0\u00bb \u00e0 sa place.\u00a0 Le seul \u00ab\u00a0sang\u00a0\u00bb que <em>K\u0101l\u012b<\/em> attend, c\u2019est le sacrifice de son d\u00e9vot. Se sacrifier n\u2019est pas mourir de sa mort physique ou de faire mourir un animal. Il s\u2019agit de mourir \u00e0 ses mauvais penchants, sacrifier son ego, ses d\u00e9fauts les plus coriaces, ses plus viles pens\u00e9es, sa haine envers ses ennemis, ses vices\u2026.<\/p>\n<p style=\"text-align: justify;\">\u00a0<em>K\u0101l\u012b<\/em> est consid\u00e9r\u00e9e comme une d\u00e9esse sanguinaire alors que le sens \u00e0 donner \u00e0 son culte est tout autre. <em>K\u0101l\u012b<\/em> brandit son \u00e9p\u00e9e d\u2019un \u00e9clat \u00e9blouissant et tient une t\u00eate d\u00e9capit\u00e9e\u00a0signifiant qu\u2019elle seule sait mettre en \u0153uvre les situations ad\u00e9quates pour corriger les erreurs de ses enfants (ses adorateurs) quand la loi cosmique de V\u00e9rit\u00e9, d\u2019Amour et de Compassion n\u2019est pas respect\u00e9e.<\/p>\n<p style=\"text-align: justify;\"><strong>\u00a0<\/strong><em>K\u0101l\u012b<\/em> est pri\u00e9e pour\u00a0:<\/p>\n<ul style=\"text-align: justify;\">\n<li>Se sortir des situations difficiles, de la pauvret\u00e9, des pertes mat\u00e9rielles, des dettes\u00a0;<\/li>\n<li>combattre la souffrance li\u00e9e \u00e0 la disparition de personnes ch\u00e8res\u00a0;<\/li>\n<li>se lib\u00e9rer de l\u2019accablement et l\u2019inconfort moral, des terreurs, des envo\u00fbtements de toute sorte venant de sorciers ou d\u2019ennemis\u00a0;<\/li>\n<li>lutter contre ses passions, sa propre perversit\u00e9, les pens\u00e9es n\u00e9gatives et obs\u00e9dantes\u00a0;<\/li>\n<li>conjurer les effets mal\u00e9fiques de la plan\u00e8te Sani-Saturne.<\/li>\n<\/ul>\n<p style=\"text-align: justify;\">\u00a0L\u2019une des particularit\u00e9s essentielles de sa v\u00e9n\u00e9ration est de ne jamais demander \u00e0 <em>K\u0101l\u012b<\/em> justice ou vengeance contre quelqu\u2019un. Par sa v\u00e9n\u00e9ration, il est possible de se d\u00e9barrasser de tout ce qui obstrue le bon fonctionnement de la vie\u00a0: probl\u00e8mes, difficult\u00e9s et p\u00e9nuries quel que soit le domaine concern\u00e9. Elle aide \u00e0 r\u00e9soudre les graves probl\u00e8mes familiaux, \u00e0 contr\u00f4ler les mauvais r\u00eaves et les cauchemars r\u00e9currents. Son champ d\u2019influence \u00e9tant puissant et l\u2019un des plus vastes, la v\u00e9n\u00e9ration de <em>K\u0101l\u012b<\/em> qu\u2019elle soit motiv\u00e9e ou non par des probl\u00e8mes accorde prosp\u00e9rit\u00e9 et v\u00e9rit\u00e9 dans sa vie.<\/p>\n<p style=\"text-align: justify;\">\u00a0<strong>Les offrandes pour <em>K\u0101l\u012b<\/em><\/strong><\/p>\n<p style=\"text-align: justify;\"><strong>\u00a0<\/strong>fruits et fleurs\u00a0: de pr\u00e9f\u00e9rence jaune, rouge ou mauve<\/p>\n<ul style=\"text-align: justify;\">\n<li>tout type d\u2019offrande de couleur noire<\/li>\n<li>v\u00eatements noirs ou jaunes,<\/li>\n<li>citron vert, piments rouges, clous de girofle.<\/li>\n<\/ul>\n<p style=\"text-align: justify;\">\u00a0Toute observance sp\u00e9cifique pour la d\u00e9esse doit \u00eatre men\u00e9e sous le suivi bienveillant d\u2019une personne habilit\u00e9e \u00e0 le faire.<\/p>\n<p style=\"text-align: justify;\">\n","protected":false},"excerpt":{"rendered":"<p>K\u0101l\u012b D\u00e9esse du temps, des ennemis et du changement \u00bb Jour de v\u00e9n\u00e9ration\u00a0: Dimanche Plan\u00e8te associ\u00e9e \u00a0: Saturne \u00a0\u00a0 Couleur\u00a0: Noir \u00a0K\u0101l\u012b est une d\u00e9esse bien \u00e9trange compar\u00e9e aux autres d\u00e9esses de notre tradition comme les bienveillantes M\u00e8res P\u0101rvat\u012b, Lak\u1e63m\u012b ou Sarasvat\u012b. La forme sous laquelle K\u0101l\u012b appara\u00eet peut laisser plus d\u2019un non-initi\u00e9 d\u00e9rout\u00e9 voire <a href=\"https:\/\/dharmasangh.fr\/?page_id=4483\">Continue reading &#8594;<\/a><\/p>\n","protected":false},"author":3,"featured_media":0,"parent":1921,"menu_order":0,"comment_status":"closed","ping_status":"closed","template":"","meta":{"footnotes":""},"class_list":["post-4483","page","type-page","status-publish","hentry"],"_links":{"self":[{"href":"https:\/\/dharmasangh.fr\/index.php?rest_route=\/wp\/v2\/pages\/4483","targetHints":{"allow":["GET"]}}],"collection":[{"href":"https:\/\/dharmasangh.fr\/index.php?rest_route=\/wp\/v2\/pages"}],"about":[{"href":"https:\/\/dharmasangh.fr\/index.php?rest_route=\/wp\/v2\/types\/page"}],"author":[{"embeddable":true,"href":"https:\/\/dharmasangh.fr\/index.php?rest_route=\/wp\/v2\/users\/3"}],"replies":[{"embeddable":true,"href":"https:\/\/dharmasangh.fr\/index.php?rest_route=%2Fwp%2Fv2%2Fcomments&post=4483"}],"version-history":[{"count":5,"href":"https:\/\/dharmasangh.fr\/index.php?rest_route=\/wp\/v2\/pages\/4483\/revisions"}],"predecessor-version":[{"id":4490,"href":"https:\/\/dharmasangh.fr\/index.php?rest_route=\/wp\/v2\/pages\/4483\/revisions\/4490"}],"up":[{"embeddable":true,"href":"https:\/\/dharmasangh.fr\/index.php?rest_route=\/wp\/v2\/pages\/1921"}],"wp:attachment":[{"href":"https:\/\/dharmasangh.fr\/index.php?rest_route=%2Fwp%2Fv2%2Fmedia&parent=4483"}],"curies":[{"name":"wp","href":"https:\/\/api.w.org\/{rel}","templated":true}]}}