{"id":4642,"date":"2017-03-27T14:34:59","date_gmt":"2017-03-27T13:34:59","guid":{"rendered":"http:\/\/dharmasangh.fr\/?page_id=4642"},"modified":"2017-03-27T21:24:20","modified_gmt":"2017-03-27T20:24:20","slug":"4642-2","status":"publish","type":"page","link":"https:\/\/dharmasangh.fr\/?page_id=4642","title":{"rendered":"SOMAVAT\u00ce AM\u00c2VASY\u00c2"},"content":{"rendered":"<p style=\"text-align: center;\"><span style=\"color: #993300;\"><strong>SOMAVAT\u00ce AM\u00c2VASY\u00c2<\/strong><\/span><\/p>\n<p style=\"text-align: center;\"><a href=\"http:\/\/dharmasangh.fr\/wp-content\/uploads\/2017\/03\/amavasya-dessin-recadr\u00e9.jpg\"><img loading=\"lazy\" decoding=\"async\" class=\"aligncenter size-full wp-image-4643\" src=\"http:\/\/dharmasangh.fr\/wp-content\/uploads\/2017\/03\/amavasya-dessin-recadr\u00e9.jpg\" alt=\"amavasya dessin recadr\u00e9\" width=\"66\" height=\"66\" \/><\/a><\/p>\n<p style=\"text-align: center;\"><strong><span style=\"color: #993300;\">L&rsquo;ann\u00e9e 2017 nous offre trois jours pour pratiquer l&rsquo;observance de Somavat\u012b am\u0101vasy\u0101 :<\/span><\/strong><\/p>\n<p style=\"text-align: center;\"><span style=\"color: #993300;\"> &#8211; <span style=\"color: #ff6600;\"><strong>Lundi 27 mars (d\u00e9but d\u2019am\u0101vasy\u0101)<\/strong><\/span><\/span><\/p>\n<p style=\"text-align: center;\"><span style=\"color: #ff6600;\"><strong> &#8211; Lundi 21 ao\u00fbt <\/strong><\/span><\/p>\n<p style=\"text-align: center;\"><span style=\"color: #ff6600;\"><strong>&#8211; Lundi 18 d\u00e9cembre<\/strong><\/span><\/p>\n<p style=\"text-align: justify;\">Am\u0101vasy\u0101 est la Nouvelle lune repr\u00e9sent\u00e9e par un cercle noir dans les calendriers. Traditionnellement, le jour d&rsquo;am\u0101vasy\u0101 est d\u00e9di\u00e9 aux anc\u00eatres. Il est propice \u00e0 l\u2019introspection et \u00e0 la r\u00e9flexion sur les actes pass\u00e9s. Il est id\u00e9al pour m\u00e9nager son \u00e9nergie et, pourquoi pas, d\u00e9buter enfin un r\u00e9el changement des mauvaises habitudes de vie. Un je\u00fbne ce jour-l\u00e0 aide \u00e0 purifier le corps des toxines accumul\u00e9es. Lorsqu\u2019am\u0101vasy\u0101 tombe un lundi, jour de la lune, elle est appel\u00e9e Somavat\u012b am\u0101vasy\u0101. Pour la tradition, le Soleil repr\u00e9sente l\u2019\u00e2me et la Lune, \u00e0 travers ses diff\u00e9rentes phases, le mental de son instabilit\u00e9 \u00e0 sa puissance. La Lune symbolise aussi toutes les valeurs de f\u00e9minit\u00e9, de s\u00e9duction, de douceur, de compassion et de g\u00e9n\u00e9rosit\u00e9.<\/p>\n<p style=\"text-align: justify;\">En Inde Somavat\u012b am\u0101vasy\u0101 est l\u2019occasion pour les femmes mari\u00e9es d\u2019observer un je\u00fbne afin d\u2019assurer protection et longue vie \u00e0 leur mari. Ce jour est aussi tr\u00e8s favorable pour pratiquer Pitr\u012b P\u016bj\u0101 le don d\u2019offrande pour la paix de l\u2019\u00e2me des anc\u00eatres car am\u0101vasy\u0101, jour le plus sombre du mois, rappelle que dans l\u2019obscurit\u00e9 la plus totale, symbolis\u00e9e par la mort, il y a toujours en puissance l\u2019\u00e9tincelle de la lumi\u00e8re et de la vie qui se perp\u00e9tue.<br \/>\nEn Inde l\u2019arbre P\u012bpal est particuli\u00e8rement r\u00e9v\u00e9r\u00e9 ce jour-l\u00e0 par les femmes. C\u2019est ainsi qu\u2019elles enroulent un cordon sacr\u00e9 en tournant 108 fois autour du tronc de cet arbre et font l\u2019offrande de lait, de p\u00e2te de santal, de poudre de vermillon, de fleurs tout en chantant des mantras et versets sacr\u00e9s sp\u00e9cifiques.<\/p>\n<p style=\"text-align: center;\"><strong>L\u00e9gende de Somavat\u012b am\u0101vasy\u0101<\/strong><\/p>\n<p style=\"text-align: justify;\">Il y a bien longtemps vivait un p\u00e8re de famille, qui avait huit enfants : sept fils mari\u00e9s et une fille pour laquelle il cherchait, sans succ\u00e8s, un \u00e9poux. Un jour, un saint homme vint rendre visite \u00e0 toute cette famille. Apr\u00e8s avoir \u00e9t\u00e9 accueilli avec respect et g\u00e9n\u00e9rosit\u00e9, tous les membres profit\u00e8rent de ses sages paroles et conseils. Avant de repartir, il b\u00e9nit les parents les fils et les belles-filles mais ne fit ni geste de protection, ni geste de b\u00e9n\u00e9diction \u00e0 l\u2019\u00e9gard de la jeune fille. Profond\u00e9ment choqu\u00e9e, la jeune fille ne put s\u2019emp\u00eacher de le lui faire remarquer. Mais celui-ci se contenta de la regarder en silence, puis partit sans un geste.<br \/>\nLa jeune fille confia \u00e0 sa m\u00e8re que ce qui s\u2019\u00e9tait pass\u00e9 la faisait souffrir. Quelques temps plus tard, les parents firent venir chez eux un Pandit astrologue qui leur r\u00e9v\u00e9la qu\u2019il serait tr\u00e8s difficile pour leur fille de garder un mari car sa destin\u00e9e \u00e9tait d\u2019\u00eatre veuve. Devant le d\u00e9sespoir de la m\u00e8re, l\u2019astrologue lui dit qu\u2019il y avait cependant une seule possibilit\u00e9 de changer ce triste destin. Il leur fallait l\u2019envoyer vivre sur l\u2019ile de Singhal et travailler avec une blanchisseuse. Si cette derni\u00e8re lui accordait un jour la grande b\u00e9n\u00e9diction d\u2019apposer spontan\u00e9ment une marque de Vermillon sur son front, leur fille serait alors lib\u00e9r\u00e9e de voir dispara\u00eetre son mari dans la mort\u00a0mais \u00e0 la condition d&rsquo;avoir pratiqu\u00e9 l\u2019observance de Somavat\u012b am\u0101vasy\u0101.<\/p>\n<p style=\"text-align: justify;\">La m\u00e8re et la fille partirent en qu\u00eate d\u2019une blanchisseuse sur cette \u00eele. Apr\u00e8s avoir longuement voyag\u00e9, elles arriv\u00e8rent dans un lieu tr\u00e8s paisible et prirent un peu de repos sous un arbre. Le regard de la fille fut rapidement attir\u00e9 par un nid qui se trouvait dans les branches au-dessus de sa t\u00eate et elle\u00a0eut juste le temps de voir s\u2019envoler le couple de vautours qui l\u2019habitait. Elle ferma les yeux pour dormir un peu mais un sifflement retentit. Elle chercha du regard d\u2019o\u00f9 il pouvait bien provenir et vit un serpent s\u2019engouffrer dans le nid pour d\u00e9rober les \u0153ufs des vautours. Sans peur elle prit un b\u00e2ton, monta sur l\u2019arbre et chassa le serpent. Le couple de vautour qui avait assist\u00e9 de loin \u00e0 la sc\u00e8ne vint se poster pr\u00e8s de la jeune fille. Ils lui exprim\u00e8rent leur immense gratitude et reconnaissance pour avoir sauv\u00e9 leurs oeufs. Ils lui demand\u00e8rent ce qu\u2019elle faisait en ce lieu. Elle leur dit qu\u2019elle cherchait une blanchisseuse sur les conseil d\u2019un pandit et raconta son histoire. Les vautours qui connaissaient parfaitement l\u2019\u00eele la conduisirent jusqu\u2019\u00e0 l\u2019une d\u2019entre elles. La jeune-fille travailla pendant plusieurs mois et re\u00e7ut un jour la fameuse marque de vermillon qu\u2019elle attendait tant. Elle retourna vivre chez ses parents et pratiqua les observances de Somavat\u012b am\u0101vasy\u0101 comme l\u2019avait demand\u00e9 le Pandit. Quelques temps plus tard elle se maria et resta toute sa vie aupr\u00e8s de son mari.<\/p>\n<p style=\"text-align: justify;\">Une l\u00e9gende est un fabuleux support pour la m\u00e9ditation et r\u00e9v\u00e8le le bienfond\u00e9 d\u2019une observance. Il y a, bien entendu, diff\u00e9rents niveaux de lecture et de compr\u00e9hension. Nous\u00a0laissons le soin \u00e0 chacun d\u2019en atteindre un ou plusieurs selon son\u00a0plan de conscience. Il est aussi possible de se placer sur un plan\u00a0symbolique\u00a0au regard\u00a0de la situation des \u00eatres, de leur fonction, de ce qu&rsquo;ils doivent r\u00e9aliser, de ce qui leur arrive&#8230;\u00a0et encore sur\u00a0le plan de l&rsquo;astrologie ou de la num\u00e9rologie (selon les r\u00e9cits). Ce qu\u2019il est toutefois important de retenir, ce sont les bienfaits, la positivit\u00e9\u00a0que la\u00a0pratique d&rsquo;une\u00a0observance peut dispenser, ainsi que\u00a0cette formidable impulsion de vie, de foi et de d\u00e9votion qu\u2019elle fait\u00a0na\u00eetre\u00a0ou fortifie\u00a0int\u00e9rieurement.<\/p>\n","protected":false},"excerpt":{"rendered":"<p>SOMAVAT\u00ce AM\u00c2VASY\u00c2 L&rsquo;ann\u00e9e 2017 nous offre trois jours pour pratiquer l&rsquo;observance de Somavat\u012b am\u0101vasy\u0101 : &#8211; Lundi 27 mars (d\u00e9but d\u2019am\u0101vasy\u0101) &#8211; Lundi 21 ao\u00fbt &#8211; Lundi 18 d\u00e9cembre Am\u0101vasy\u0101 est la Nouvelle lune repr\u00e9sent\u00e9e par un cercle noir dans les calendriers. Traditionnellement, le jour d&rsquo;am\u0101vasy\u0101 est d\u00e9di\u00e9 aux anc\u00eatres. Il est propice \u00e0 l\u2019introspection <a href=\"https:\/\/dharmasangh.fr\/?page_id=4642\">Continue reading &#8594;<\/a><\/p>\n","protected":false},"author":3,"featured_media":0,"parent":1601,"menu_order":0,"comment_status":"closed","ping_status":"closed","template":"","meta":{"footnotes":""},"class_list":["post-4642","page","type-page","status-publish","hentry"],"_links":{"self":[{"href":"https:\/\/dharmasangh.fr\/index.php?rest_route=\/wp\/v2\/pages\/4642","targetHints":{"allow":["GET"]}}],"collection":[{"href":"https:\/\/dharmasangh.fr\/index.php?rest_route=\/wp\/v2\/pages"}],"about":[{"href":"https:\/\/dharmasangh.fr\/index.php?rest_route=\/wp\/v2\/types\/page"}],"author":[{"embeddable":true,"href":"https:\/\/dharmasangh.fr\/index.php?rest_route=\/wp\/v2\/users\/3"}],"replies":[{"embeddable":true,"href":"https:\/\/dharmasangh.fr\/index.php?rest_route=%2Fwp%2Fv2%2Fcomments&post=4642"}],"version-history":[{"count":21,"href":"https:\/\/dharmasangh.fr\/index.php?rest_route=\/wp\/v2\/pages\/4642\/revisions"}],"predecessor-version":[{"id":4664,"href":"https:\/\/dharmasangh.fr\/index.php?rest_route=\/wp\/v2\/pages\/4642\/revisions\/4664"}],"up":[{"embeddable":true,"href":"https:\/\/dharmasangh.fr\/index.php?rest_route=\/wp\/v2\/pages\/1601"}],"wp:attachment":[{"href":"https:\/\/dharmasangh.fr\/index.php?rest_route=%2Fwp%2Fv2%2Fmedia&parent=4642"}],"curies":[{"name":"wp","href":"https:\/\/api.w.org\/{rel}","templated":true}]}}