{"id":4976,"date":"2017-08-07T12:41:20","date_gmt":"2017-08-07T11:41:20","guid":{"rendered":"http:\/\/dharmasangh.fr\/?page_id=4976"},"modified":"2022-02-05T11:12:52","modified_gmt":"2022-02-05T10:12:52","slug":"108-noms-k%e1%b9%9b%e1%b9%a3%e1%b9%87a","status":"publish","type":"page","link":"https:\/\/dharmasangh.fr\/?page_id=4976","title":{"rendered":"108 noms-K\u1e5b\u1e63\u1e47a"},"content":{"rendered":"<p style=\"text-align: center;\"><img loading=\"lazy\" decoding=\"async\" class=\"alignleft  wp-image-4977\" src=\"http:\/\/dharmasangh.fr\/wp-content\/uploads\/2017\/08\/108-noms-de-Krishna-1.jpg\" alt=\"108 noms de Krishna-1\" width=\"801\" height=\"1132\" srcset=\"https:\/\/dharmasangh.fr\/wp-content\/uploads\/2017\/08\/108-noms-de-Krishna-1.jpg 1654w, https:\/\/dharmasangh.fr\/wp-content\/uploads\/2017\/08\/108-noms-de-Krishna-1-212x300.jpg 212w, https:\/\/dharmasangh.fr\/wp-content\/uploads\/2017\/08\/108-noms-de-Krishna-1-724x1024.jpg 724w\" sizes=\"auto, (max-width: 801px) 100vw, 801px\" \/><a href=\"http:\/\/dharmasangh.fr\/wp-content\/uploads\/2017\/08\/108-noms-de-Krishna-22.jpg\"><img loading=\"lazy\" decoding=\"async\" class=\"wp-image-4984 alignleft\" src=\"http:\/\/dharmasangh.fr\/wp-content\/uploads\/2017\/08\/108-noms-de-Krishna-22.jpg\" alt=\"108 noms de Krishna-2\" width=\"798\" height=\"1033\" srcset=\"https:\/\/dharmasangh.fr\/wp-content\/uploads\/2017\/08\/108-noms-de-Krishna-22.jpg 1654w, https:\/\/dharmasangh.fr\/wp-content\/uploads\/2017\/08\/108-noms-de-Krishna-22-231x300.jpg 231w\" sizes=\"auto, (max-width: 798px) 100vw, 798px\" \/><\/a><a href=\"http:\/\/dharmasangh.fr\/wp-content\/uploads\/2017\/08\/108-noms-de-Krishna-32.jpg\"><img loading=\"lazy\" decoding=\"async\" class=\"alignleft  wp-image-4986\" src=\"http:\/\/dharmasangh.fr\/wp-content\/uploads\/2017\/08\/108-noms-de-Krishna-32.jpg\" alt=\"108 noms de Krishna-3\" width=\"796\" height=\"279\" srcset=\"https:\/\/dharmasangh.fr\/wp-content\/uploads\/2017\/08\/108-noms-de-Krishna-32.jpg 1644w, https:\/\/dharmasangh.fr\/wp-content\/uploads\/2017\/08\/108-noms-de-Krishna-32-300x105.jpg 300w, https:\/\/dharmasangh.fr\/wp-content\/uploads\/2017\/08\/108-noms-de-Krishna-32-1024x358.jpg 1024w\" sizes=\"auto, (max-width: 796px) 100vw, 796px\" \/><\/a><a href=\"http:\/\/editionsshastri.com\/produit\/sri-krisna-calisa-hymnes-dedies-au-dieu-krishna\/\">\u00a0<\/a><strong><a href=\"http:\/\/editionsshastri.com\/produit\/sri-krisna-calisa-hymnes-dedies-au-dieu-krishna\/\">Aux \u00c9ditions SHASTRI <\/a><\/strong><\/p>\n<p style=\"text-align: center;\"><strong><a href=\"http:\/\/editionsshastri.com\/produit\/sri-krisna-calisa-hymnes-dedies-au-dieu-krishna\/\"><em>\u015a<\/em>r\u012b Kr\u1e63\u1e47a Calisa<\/a><\/strong><\/p>\n","protected":false},"excerpt":{"rendered":"<p>\u00a0Aux \u00c9ditions SHASTRI \u015ar\u012b Kr\u1e63\u1e47a Calisa<\/p>\n","protected":false},"author":1,"featured_media":0,"parent":3180,"menu_order":0,"comment_status":"closed","ping_status":"closed","template":"","meta":{"footnotes":""},"class_list":["post-4976","page","type-page","status-publish","hentry"],"_links":{"self":[{"href":"https:\/\/dharmasangh.fr\/index.php?rest_route=\/wp\/v2\/pages\/4976","targetHints":{"allow":["GET"]}}],"collection":[{"href":"https:\/\/dharmasangh.fr\/index.php?rest_route=\/wp\/v2\/pages"}],"about":[{"href":"https:\/\/dharmasangh.fr\/index.php?rest_route=\/wp\/v2\/types\/page"}],"author":[{"embeddable":true,"href":"https:\/\/dharmasangh.fr\/index.php?rest_route=\/wp\/v2\/users\/1"}],"replies":[{"embeddable":true,"href":"https:\/\/dharmasangh.fr\/index.php?rest_route=%2Fwp%2Fv2%2Fcomments&post=4976"}],"version-history":[{"count":9,"href":"https:\/\/dharmasangh.fr\/index.php?rest_route=\/wp\/v2\/pages\/4976\/revisions"}],"predecessor-version":[{"id":5042,"href":"https:\/\/dharmasangh.fr\/index.php?rest_route=\/wp\/v2\/pages\/4976\/revisions\/5042"}],"up":[{"embeddable":true,"href":"https:\/\/dharmasangh.fr\/index.php?rest_route=\/wp\/v2\/pages\/3180"}],"wp:attachment":[{"href":"https:\/\/dharmasangh.fr\/index.php?rest_route=%2Fwp%2Fv2%2Fmedia&parent=4976"}],"curies":[{"name":"wp","href":"https:\/\/api.w.org\/{rel}","templated":true}]}}