{"id":5025,"date":"2017-08-12T12:16:26","date_gmt":"2017-08-12T11:16:26","guid":{"rendered":"http:\/\/dharmasangh.fr\/?page_id=5025"},"modified":"2020-08-04T19:23:43","modified_gmt":"2020-08-04T18:23:43","slug":"kr%e1%b9%a3%e1%b9%87a-mantras","status":"publish","type":"page","link":"https:\/\/dharmasangh.fr\/?page_id=5025","title":{"rendered":"Kr\u1e63\u1e47a Mantras"},"content":{"rendered":"<p><em><a href=\"http:\/\/dharmasangh.fr\/wp-content\/uploads\/2017\/08\/kRISHNA-ARATI-MANTRA-page-001.jpg\"><img loading=\"lazy\" decoding=\"async\" class=\"alignleft wp-image-5026\" src=\"http:\/\/dharmasangh.fr\/wp-content\/uploads\/2017\/08\/kRISHNA-ARATI-MANTRA-page-001.jpg\" alt=\"kRISHNA ARATI MANTRA-page-001\" width=\"641\" height=\"907\" \/><\/a><\/em><a href=\"http:\/\/editionsshastri.com\/produit\/sri-krisna-calisa-hymnes-dedies-au-dieu-krishna\/\" target=\"_blank\">\u00a0<\/a><\/p>\n<p>&nbsp;<\/p>\n<p>&nbsp;<\/p>\n<p>&nbsp;<\/p>\n<p>&nbsp;<\/p>\n<p>&nbsp;<\/p>\n<p>&nbsp;<\/p>\n<p><a href=\"http:\/\/editionsshastri.com\/produit\/sri-krisna-calisa-hymnes-dedies-au-dieu-krishna\/\" target=\"_blank\"><span style=\"color: #993300;\"><strong>Aux \u00c9ditions SHASTRI<\/strong><\/span><\/a><\/p>\n<p><a href=\"http:\/\/editionsshastri.com\/produit\/sri-krisna-calisa-hymnes-dedies-au-dieu-krishna\/\" target=\"_blank\"><span style=\"color: #993300;\"><strong><em>\u015a<\/em>r\u012b Kr\u1e63\u1e47a Calisa<\/strong><\/span><\/a><\/p>\n","protected":false},"excerpt":{"rendered":"<p>\u00a0 &nbsp; &nbsp; &nbsp; &nbsp; &nbsp; &nbsp; Aux \u00c9ditions SHASTRI \u015ar\u012b Kr\u1e63\u1e47a Calisa<\/p>\n","protected":false},"author":3,"featured_media":0,"parent":3178,"menu_order":0,"comment_status":"closed","ping_status":"closed","template":"","meta":{"footnotes":""},"class_list":["post-5025","page","type-page","status-publish","hentry"],"_links":{"self":[{"href":"https:\/\/dharmasangh.fr\/index.php?rest_route=\/wp\/v2\/pages\/5025","targetHints":{"allow":["GET"]}}],"collection":[{"href":"https:\/\/dharmasangh.fr\/index.php?rest_route=\/wp\/v2\/pages"}],"about":[{"href":"https:\/\/dharmasangh.fr\/index.php?rest_route=\/wp\/v2\/types\/page"}],"author":[{"embeddable":true,"href":"https:\/\/dharmasangh.fr\/index.php?rest_route=\/wp\/v2\/users\/3"}],"replies":[{"embeddable":true,"href":"https:\/\/dharmasangh.fr\/index.php?rest_route=%2Fwp%2Fv2%2Fcomments&post=5025"}],"version-history":[{"count":6,"href":"https:\/\/dharmasangh.fr\/index.php?rest_route=\/wp\/v2\/pages\/5025\/revisions"}],"predecessor-version":[{"id":6264,"href":"https:\/\/dharmasangh.fr\/index.php?rest_route=\/wp\/v2\/pages\/5025\/revisions\/6264"}],"up":[{"embeddable":true,"href":"https:\/\/dharmasangh.fr\/index.php?rest_route=\/wp\/v2\/pages\/3178"}],"wp:attachment":[{"href":"https:\/\/dharmasangh.fr\/index.php?rest_route=%2Fwp%2Fv2%2Fmedia&parent=5025"}],"curies":[{"name":"wp","href":"https:\/\/api.w.org\/{rel}","templated":true}]}}