{"id":5223,"date":"2018-07-28T14:18:01","date_gmt":"2018-07-28T13:18:01","guid":{"rendered":"http:\/\/dharmasangh.fr\/?page_id=5223"},"modified":"2025-07-10T14:26:51","modified_gmt":"2025-07-10T13:26:51","slug":"siva-shravana-mois-consacre-a-siva","status":"publish","type":"page","link":"https:\/\/dharmasangh.fr\/?page_id=5223","title":{"rendered":"\u015aiva \u015br\u0101va\u1e47a &#8211; Le mois consacr\u00e9 \u00e0 \u015aiva"},"content":{"rendered":"\n<figure class=\"wp-block-image is-resized\"><img loading=\"lazy\" decoding=\"async\" width=\"652\" height=\"1024\" src=\"https:\/\/dharmasangh.fr\/wp-content\/uploads\/2023\/07\/shiva20sravana20texte202023-page-001-2-652x1024.jpg\" alt=\"\" class=\"wp-image-6961\" style=\"width:580px;height:910px\" srcset=\"https:\/\/dharmasangh.fr\/wp-content\/uploads\/2023\/07\/shiva20sravana20texte202023-page-001-2-652x1024.jpg 652w, https:\/\/dharmasangh.fr\/wp-content\/uploads\/2023\/07\/shiva20sravana20texte202023-page-001-2-191x300.jpg 191w, https:\/\/dharmasangh.fr\/wp-content\/uploads\/2023\/07\/shiva20sravana20texte202023-page-001-2-768x1206.jpg 768w, https:\/\/dharmasangh.fr\/wp-content\/uploads\/2023\/07\/shiva20sravana20texte202023-page-001-2.jpg 1025w\" sizes=\"auto, (max-width: 652px) 100vw, 652px\" \/><\/figure>\n\n\n\n<figure class=\"wp-block-image\"><img loading=\"lazy\" decoding=\"async\" width=\"610\" height=\"1024\" src=\"https:\/\/dharmasangh.fr\/wp-content\/uploads\/2023\/07\/shiva20sravana20texte202023-page-002-2-610x1024.jpg\" alt=\"\" class=\"wp-image-6962\" srcset=\"https:\/\/dharmasangh.fr\/wp-content\/uploads\/2023\/07\/shiva20sravana20texte202023-page-002-2-610x1024.jpg 610w, https:\/\/dharmasangh.fr\/wp-content\/uploads\/2023\/07\/shiva20sravana20texte202023-page-002-2-179x300.jpg 179w, https:\/\/dharmasangh.fr\/wp-content\/uploads\/2023\/07\/shiva20sravana20texte202023-page-002-2-768x1288.jpg 768w, https:\/\/dharmasangh.fr\/wp-content\/uploads\/2023\/07\/shiva20sravana20texte202023-page-002-2.jpg 989w\" sizes=\"auto, (max-width: 610px) 100vw, 610px\" \/><\/figure>\n\n\n\n<figure class=\"wp-block-image\"><img loading=\"lazy\" decoding=\"async\" width=\"596\" height=\"1024\" src=\"https:\/\/dharmasangh.fr\/wp-content\/uploads\/2023\/07\/shiva20sravana20texte202023-page-003-4-596x1024.jpg\" alt=\"\" class=\"wp-image-6963\" srcset=\"https:\/\/dharmasangh.fr\/wp-content\/uploads\/2023\/07\/shiva20sravana20texte202023-page-003-4-596x1024.jpg 596w, https:\/\/dharmasangh.fr\/wp-content\/uploads\/2023\/07\/shiva20sravana20texte202023-page-003-4-175x300.jpg 175w, https:\/\/dharmasangh.fr\/wp-content\/uploads\/2023\/07\/shiva20sravana20texte202023-page-003-4-768x1319.jpg 768w, https:\/\/dharmasangh.fr\/wp-content\/uploads\/2023\/07\/shiva20sravana20texte202023-page-003-4.jpg 958w\" sizes=\"auto, (max-width: 596px) 100vw, 596px\" \/><\/figure>\n\n\n<div class=\"wp-block-image\">\n<figure class=\"alignleft size-large is-resized\"><a href=\"https:\/\/dharmasangh.fr\/wp-content\/uploads\/2025\/07\/SHRAVANA-2024-TEXTE-A-CHANGER-page-001.jpg\"><img loading=\"lazy\" decoding=\"async\" width=\"724\" height=\"1024\" src=\"https:\/\/dharmasangh.fr\/wp-content\/uploads\/2025\/07\/SHRAVANA-2024-TEXTE-A-CHANGER-page-001-724x1024.jpg\" alt=\"\" class=\"wp-image-7710\" style=\"width:794px;height:auto\" srcset=\"https:\/\/dharmasangh.fr\/wp-content\/uploads\/2025\/07\/SHRAVANA-2024-TEXTE-A-CHANGER-page-001-724x1024.jpg 724w, https:\/\/dharmasangh.fr\/wp-content\/uploads\/2025\/07\/SHRAVANA-2024-TEXTE-A-CHANGER-page-001-212x300.jpg 212w, https:\/\/dharmasangh.fr\/wp-content\/uploads\/2025\/07\/SHRAVANA-2024-TEXTE-A-CHANGER-page-001-768x1086.jpg 768w, https:\/\/dharmasangh.fr\/wp-content\/uploads\/2025\/07\/SHRAVANA-2024-TEXTE-A-CHANGER-page-001-1086x1536.jpg 1086w, https:\/\/dharmasangh.fr\/wp-content\/uploads\/2025\/07\/SHRAVANA-2024-TEXTE-A-CHANGER-page-001.jpg 1240w\" sizes=\"auto, (max-width: 724px) 100vw, 724px\" \/><\/a><\/figure><\/div>\n\n\n<figure class=\"wp-block-image\"><img loading=\"lazy\" decoding=\"async\" width=\"606\" height=\"1024\" src=\"https:\/\/dharmasangh.fr\/wp-content\/uploads\/2023\/07\/shiva20sravana20texte202023-page-006-1-606x1024.jpg\" alt=\"\" class=\"wp-image-6966\" srcset=\"https:\/\/dharmasangh.fr\/wp-content\/uploads\/2023\/07\/shiva20sravana20texte202023-page-006-1-606x1024.jpg 606w, https:\/\/dharmasangh.fr\/wp-content\/uploads\/2023\/07\/shiva20sravana20texte202023-page-006-1-177x300.jpg 177w, https:\/\/dharmasangh.fr\/wp-content\/uploads\/2023\/07\/shiva20sravana20texte202023-page-006-1-768x1298.jpg 768w, https:\/\/dharmasangh.fr\/wp-content\/uploads\/2023\/07\/shiva20sravana20texte202023-page-006-1.jpg 975w\" sizes=\"auto, (max-width: 606px) 100vw, 606px\" \/><\/figure>\n\n\n\n<figure class=\"wp-block-image is-resized\"><img loading=\"lazy\" decoding=\"async\" width=\"975\" height=\"1008\" src=\"https:\/\/dharmasangh.fr\/wp-content\/uploads\/2023\/07\/shiva20sravana20texte202023-page-007-1.jpg\" alt=\"\" class=\"wp-image-6967\" style=\"width:571px;height:auto\" srcset=\"https:\/\/dharmasangh.fr\/wp-content\/uploads\/2023\/07\/shiva20sravana20texte202023-page-007-1.jpg 975w, https:\/\/dharmasangh.fr\/wp-content\/uploads\/2023\/07\/shiva20sravana20texte202023-page-007-1-290x300.jpg 290w, https:\/\/dharmasangh.fr\/wp-content\/uploads\/2023\/07\/shiva20sravana20texte202023-page-007-1-768x794.jpg 768w\" sizes=\"auto, (max-width: 975px) 100vw, 975px\" \/><\/figure>\n\n\n<h3 style=\"text-align: center;\"><strong>&nbsp;&nbsp;<\/strong><\/h3>\n<\/p>\n\n\n<figure class=\"wp-block-image\"><img loading=\"lazy\" decoding=\"async\" width=\"724\" height=\"1024\" src=\"https:\/\/dharmasangh.fr\/wp-content\/uploads\/2022\/07\/shiva-sravana-texte-2022-page-006-1-724x1024.jpg\" alt=\"\" class=\"wp-image-6708\" srcset=\"https:\/\/dharmasangh.fr\/wp-content\/uploads\/2022\/07\/shiva-sravana-texte-2022-page-006-1-724x1024.jpg 724w, https:\/\/dharmasangh.fr\/wp-content\/uploads\/2022\/07\/shiva-sravana-texte-2022-page-006-1-212x300.jpg 212w, https:\/\/dharmasangh.fr\/wp-content\/uploads\/2022\/07\/shiva-sravana-texte-2022-page-006-1-768x1086.jpg 768w, https:\/\/dharmasangh.fr\/wp-content\/uploads\/2022\/07\/shiva-sravana-texte-2022-page-006-1.jpg 1240w\" sizes=\"auto, (max-width: 724px) 100vw, 724px\" \/><\/figure>\n","protected":false},"excerpt":{"rendered":"<p>&nbsp;&nbsp;<\/p>\n","protected":false},"author":1,"featured_media":0,"parent":1601,"menu_order":0,"comment_status":"closed","ping_status":"closed","template":"","meta":{"footnotes":""},"class_list":["post-5223","page","type-page","status-publish","hentry"],"_links":{"self":[{"href":"https:\/\/dharmasangh.fr\/index.php?rest_route=\/wp\/v2\/pages\/5223","targetHints":{"allow":["GET"]}}],"collection":[{"href":"https:\/\/dharmasangh.fr\/index.php?rest_route=\/wp\/v2\/pages"}],"about":[{"href":"https:\/\/dharmasangh.fr\/index.php?rest_route=\/wp\/v2\/types\/page"}],"author":[{"embeddable":true,"href":"https:\/\/dharmasangh.fr\/index.php?rest_route=\/wp\/v2\/users\/1"}],"replies":[{"embeddable":true,"href":"https:\/\/dharmasangh.fr\/index.php?rest_route=%2Fwp%2Fv2%2Fcomments&post=5223"}],"version-history":[{"count":35,"href":"https:\/\/dharmasangh.fr\/index.php?rest_route=\/wp\/v2\/pages\/5223\/revisions"}],"predecessor-version":[{"id":7712,"href":"https:\/\/dharmasangh.fr\/index.php?rest_route=\/wp\/v2\/pages\/5223\/revisions\/7712"}],"up":[{"embeddable":true,"href":"https:\/\/dharmasangh.fr\/index.php?rest_route=\/wp\/v2\/pages\/1601"}],"wp:attachment":[{"href":"https:\/\/dharmasangh.fr\/index.php?rest_route=%2Fwp%2Fv2%2Fmedia&parent=5223"}],"curies":[{"name":"wp","href":"https:\/\/api.w.org\/{rel}","templated":true}]}}