{"id":5514,"date":"2024-02-27T19:40:15","date_gmt":"2024-02-27T18:40:15","guid":{"rendered":"http:\/\/dharmasangh.fr\/?page_id=5514"},"modified":"2026-02-13T01:15:37","modified_gmt":"2026-02-13T00:15:37","slug":"mah%e1%be%b1sivar%e1%be%b1tri-le-dieu-siva","status":"publish","type":"page","link":"https:\/\/dharmasangh.fr\/?page_id=5514","title":{"rendered":"MAH\u1fb9\u015aIVAR\u1fb9TR\u012a : V\u00c9N\u00c9RATION DE \u015aIVA"},"content":{"rendered":"\n<p class=\"has-text-align-center has-vivid-cyan-blue-color has-text-color has-large-font-size\">DIMANCHE 15 F\u00c9VRIER 2026<br><strong> ~nuit du 15 au 16 f\u00e9vrier<\/strong> ~<\/p>\n\n\n<div class=\"wp-block-image\">\n<figure class=\"aligncenter is-resized\"><img loading=\"lazy\" decoding=\"async\" width=\"175\" height=\"200\" src=\"https:\/\/dharmasangh.fr\/wp-content\/uploads\/2023\/02\/235724.jpg\" alt=\"\" class=\"wp-image-6881\" style=\"aspect-ratio:0.876;width:104px;height:auto\"\/><\/figure><\/div>\n\n\n<figure class=\"wp-block-image\"><img loading=\"lazy\" decoding=\"async\" width=\"1024\" height=\"744\" src=\"https:\/\/dharmasangh.fr\/wp-content\/uploads\/2023\/02\/MAHASHIVARATRI-2023-page-001-1024x744.jpg\" alt=\"\" class=\"wp-image-6882\" srcset=\"https:\/\/dharmasangh.fr\/wp-content\/uploads\/2023\/02\/MAHASHIVARATRI-2023-page-001-1024x744.jpg 1024w, https:\/\/dharmasangh.fr\/wp-content\/uploads\/2023\/02\/MAHASHIVARATRI-2023-page-001-300x218.jpg 300w, https:\/\/dharmasangh.fr\/wp-content\/uploads\/2023\/02\/MAHASHIVARATRI-2023-page-001-768x558.jpg 768w, https:\/\/dharmasangh.fr\/wp-content\/uploads\/2023\/02\/MAHASHIVARATRI-2023-page-001.jpg 1240w\" sizes=\"auto, (max-width: 1024px) 100vw, 1024px\" \/><\/figure>\n\n\n\n<figure class=\"wp-block-image\"><img loading=\"lazy\" decoding=\"async\" width=\"778\" height=\"1024\" src=\"https:\/\/dharmasangh.fr\/wp-content\/uploads\/2023\/02\/MAHASHIVARATRI-2023-page-002-778x1024.jpg\" alt=\"\" class=\"wp-image-6883\" srcset=\"https:\/\/dharmasangh.fr\/wp-content\/uploads\/2023\/02\/MAHASHIVARATRI-2023-page-002-778x1024.jpg 778w, https:\/\/dharmasangh.fr\/wp-content\/uploads\/2023\/02\/MAHASHIVARATRI-2023-page-002-228x300.jpg 228w, https:\/\/dharmasangh.fr\/wp-content\/uploads\/2023\/02\/MAHASHIVARATRI-2023-page-002-768x1011.jpg 768w, https:\/\/dharmasangh.fr\/wp-content\/uploads\/2023\/02\/MAHASHIVARATRI-2023-page-002.jpg 1240w\" sizes=\"auto, (max-width: 778px) 100vw, 778px\" \/><\/figure>\n\n\n\n<figure class=\"wp-block-image\"><img loading=\"lazy\" decoding=\"async\" width=\"795\" height=\"1024\" src=\"https:\/\/dharmasangh.fr\/wp-content\/uploads\/2023\/02\/MAHASHIVARATRI-2023-page-003-795x1024.jpg\" alt=\"\" class=\"wp-image-6884\" srcset=\"https:\/\/dharmasangh.fr\/wp-content\/uploads\/2023\/02\/MAHASHIVARATRI-2023-page-003-795x1024.jpg 795w, https:\/\/dharmasangh.fr\/wp-content\/uploads\/2023\/02\/MAHASHIVARATRI-2023-page-003-233x300.jpg 233w, https:\/\/dharmasangh.fr\/wp-content\/uploads\/2023\/02\/MAHASHIVARATRI-2023-page-003-768x990.jpg 768w, https:\/\/dharmasangh.fr\/wp-content\/uploads\/2023\/02\/MAHASHIVARATRI-2023-page-003.jpg 1240w\" sizes=\"auto, (max-width: 795px) 100vw, 795px\" \/><\/figure>\n\n\n\n<figure class=\"wp-block-image\"><img loading=\"lazy\" decoding=\"async\" width=\"811\" height=\"1024\" src=\"https:\/\/dharmasangh.fr\/wp-content\/uploads\/2023\/02\/MAHASHIVARATRI-2023-page-004-811x1024.jpg\" alt=\"\" class=\"wp-image-6885\" srcset=\"https:\/\/dharmasangh.fr\/wp-content\/uploads\/2023\/02\/MAHASHIVARATRI-2023-page-004-811x1024.jpg 811w, https:\/\/dharmasangh.fr\/wp-content\/uploads\/2023\/02\/MAHASHIVARATRI-2023-page-004-238x300.jpg 238w, https:\/\/dharmasangh.fr\/wp-content\/uploads\/2023\/02\/MAHASHIVARATRI-2023-page-004-768x970.jpg 768w, https:\/\/dharmasangh.fr\/wp-content\/uploads\/2023\/02\/MAHASHIVARATRI-2023-page-004.jpg 1240w\" sizes=\"auto, (max-width: 811px) 100vw, 811px\" \/><\/figure>\n\n\n\n<figure class=\"wp-block-image\"><img loading=\"lazy\" decoding=\"async\" width=\"815\" height=\"1024\" src=\"https:\/\/dharmasangh.fr\/wp-content\/uploads\/2023\/02\/MAHASHIVARATRI-2023-page-005-815x1024.jpg\" alt=\"\" class=\"wp-image-6886\" srcset=\"https:\/\/dharmasangh.fr\/wp-content\/uploads\/2023\/02\/MAHASHIVARATRI-2023-page-005-815x1024.jpg 815w, https:\/\/dharmasangh.fr\/wp-content\/uploads\/2023\/02\/MAHASHIVARATRI-2023-page-005-239x300.jpg 239w, https:\/\/dharmasangh.fr\/wp-content\/uploads\/2023\/02\/MAHASHIVARATRI-2023-page-005-768x965.jpg 768w, https:\/\/dharmasangh.fr\/wp-content\/uploads\/2023\/02\/MAHASHIVARATRI-2023-page-005.jpg 1240w\" sizes=\"auto, (max-width: 815px) 100vw, 815px\" \/><\/figure>\n\n\n\n<p><\/p>\n","protected":false},"excerpt":{"rendered":"<p>DIMANCHE 15 F\u00c9VRIER 2026 ~nuit du 15 au 16 f\u00e9vrier ~<\/p>\n","protected":false},"author":3,"featured_media":0,"parent":1601,"menu_order":0,"comment_status":"closed","ping_status":"closed","template":"","meta":{"footnotes":""},"class_list":["post-5514","page","type-page","status-publish","hentry"],"_links":{"self":[{"href":"https:\/\/dharmasangh.fr\/index.php?rest_route=\/wp\/v2\/pages\/5514","targetHints":{"allow":["GET"]}}],"collection":[{"href":"https:\/\/dharmasangh.fr\/index.php?rest_route=\/wp\/v2\/pages"}],"about":[{"href":"https:\/\/dharmasangh.fr\/index.php?rest_route=\/wp\/v2\/types\/page"}],"author":[{"embeddable":true,"href":"https:\/\/dharmasangh.fr\/index.php?rest_route=\/wp\/v2\/users\/3"}],"replies":[{"embeddable":true,"href":"https:\/\/dharmasangh.fr\/index.php?rest_route=%2Fwp%2Fv2%2Fcomments&post=5514"}],"version-history":[{"count":18,"href":"https:\/\/dharmasangh.fr\/index.php?rest_route=\/wp\/v2\/pages\/5514\/revisions"}],"predecessor-version":[{"id":7912,"href":"https:\/\/dharmasangh.fr\/index.php?rest_route=\/wp\/v2\/pages\/5514\/revisions\/7912"}],"up":[{"embeddable":true,"href":"https:\/\/dharmasangh.fr\/index.php?rest_route=\/wp\/v2\/pages\/1601"}],"wp:attachment":[{"href":"https:\/\/dharmasangh.fr\/index.php?rest_route=%2Fwp%2Fv2%2Fmedia&parent=5514"}],"curies":[{"name":"wp","href":"https:\/\/api.w.org\/{rel}","templated":true}]}}