{"id":5832,"date":"2019-09-26T00:09:08","date_gmt":"2019-09-25T23:09:08","guid":{"rendered":"http:\/\/dharmasangh.fr\/?page_id=5832"},"modified":"2019-09-26T21:55:30","modified_gmt":"2019-09-26T20:55:30","slug":"meditation-et-textes-sacres-le-ramayana","status":"publish","type":"page","link":"https:\/\/dharmasangh.fr\/?page_id=5832","title":{"rendered":"M\u00e9ditation et textes sacr\u00e9s : Le R\u0101m\u0101yana"},"content":{"rendered":"<p><a href=\"http:\/\/dharmasangh.fr\/wp-content\/uploads\/2015\/02\/INFO-COURS-MEDITATION-RENTREE-2019-2020-page-002.jpg\"><img loading=\"lazy\" decoding=\"async\" class=\"wp-image-5827 alignleft\" src=\"http:\/\/dharmasangh.fr\/wp-content\/uploads\/2015\/02\/INFO-COURS-MEDITATION-RENTREE-2019-2020-page-002.jpg\" alt=\"INFO COURS MEDITATION RENTREE 2019-2020-page-002\" width=\"598\" height=\"832\" srcset=\"https:\/\/dharmasangh.fr\/wp-content\/uploads\/2015\/02\/INFO-COURS-MEDITATION-RENTREE-2019-2020-page-002.jpg 833w, https:\/\/dharmasangh.fr\/wp-content\/uploads\/2015\/02\/INFO-COURS-MEDITATION-RENTREE-2019-2020-page-002-215x300.jpg 215w, https:\/\/dharmasangh.fr\/wp-content\/uploads\/2015\/02\/INFO-COURS-MEDITATION-RENTREE-2019-2020-page-002-735x1024.jpg 735w\" sizes=\"auto, (max-width: 598px) 100vw, 598px\" \/><\/a><\/p>\n","protected":false},"excerpt":{"rendered":"","protected":false},"author":3,"featured_media":0,"parent":682,"menu_order":0,"comment_status":"closed","ping_status":"closed","template":"","meta":{"footnotes":""},"class_list":["post-5832","page","type-page","status-publish","hentry"],"_links":{"self":[{"href":"https:\/\/dharmasangh.fr\/index.php?rest_route=\/wp\/v2\/pages\/5832","targetHints":{"allow":["GET"]}}],"collection":[{"href":"https:\/\/dharmasangh.fr\/index.php?rest_route=\/wp\/v2\/pages"}],"about":[{"href":"https:\/\/dharmasangh.fr\/index.php?rest_route=\/wp\/v2\/types\/page"}],"author":[{"embeddable":true,"href":"https:\/\/dharmasangh.fr\/index.php?rest_route=\/wp\/v2\/users\/3"}],"replies":[{"embeddable":true,"href":"https:\/\/dharmasangh.fr\/index.php?rest_route=%2Fwp%2Fv2%2Fcomments&post=5832"}],"version-history":[{"count":1,"href":"https:\/\/dharmasangh.fr\/index.php?rest_route=\/wp\/v2\/pages\/5832\/revisions"}],"predecessor-version":[{"id":5833,"href":"https:\/\/dharmasangh.fr\/index.php?rest_route=\/wp\/v2\/pages\/5832\/revisions\/5833"}],"up":[{"embeddable":true,"href":"https:\/\/dharmasangh.fr\/index.php?rest_route=\/wp\/v2\/pages\/682"}],"wp:attachment":[{"href":"https:\/\/dharmasangh.fr\/index.php?rest_route=%2Fwp%2Fv2%2Fmedia&parent=5832"}],"curies":[{"name":"wp","href":"https:\/\/api.w.org\/{rel}","templated":true}]}}