{"id":6196,"date":"2022-02-05T00:42:24","date_gmt":"2022-02-04T23:42:24","guid":{"rendered":"http:\/\/dharmasangh.fr\/?page_id=6196"},"modified":"2022-02-05T16:57:05","modified_gmt":"2022-02-05T15:57:05","slug":"priere-a-sarasvati","status":"publish","type":"page","link":"https:\/\/dharmasangh.fr\/?page_id=6196","title":{"rendered":"Pri\u00e8re \u00e0 Sarasvat\u012b"},"content":{"rendered":"\n<figure class=\"wp-block-image\"><img loading=\"lazy\" decoding=\"async\" width=\"724\" height=\"1024\" src=\"https:\/\/dharmasangh.fr\/wp-content\/uploads\/2022\/02\/Pri\u00e8re-\u00e0-Sarasvat\u00ee-page-001-3-1-724x1024.jpg\" alt=\"\" class=\"wp-image-6547\" srcset=\"https:\/\/dharmasangh.fr\/wp-content\/uploads\/2022\/02\/Pri\u00e8re-\u00e0-Sarasvat\u00ee-page-001-3-1-724x1024.jpg 724w, https:\/\/dharmasangh.fr\/wp-content\/uploads\/2022\/02\/Pri\u00e8re-\u00e0-Sarasvat\u00ee-page-001-3-1-212x300.jpg 212w, https:\/\/dharmasangh.fr\/wp-content\/uploads\/2022\/02\/Pri\u00e8re-\u00e0-Sarasvat\u00ee-page-001-3-1-768x1086.jpg 768w, https:\/\/dharmasangh.fr\/wp-content\/uploads\/2022\/02\/Pri\u00e8re-\u00e0-Sarasvat\u00ee-page-001-3-1.jpg 1240w\" sizes=\"auto, (max-width: 724px) 100vw, 724px\" \/><\/figure>\n","protected":false},"excerpt":{"rendered":"","protected":false},"author":3,"featured_media":0,"parent":2981,"menu_order":0,"comment_status":"closed","ping_status":"closed","template":"","meta":{"footnotes":""},"class_list":["post-6196","page","type-page","status-publish","hentry"],"_links":{"self":[{"href":"https:\/\/dharmasangh.fr\/index.php?rest_route=\/wp\/v2\/pages\/6196","targetHints":{"allow":["GET"]}}],"collection":[{"href":"https:\/\/dharmasangh.fr\/index.php?rest_route=\/wp\/v2\/pages"}],"about":[{"href":"https:\/\/dharmasangh.fr\/index.php?rest_route=\/wp\/v2\/types\/page"}],"author":[{"embeddable":true,"href":"https:\/\/dharmasangh.fr\/index.php?rest_route=\/wp\/v2\/users\/3"}],"replies":[{"embeddable":true,"href":"https:\/\/dharmasangh.fr\/index.php?rest_route=%2Fwp%2Fv2%2Fcomments&post=6196"}],"version-history":[{"count":5,"href":"https:\/\/dharmasangh.fr\/index.php?rest_route=\/wp\/v2\/pages\/6196\/revisions"}],"predecessor-version":[{"id":6548,"href":"https:\/\/dharmasangh.fr\/index.php?rest_route=\/wp\/v2\/pages\/6196\/revisions\/6548"}],"up":[{"embeddable":true,"href":"https:\/\/dharmasangh.fr\/index.php?rest_route=\/wp\/v2\/pages\/2981"}],"wp:attachment":[{"href":"https:\/\/dharmasangh.fr\/index.php?rest_route=%2Fwp%2Fv2%2Fmedia&parent=6196"}],"curies":[{"name":"wp","href":"https:\/\/api.w.org\/{rel}","templated":true}]}}