{"id":6242,"date":"2020-08-01T13:10:58","date_gmt":"2020-08-01T12:10:58","guid":{"rendered":"http:\/\/dharmasangh.fr\/?page_id=6242"},"modified":"2020-08-01T13:17:45","modified_gmt":"2020-08-01T12:17:45","slug":"vrat-observances-pour-ga%e1%b9%87esa-sanka%e1%b9%a3%e1%b9%adi-caturthi-et-ga%e1%b9%87esa-caturthi","status":"publish","type":"page","link":"https:\/\/dharmasangh.fr\/?page_id=6242","title":{"rendered":"Vrat &#8211; observances pour Ga\u1e47e\u015ba : Sanka\u1e63\u1e6d\u012b Caturth\u012b et Ga\u1e47e\u015ba Caturth\u012b"},"content":{"rendered":"<h3 style=\"text-align: center;\"><a href=\"http:\/\/dharmasangh.fr\/wp-content\/uploads\/2013\/10\/ganesh.gif\"><img loading=\"lazy\" decoding=\"async\" class=\"wp-image-1906 alignleft\" src=\"http:\/\/dharmasangh.fr\/wp-content\/uploads\/2013\/10\/ganesh.gif\" alt=\"ganesh\" width=\"188\" height=\"242\" \/><\/a><span style=\"color: #800000;\">Sanka\u1e63\u1e6d<\/span><span style=\"color: #800000;\">\u012b Caturth\u012b et Ga\u1e47e\u015ba Caturth\u012b<\/span><\/h3>\n<p>&nbsp;<\/p>\n<p style=\"text-align: justify;\">Le Calendrier ou Panchang hindou est dit lunaire car il est bas\u00e9 sur le cycle de la Lune dont les douze mois de l&rsquo;ann\u00e9e se composent :<\/p>\n<p style=\"text-align: justify;\">&#8211; <span style=\"text-decoration: underline;\">d&rsquo;une quinzaine claire<\/span> appel\u00e9e <em>\u015auklapak\u1e63a<\/em> se terminant par une Pleine Lune <em>Purnim\u0101 <\/em><\/p>\n<p style=\"text-align: justify;\">&#8211; <span style=\"text-decoration: underline;\">d&rsquo;une quinzaine sombre<\/span> appel\u00e9e <em>K\u1e5b\u1e63\u1e47apak\u1e63a <\/em>se terminant par une Nouvelle Lune <em>Am\u0101vasy\u0101<\/em>.<\/p>\n<p style=\"text-align: justify;\">Un mois lunaire commence le jour apr\u00e8s la Pleine Lune et se termine \u00e0 la prochaine Pleine Lune. Chaque moiti\u00e9 lunaire comprend quinze jours lunaires appel\u00e9s <em>tithi. <\/em><\/p>\n<p style=\"text-align: justify;\">Les observances religieuses et le je\u00fbne <em>vrat<\/em> consacr\u00e9s \u00e0 <em>Ga\u1e47e\u015ba<\/em> peuvent \u00eatre observ\u00e9s le mercredi, jour attribu\u00e9 \u00e0 ce Dieu. Mais il est pr\u00e9f\u00e9rable de les pratiquer le quatri\u00e8me jour <em>Caturth\u012b<\/em> de chaque quinzaine lunaire. En quinzaine claire, ce jour prend le nom de <em>Ga\u1e47e\u015ba caturth\u012b <\/em>(ou <em>Vin\u0101yaka caturth\u012b<\/em>) et prend effet d\u00e8s le matin pour s&rsquo;achever le lendemain matin. En quinzaine sombre, il prend le nom de <em>Sanka\u1e63\u1e6d\u012b Caturth\u012b<\/em> et s&rsquo;ach\u00e8ve le soir apr\u00e8s la<em> p\u016bj\u0101<\/em>, pratiqu\u00e9e au lev\u00e9 de la Lune.<\/p>\n<p>Le je\u00fbne pour Ganesha est de type <em>nir\u0101h\u0101ra<\/em> c&rsquo;est \u00e0 dire sans nourriture solide. Il est suivi dans le cadre d&rsquo;une <em>s\u0101dhan\u0101 <\/em>guid\u00e9e par le pr\u00eatre ou l&rsquo;astrologue, qui en fixe les modalit\u00e9s et la dur\u00e9e en fonction du but recherch\u00e9.<\/p>\n<p><em>\u00a0<\/em><\/p>\n","protected":false},"excerpt":{"rendered":"<p>Sanka\u1e63\u1e6d\u012b Caturth\u012b et Ga\u1e47e\u015ba Caturth\u012b &nbsp; Le Calendrier ou Panchang hindou est dit lunaire car il est bas\u00e9 sur le cycle de la Lune dont les douze mois de l&rsquo;ann\u00e9e se composent : &#8211; d&rsquo;une quinzaine claire appel\u00e9e \u015auklapak\u1e63a se terminant par une Pleine Lune Purnim\u0101 &#8211; d&rsquo;une quinzaine sombre appel\u00e9e K\u1e5b\u1e63\u1e47apak\u1e63a se terminant par <a href=\"https:\/\/dharmasangh.fr\/?page_id=6242\">Continue reading &#8594;<\/a><\/p>\n","protected":false},"author":3,"featured_media":0,"parent":1577,"menu_order":0,"comment_status":"closed","ping_status":"closed","template":"","meta":{"footnotes":""},"class_list":["post-6242","page","type-page","status-publish","hentry"],"_links":{"self":[{"href":"https:\/\/dharmasangh.fr\/index.php?rest_route=\/wp\/v2\/pages\/6242","targetHints":{"allow":["GET"]}}],"collection":[{"href":"https:\/\/dharmasangh.fr\/index.php?rest_route=\/wp\/v2\/pages"}],"about":[{"href":"https:\/\/dharmasangh.fr\/index.php?rest_route=\/wp\/v2\/types\/page"}],"author":[{"embeddable":true,"href":"https:\/\/dharmasangh.fr\/index.php?rest_route=\/wp\/v2\/users\/3"}],"replies":[{"embeddable":true,"href":"https:\/\/dharmasangh.fr\/index.php?rest_route=%2Fwp%2Fv2%2Fcomments&post=6242"}],"version-history":[{"count":7,"href":"https:\/\/dharmasangh.fr\/index.php?rest_route=\/wp\/v2\/pages\/6242\/revisions"}],"predecessor-version":[{"id":6250,"href":"https:\/\/dharmasangh.fr\/index.php?rest_route=\/wp\/v2\/pages\/6242\/revisions\/6250"}],"up":[{"embeddable":true,"href":"https:\/\/dharmasangh.fr\/index.php?rest_route=\/wp\/v2\/pages\/1577"}],"wp:attachment":[{"href":"https:\/\/dharmasangh.fr\/index.php?rest_route=%2Fwp%2Fv2%2Fmedia&parent=6242"}],"curies":[{"name":"wp","href":"https:\/\/api.w.org\/{rel}","templated":true}]}}