{"id":6627,"date":"2022-02-27T20:08:32","date_gmt":"2022-02-27T19:08:32","guid":{"rendered":"https:\/\/dharmasangh.fr\/?page_id=6627"},"modified":"2022-02-27T20:17:18","modified_gmt":"2022-02-27T19:17:18","slug":"siva-calisa","status":"publish","type":"page","link":"https:\/\/dharmasangh.fr\/?page_id=6627","title":{"rendered":"\u015aiva c\u0101l\u012bs\u0101"},"content":{"rendered":"\n<figure class=\"wp-block-image\"><img loading=\"lazy\" decoding=\"async\" width=\"724\" height=\"1024\" src=\"https:\/\/dharmasangh.fr\/wp-content\/uploads\/2022\/02\/shiva-calisa-roman-page-001-724x1024.jpg\" alt=\"\" class=\"wp-image-6628\" srcset=\"https:\/\/dharmasangh.fr\/wp-content\/uploads\/2022\/02\/shiva-calisa-roman-page-001-724x1024.jpg 724w, https:\/\/dharmasangh.fr\/wp-content\/uploads\/2022\/02\/shiva-calisa-roman-page-001-212x300.jpg 212w, https:\/\/dharmasangh.fr\/wp-content\/uploads\/2022\/02\/shiva-calisa-roman-page-001-768x1086.jpg 768w, https:\/\/dharmasangh.fr\/wp-content\/uploads\/2022\/02\/shiva-calisa-roman-page-001.jpg 1240w\" sizes=\"auto, (max-width: 724px) 100vw, 724px\" \/><\/figure>\n","protected":false},"excerpt":{"rendered":"","protected":false},"author":3,"featured_media":0,"parent":1149,"menu_order":0,"comment_status":"closed","ping_status":"closed","template":"","meta":{"footnotes":""},"class_list":["post-6627","page","type-page","status-publish","hentry"],"_links":{"self":[{"href":"https:\/\/dharmasangh.fr\/index.php?rest_route=\/wp\/v2\/pages\/6627","targetHints":{"allow":["GET"]}}],"collection":[{"href":"https:\/\/dharmasangh.fr\/index.php?rest_route=\/wp\/v2\/pages"}],"about":[{"href":"https:\/\/dharmasangh.fr\/index.php?rest_route=\/wp\/v2\/types\/page"}],"author":[{"embeddable":true,"href":"https:\/\/dharmasangh.fr\/index.php?rest_route=\/wp\/v2\/users\/3"}],"replies":[{"embeddable":true,"href":"https:\/\/dharmasangh.fr\/index.php?rest_route=%2Fwp%2Fv2%2Fcomments&post=6627"}],"version-history":[{"count":2,"href":"https:\/\/dharmasangh.fr\/index.php?rest_route=\/wp\/v2\/pages\/6627\/revisions"}],"predecessor-version":[{"id":6630,"href":"https:\/\/dharmasangh.fr\/index.php?rest_route=\/wp\/v2\/pages\/6627\/revisions\/6630"}],"up":[{"embeddable":true,"href":"https:\/\/dharmasangh.fr\/index.php?rest_route=\/wp\/v2\/pages\/1149"}],"wp:attachment":[{"href":"https:\/\/dharmasangh.fr\/index.php?rest_route=%2Fwp%2Fv2%2Fmedia&parent=6627"}],"curies":[{"name":"wp","href":"https:\/\/api.w.org\/{rel}","templated":true}]}}