{"id":6770,"date":"2022-10-15T18:45:55","date_gmt":"2022-10-15T17:45:55","guid":{"rendered":"https:\/\/dharmasangh.fr\/?page_id=6770"},"modified":"2022-10-15T18:58:16","modified_gmt":"2022-10-15T17:58:16","slug":"lak%e1%b9%a3mi-calisa-2","status":"publish","type":"page","link":"https:\/\/dharmasangh.fr\/?page_id=6770","title":{"rendered":"Lak\u1e63m\u012b c\u0101l\u012bs\u0101"},"content":{"rendered":"\n<figure class=\"wp-block-image\"><img loading=\"lazy\" decoding=\"async\" width=\"724\" height=\"1024\" src=\"https:\/\/dharmasangh.fr\/wp-content\/uploads\/2022\/10\/Lakshmi-calisa-non-devanagari-page-001-724x1024.jpg\" alt=\"\" class=\"wp-image-6772\" srcset=\"https:\/\/dharmasangh.fr\/wp-content\/uploads\/2022\/10\/Lakshmi-calisa-non-devanagari-page-001-724x1024.jpg 724w, https:\/\/dharmasangh.fr\/wp-content\/uploads\/2022\/10\/Lakshmi-calisa-non-devanagari-page-001-212x300.jpg 212w, https:\/\/dharmasangh.fr\/wp-content\/uploads\/2022\/10\/Lakshmi-calisa-non-devanagari-page-001-768x1086.jpg 768w, https:\/\/dharmasangh.fr\/wp-content\/uploads\/2022\/10\/Lakshmi-calisa-non-devanagari-page-001.jpg 1240w\" sizes=\"auto, (max-width: 724px) 100vw, 724px\" \/><\/figure>\n\n\n\n<figure class=\"wp-block-image\"><img loading=\"lazy\" decoding=\"async\" width=\"724\" height=\"1024\" src=\"https:\/\/dharmasangh.fr\/wp-content\/uploads\/2022\/10\/Lakshmi-calisa-non-devanagari-page-002-2-724x1024.jpg\" alt=\"\" class=\"wp-image-6773\" srcset=\"https:\/\/dharmasangh.fr\/wp-content\/uploads\/2022\/10\/Lakshmi-calisa-non-devanagari-page-002-2-724x1024.jpg 724w, https:\/\/dharmasangh.fr\/wp-content\/uploads\/2022\/10\/Lakshmi-calisa-non-devanagari-page-002-2-212x300.jpg 212w, https:\/\/dharmasangh.fr\/wp-content\/uploads\/2022\/10\/Lakshmi-calisa-non-devanagari-page-002-2-768x1086.jpg 768w, https:\/\/dharmasangh.fr\/wp-content\/uploads\/2022\/10\/Lakshmi-calisa-non-devanagari-page-002-2.jpg 1240w\" sizes=\"auto, (max-width: 724px) 100vw, 724px\" \/><\/figure>\n","protected":false},"excerpt":{"rendered":"","protected":false},"author":3,"featured_media":0,"parent":1149,"menu_order":0,"comment_status":"closed","ping_status":"closed","template":"","meta":{"footnotes":""},"class_list":["post-6770","page","type-page","status-publish","hentry"],"_links":{"self":[{"href":"https:\/\/dharmasangh.fr\/index.php?rest_route=\/wp\/v2\/pages\/6770","targetHints":{"allow":["GET"]}}],"collection":[{"href":"https:\/\/dharmasangh.fr\/index.php?rest_route=\/wp\/v2\/pages"}],"about":[{"href":"https:\/\/dharmasangh.fr\/index.php?rest_route=\/wp\/v2\/types\/page"}],"author":[{"embeddable":true,"href":"https:\/\/dharmasangh.fr\/index.php?rest_route=\/wp\/v2\/users\/3"}],"replies":[{"embeddable":true,"href":"https:\/\/dharmasangh.fr\/index.php?rest_route=%2Fwp%2Fv2%2Fcomments&post=6770"}],"version-history":[{"count":2,"href":"https:\/\/dharmasangh.fr\/index.php?rest_route=\/wp\/v2\/pages\/6770\/revisions"}],"predecessor-version":[{"id":6774,"href":"https:\/\/dharmasangh.fr\/index.php?rest_route=\/wp\/v2\/pages\/6770\/revisions\/6774"}],"up":[{"embeddable":true,"href":"https:\/\/dharmasangh.fr\/index.php?rest_route=\/wp\/v2\/pages\/1149"}],"wp:attachment":[{"href":"https:\/\/dharmasangh.fr\/index.php?rest_route=%2Fwp%2Fv2%2Fmedia&parent=6770"}],"curies":[{"name":"wp","href":"https:\/\/api.w.org\/{rel}","templated":true}]}}