{"id":6841,"date":"2023-01-23T22:46:54","date_gmt":"2023-01-23T21:46:54","guid":{"rendered":"https:\/\/dharmasangh.fr\/?page_id=6841"},"modified":"2023-01-23T22:55:44","modified_gmt":"2023-01-23T21:55:44","slug":"gupta-navaratri","status":"publish","type":"page","link":"https:\/\/dharmasangh.fr\/?page_id=6841","title":{"rendered":"Gupta Navar\u0101tr\u012b"},"content":{"rendered":"\n<p>En dehors des<em> Vasant Navar\u0101tr\u012b  <\/em>c\u00e9l\u00e9br\u00e9es au mois de <em>Caitra<\/em> (au printemps) et des  \u015a<em>arada Navar\u0101tr\u012b  <\/em>au mois de d&rsquo;<em>\u1fb9\u015bvina<\/em> (en automne), deux autres Navaratri sont suivies par les d\u00e9vots de <em>Durg\u0101<\/em> . Elles sont appel\u00e9es les <em>Gupta Navar\u0101tr\u012b <\/em>\u00ab\u00a0les N<em>avar\u0101tr\u012b <\/em>cach\u00e9es\u00a0\u00bb.  Elles sont suivies de mani\u00e8re occulte et c\u00e9l\u00e9br\u00e9es par les adeptes du tantrisme dans le but d&rsquo;obtenir des r\u00e9sultats tangibles par la v\u00e9n\u00e9ration de la D\u00e9esse<em> Durg\u0101<\/em>  et des dix <em>Mah\u0101vidy\u0101<\/em>, les dix grandes \u00e9nergies de connaissance. <\/p>\n\n\n\n<p style=\"text-align:center\" class=\"has-text-color has-background has-very-dark-gray-color has-very-light-gray-background-color\"><strong>Gupta Navar\u0101tr\u012b du mois de Magha 2023<\/strong><br>du dimanche 22 au lundi 30 janvier 2023<\/p>\n\n\n\n<p style=\"text-align:center\" class=\"has-text-color has-background has-very-dark-gray-color has-very-light-gray-background-color\"><strong>Gutpa Navaratri du mois d&rsquo;Asadha<\/strong><br>du lundi 19 juin au mardi 27 juin 2023<\/p>\n","protected":false},"excerpt":{"rendered":"<p>En dehors des Vasant Navar\u0101tr\u012b c\u00e9l\u00e9br\u00e9es au mois de Caitra (au printemps) et des \u015aarada Navar\u0101tr\u012b au mois de d&rsquo;\u1fb9\u015bvina (en automne), deux autres Navaratri sont suivies par les d\u00e9vots de Durg\u0101 . Elles sont appel\u00e9es les Gupta Navar\u0101tr\u012b \u00ab\u00a0les Navar\u0101tr\u012b cach\u00e9es\u00a0\u00bb. Elles sont suivies de mani\u00e8re occulte et c\u00e9l\u00e9br\u00e9es par les adeptes du tantrisme <a href=\"https:\/\/dharmasangh.fr\/?page_id=6841\">Continue reading &#8594;<\/a><\/p>\n","protected":false},"author":3,"featured_media":0,"parent":1601,"menu_order":0,"comment_status":"closed","ping_status":"closed","template":"","meta":{"footnotes":""},"class_list":["post-6841","page","type-page","status-publish","hentry"],"_links":{"self":[{"href":"https:\/\/dharmasangh.fr\/index.php?rest_route=\/wp\/v2\/pages\/6841","targetHints":{"allow":["GET"]}}],"collection":[{"href":"https:\/\/dharmasangh.fr\/index.php?rest_route=\/wp\/v2\/pages"}],"about":[{"href":"https:\/\/dharmasangh.fr\/index.php?rest_route=\/wp\/v2\/types\/page"}],"author":[{"embeddable":true,"href":"https:\/\/dharmasangh.fr\/index.php?rest_route=\/wp\/v2\/users\/3"}],"replies":[{"embeddable":true,"href":"https:\/\/dharmasangh.fr\/index.php?rest_route=%2Fwp%2Fv2%2Fcomments&post=6841"}],"version-history":[{"count":4,"href":"https:\/\/dharmasangh.fr\/index.php?rest_route=\/wp\/v2\/pages\/6841\/revisions"}],"predecessor-version":[{"id":6845,"href":"https:\/\/dharmasangh.fr\/index.php?rest_route=\/wp\/v2\/pages\/6841\/revisions\/6845"}],"up":[{"embeddable":true,"href":"https:\/\/dharmasangh.fr\/index.php?rest_route=\/wp\/v2\/pages\/1601"}],"wp:attachment":[{"href":"https:\/\/dharmasangh.fr\/index.php?rest_route=%2Fwp%2Fv2%2Fmedia&parent=6841"}],"curies":[{"name":"wp","href":"https:\/\/api.w.org\/{rel}","templated":true}]}}